{"id":345,"date":"2023-12-03T19:34:47","date_gmt":"2023-12-03T16:34:47","guid":{"rendered":"https:\/\/gonzo-quest.info\/?page_id=345"},"modified":"2023-12-03T19:34:47","modified_gmt":"2023-12-03T16:34:47","slug":"download","status":"publish","type":"page","link":"https:\/\/gonzo-quest.info\/tr\/download\/","title":{"rendered":"Gonzo&#039;s Quest&#039;i \u0130ndirin"},"content":{"rendered":"<p>Gonzo&#039;s Quest&#039;i Android cihazlar i\u00e7in \u00f6zel olarak tasarlanm\u0131\u015f bir mobil uygulamada indirip oynayabilirsiniz. Yaz\u0131l\u0131m\u0131 indirmek i\u00e7in ihtiyac\u0131n\u0131z olacak:<\/p>\n\n\n\n<ol class=\"wp-block-list\">\n<li>\u0130\u015fletim sisteminin oyun hizmetine gidin - Google Play Market.<\/li>\n\n\n\n<li>Arama \u00e7ubu\u011funa yuvan\u0131n ad\u0131n\u0131 girin.<\/li>\n\n\n\n<li>Uygulamay\u0131 indirin.<\/li>\n<\/ol>\n\n\n\n<p>Daha sonra geriye kalan tek \u015fey program\u0131 y\u00fcklemektir. \u0130\u015flem iki dakikadan fazla s\u00fcrmez ancak ba\u011flant\u0131n\u0131n kalitesi d\u00fc\u015f\u00fckse daha uzun s\u00fcrebilir. Kullan\u0131c\u0131n\u0131n atmas\u0131 gereken son ad\u0131m, program\u0131 ba\u015flatmak ve oyunu ba\u015flatmakt\u0131r.<\/p>\n\n\n<h2 class=\"wp-block-heading\" id=\"%25d0%25ba%25d0%25b0%25d0%25ba-%25d1%2581%25d0%25ba%25d0%25b0%25d1%2587%25d0%25b0%25d1%2582%25d1%258c-gonzos-quest-%25d0%25bd%25d0%25b0-%25d0%25b0%25d0%25bd%25d0%25b4%25d1%2580%25d0%25be%25d0%25b8%25d0%25b4\">Gonzo&#039;s Quest&#039;i Android&#039;e nas\u0131l indirebilirim?<\/h2>\n\n\n<p>Slotu Play Market&#039;te bulamazsan\u0131z ba\u015fka bir indirme y\u00f6ntemi kullanabilirsiniz. Bunu yapmak i\u00e7in ihtiyac\u0131n\u0131z olan:<\/p>\n\n\n\n<ol class=\"wp-block-list\">\n<li>APK dosyas\u0131n\u0131n bulundu\u011fu g\u00fcvenilir bir kaynak web sitesine gidin.<\/li>\n\n\n\n<li>Dosya y\u00fckleme.<\/li>\n\n\n\n<li>Uygulamay\u0131 y\u00fckle.<\/li>\n<\/ol>\n\n\n\n<p>\u00dc\u00e7\u00fcnc\u00fc ad\u0131m\u0131 ger\u00e7ekle\u015ftirmeden \u00f6nce g\u00fcvenlik ayarlar\u0131n\u0131n devre d\u0131\u015f\u0131 b\u0131rak\u0131lmas\u0131 \u00f6nerilir. Aksi takdirde sistem, \u00fc\u00e7\u00fcnc\u00fc taraf bir kaynaktan indirilen yaz\u0131l\u0131m\u0131 y\u00fcklemenize izin vermez. Bu, ana cihaz ayarlar\u0131nda yap\u0131labilir.<\/p>\n\n\n<h2 class=\"wp-block-heading\" id=\"%25d0%25ba%25d0%25b0%25d0%25ba-%25d1%2581%25d0%25ba%25d0%25b0%25d1%2587%25d0%25b0%25d1%2582%25d1%258c-gonzos-quest-%25d0%25bd%25d0%25b0-ios\">Gonzo&#039;s Quest&#039;i iOS&#039;a nas\u0131l indirebilirim?<\/h2>\n\n\n<p>Gonzo&#039;s quest mobil uygulamas\u0131n\u0131 Apple cihazlar\u0131na indirmek de herhangi bir sorun ya\u015fatm\u0131yor. Yaz\u0131l\u0131m\u0131 AppStore&#039;dan veya video slot uygulamas\u0131 i\u00e7in kurulum paketleri olan ba\u015fka bir g\u00fcvenilir kaynaktan indirebilirsiniz. Burada sadece program\u0131n boyutunun ve indirme s\u00fcresinin cihaz\u0131n \u00f6zelliklerine ve ba\u011flant\u0131 h\u0131z\u0131na ba\u011fl\u0131 olarak de\u011fi\u015febilece\u011fini unutmamak gerekir.<\/p>\n\n\n<h2 class=\"wp-block-heading\" id=\"%25d0%25b3%25d0%25b4%25d0%25b5-%25d0%25bb%25d1%2583%25d1%2587%25d1%2588%25d0%25b5-%25d1%2581%25d0%25ba%25d0%25b0%25d1%2587%25d0%25b0%25d1%2582%25d1%258c-gonzos-quest\">Gonzo&#039;s Quest&#039;i indirmek i\u00e7in en iyi yer neresi?<\/h2>\n\n\n<p>Gonzo&#039;nun aray\u0131\u015f\u0131 mobil uygulamas\u0131n\u0131 indirmek i\u00e7in en iyi kaynaklar, i\u015fletim sistemlerinin oyun hizmetleridir. Android i\u00e7in bu Google Play Market, iPhone i\u00e7in ise AppStore&#039;dur. Her iki se\u00e7enek de y\u00fcksek kaliteli ve g\u00fcvenli yaz\u0131l\u0131m uygulad\u0131klar\u0131 i\u00e7in en g\u00fcvenilir olarak kabul edilir.<\/p>\n\n\n\n<p>Elbette uygulamay\u0131 indirebilece\u011finiz ba\u015fka kaynaklar da var. Daha do\u011frusu APK uzant\u0131l\u0131 bir kurulum dosyas\u0131. Uygulamay\u0131 daha sonra kurabilmeniz i\u00e7in indirmeden \u00f6nce i\u015fletim sistemini se\u00e7meniz ve cihazdaki g\u00fcvenlik ayarlar\u0131n\u0131 kontrol etmeniz gerekmektedir.<\/p>\n\n\n\n<figure class=\"wp-block-table\"><table><thead><tr><td>Kaynak<\/td><td>Avantajlar\u0131<\/td><td>Kusurlar<\/td><\/tr><\/thead><tbody><tr><td>Google Play Pazar\u0131<\/td><td>Kan\u0131tlanm\u0131\u015f yaz\u0131l\u0131ma sahip hizmet, k\u00f6t\u00fc ama\u00e7l\u0131 yaz\u0131l\u0131mlar\u0131n indirilmesini ortadan kald\u0131r\u0131r<\/td><td>Gonzo&#039;s quest video slotu, kumar kul\u00fcplerinin faaliyetlerinin yasak oldu\u011fu baz\u0131 b\u00f6lgelerde oyun hizmetinde g\u00f6r\u00fcnmeyebilir<\/td><\/tr><tr><td>Uygulama ma\u011fazas\u0131<\/td><td>\u0130\u015fletim sistemine zarar vermeyecek, g\u00fcvenilir ve emniyetli uygulamalara sahip bir hizmet<\/td><td>Gonzo&#039;s quest video slotu, kumar kul\u00fcplerinin faaliyetlerinin yasak oldu\u011fu baz\u0131 b\u00f6lgelerde oyun hizmetinde g\u00f6r\u00fcnmeyebilir<\/td><\/tr><tr><td>\u00dc\u00e7\u00fcnc\u00fc Taraf Web Siteleri<\/td><td>Pop\u00fcler oyunun geni\u015f bir versiyon yelpazesini sunuyorlar<\/td><td>K\u00f6t\u00fc ama\u00e7l\u0131 yaz\u0131l\u0131m indirme olas\u0131l\u0131\u011f\u0131 y\u00fcksek<\/td><\/tr><\/tbody><\/table><\/figure>\n\n\n\n<p>Se\u00e7ilen indirme y\u00f6ntemi ne olursa olsun, uygulamay\u0131 kurup ba\u015flatt\u0131ktan sonra kullan\u0131c\u0131, oyunu t\u00fcm ihti\u015fam\u0131yla deneyimleyebilecek ve ger\u00e7ek parayla oynamaya ba\u015flayabilecektir.<\/p>\n\n\n\n<p><strong>Gonzo&#039;s Quest&#039;i telefonunuza nas\u0131l y\u00fcklersiniz?<\/strong><\/p>\n\n\n\n<p>Gonzo&#039;s Quest mobil uygulamas\u0131n\u0131n geli\u015ftirici NetEnt&#039;ten indirilmesi, oyun hizmetleri veya \u00fc\u00e7\u00fcnc\u00fc taraf kaynaklar\u0131n kullan\u0131lmas\u0131 yoluyla ger\u00e7ekle\u015ftirilir. Casino m\u00fc\u015fterileri ayr\u0131ca istenen video slotuna eri\u015fim sa\u011flayacak olan kumar kul\u00fcb\u00fc yaz\u0131l\u0131m\u0131n\u0131 da indirebilirler.<\/p>\n\n\n\n<p>Uygulamay\u0131 indirmeden \u00f6nce yaz\u0131l\u0131m\u0131n kurulabilece\u011finden emin olmak i\u00e7in i\u015fletim sisteminin \u00f6zelliklerini kontrol etmeniz \u00f6nerilir. Ayr\u0131ca telefonunuzun veya di\u011fer cihaz\u0131n\u0131z\u0131n program\u0131 y\u00fcklemek i\u00e7in yeterli haf\u0131zaya sahip oldu\u011fundan emin olman\u0131z \u00f6nerilir.<\/p>\n\n\n\n<p><strong>Gonzo&#039;s Quest iPhone&#039;a nas\u0131l y\u00fcklenir<\/strong><\/p>\n\n\n\n<p>Gonzo&#039;s Quest&#039;i iOS cihazlar\u0131na y\u00fcklemek birka\u00e7 ad\u0131mdan olu\u015fur:<\/p>\n\n\n\n<ol class=\"wp-block-list\">\n<li>Kullan\u0131c\u0131 uygulamay\u0131 bir oyun hizmetinden veya \u00fc\u00e7\u00fcnc\u00fc taraf kaynaktan indirir.<\/li>\n\n\n\n<li>Kurulum dosyas\u0131n\u0131 ba\u015flat\u0131r.<\/li>\n\n\n\n<li>Program\u0131n kurulmas\u0131 bekleniyor.<\/li>\n\n\n\n<li>Simgesi masa\u00fcst\u00fcnde g\u00f6r\u00fcnen oyunu ba\u015flat\u0131r.<\/li>\n<\/ol>\n\n\n\n<p>Bundan sonra tek yapmas\u0131 gereken, hesab\u0131na para y\u00fcklemek veya slotun demo versiyonunu ba\u015flatmakt\u0131r.<\/p>\n\n\n\n<p><strong>Gonzo&#039;s Quest&#039;i Windows&#039;a Nas\u0131l Y\u00fckleyebilirim?<\/strong><\/p>\n\n\n\n<p>Gonzo&#039;s Quest uygulamas\u0131n\u0131 bir bilgisayara veya Windows i\u015fletim sistemi \u00e7al\u0131\u015ft\u0131ran ba\u015fka bir cihaza da y\u00fckleyebilirsiniz. Bunu yapmak i\u00e7in, \u00f6ny\u00fckleme a\u015famas\u0131nda uygun i\u015fletim sistemini se\u00e7meniz gerekecektir. Daha sonra geriye kalan tek \u015fey program\u0131 kurup \u00e7al\u0131\u015ft\u0131rmakt\u0131r. Ayr\u0131ca, kumarhanenin veya NetEnt sa\u011flay\u0131c\u0131s\u0131n\u0131n m\u00fc\u015fterileri Gonzo Quest&#039;i herhangi bir taray\u0131c\u0131dan oynayabilir. Bu durumda ek bir \u015fey indirmenize gerek kalmayacakt\u0131r.<\/p>\n\n\n\n<p><strong>Gonzo Quest&#039;i oynaman\u0131n en iyi yolu ak\u0131ll\u0131 telefon veya masa\u00fcst\u00fc bilgisayardaki bir uygulama arac\u0131l\u0131\u011f\u0131yla<\/strong><\/p>\n\n\n\n<p>Gonzo&#039;s Quest&#039;i oynamak i\u00e7in cihazlar aras\u0131ndaki se\u00e7im \u00e7e\u015fitli fakt\u00f6rlere ba\u011fl\u0131d\u0131r. Bunlardan en \u00f6nemlisi kullan\u0131c\u0131n\u0131n ki\u015fisel tercihleridir. PC ve mobil cihazlar\u0131n sadece birka\u00e7 avantaj\u0131na dikkat \u00e7ekmeye de\u011fer. Telefonlarda ve tabletlerde oynaman\u0131n avantajlar\u0131 \u015funlard\u0131r:<\/p>\n\n\n\n<ul class=\"wp-block-list\">\n<li>hareketlilik;<\/li>\n\n\n\n<li>esneklik;<\/li>\n\n\n\n<li>Kullan\u0131m kolayl\u0131\u011f\u0131.<\/li>\n<\/ul>\n\n\n\n<p>Ba\u015fka bir deyi\u015fle, kullan\u0131c\u0131, a\u011fa eri\u015fim oldu\u011fu s\u00fcrece telefondan yuvay\u0131 istedi\u011fi zaman ve her yerde ba\u015flatabilir.<\/p>\n\n\n\n<p>Bilgisayardan oynaman\u0131n avantajlar\u0131 geni\u015f ekran, konforlu ko\u015fullar ve video slotunun h\u0131zl\u0131 y\u00fcklenmesidir. Bir yere gitmeniz veya ayr\u0131lman\u0131z gerekiyorsa, yuvay\u0131 diz\u00fcst\u00fc bilgisayar\u0131n\u0131zdan ba\u015flatabilirsiniz.<\/p>\n\n\n\n<p>Her iki se\u00e7enek de m\u00fckemmel seviyede oyun grafi\u011fine sahiptir. Bu nedenle Gonzo&#039;s Quest&#039;i oynaman\u0131n bir yolunu se\u00e7erken \u00f6ncelikle kendi konforunuzu ve duygular\u0131n\u0131z\u0131 dikkate alman\u0131z \u00f6nerilir.<\/p>\n\n\n<h2 class=\"wp-block-heading\" id=\"%25d1%2587%25d0%25b0%25d1%2581%25d1%2582%25d0%25be-%25d0%25b7%25d0%25b0%25d0%25b4%25d0%25b0%25d0%25b2%25d0%25b0%25d0%25b5%25d0%25bc%25d1%258b%25d0%25b5-%25d0%25b2%25d0%25be%25d0%25bf%25d1%2580%25d0%25be%25d1%2581%25d1%258b-%25d0%25bf%25d1%2580%25d0%25b8-%25d1%2581%25d0%25ba%25d0%25b0%25d1%2587%25d0%25b8%25d0%25b2%25d0%25b0\">Oyunu indirirken s\u0131k sorulan sorular<\/h2>\n\n\n<p><strong>Oyunu PC&#039;de oynamak i\u00e7in indirmem gerekiyor mu?<\/strong><\/p>\n\n\n\n<p>Evet, Gonzo&#039;s Quest&#039;i oynamak i\u00e7in oyunu indirmeniz gerekecek. Yaz\u0131l\u0131m\u0131 NetEnt geli\u015ftiricisinin resmi web sitesinden veya eri\u015fiminiz varsa herhangi bir g\u00fcvenilir platform arac\u0131l\u0131\u011f\u0131yla indirebilirsiniz. \u0130ndirmeden \u00f6nce, herkes yuvay\u0131 desteklemedi\u011finden, mobil cihaz\u0131n\u0131z\u0131n Windows s\u00fcr\u00fcm\u00fcn\u00fc veya ba\u015fka bir i\u015fletim sistemini kontrol etmeniz \u00f6nerilir.<\/p>\n\n\n\n<p><strong>Oyuna ba\u015flamak i\u00e7in minimum miktar nedir?<\/strong><\/p>\n\n\n\n<p>Gonzo&#039;s Quest&#039;teki minimum bahis 20 senttir. Bununla birlikte, baz\u0131 kumarhaneler minimum ayar\u0131 \u00f6rne\u011fin bahis ba\u015f\u0131na $10&#039;dan de\u011fi\u015ftirir.<\/p>\n\n\n\n<p><strong>Gonzo&#039;s Quest kazanc\u0131 nas\u0131l hesaplan\u0131r?<\/strong><\/p>\n\n\n\n<p>Kazanma miktar\u0131 aktif \u00e7izgi \u00fczerinde beliren sembollere g\u00f6re belirlenir. Ne kadar ayn\u0131 g\u00f6rseller ve kombinasyon ne kadar nadir olursa, miktar da o kadar b\u00fcy\u00fck olur. Bazen ekranda ek \u00e7arpanlar belirirse kazan\u00e7lar art\u0131r\u0131labilir.<\/p>\n\n\n\n<p><strong>Oyunun geli\u015ftiricisi kim<\/strong><\/p>\n\n\n\n<p>Gonzo&#039;s Quest slotu NetEnt taraf\u0131ndan geli\u015ftirildi. Bu, \u00e7evrimi\u00e7i kumarhaneler i\u00e7in \u00f6nde gelen kumar yaz\u0131l\u0131m\u0131 sa\u011flay\u0131c\u0131lar\u0131ndan biridir.<\/p>\n\n\n\n<p><strong>Gonzo Quest uygulamas\u0131n\u0131 iPhone veya iPad&#039;inize nas\u0131l y\u00fckleyebilirsiniz?<\/strong><\/p>\n\n\n\n<p>Slot makinesi bir iPhone veya iPad&#039;e kurulabilir. Bunu yapmak i\u00e7in AppStrore uygulama servisine gitmeniz, istedi\u011finiz uygulamay\u0131 indirmeniz ve ba\u015flatman\u0131z gerekir.<\/p>\n\n\n\n<p><strong>Telefondan oynamak uygun mu?<\/strong><\/p>\n\n\n\n<p>Geli\u015ftirici, uygulamay\u0131 mobil cihazlar i\u00e7in optimize ederek ak\u0131ll\u0131 telefonlardan, tabletlerden ve Android ve iOS \u00e7al\u0131\u015ft\u0131ran di\u011fer cihazlardan oynamay\u0131 m\u00fcmk\u00fcn k\u0131ld\u0131. Oyuncular internete eri\u015fimleri oldu\u011fu s\u00fcrece en sevdikleri maceralar\u0131n tad\u0131n\u0131 istedikleri zaman \u00e7\u0131karabilirler. Yaz\u0131l\u0131m\u0131, i\u015fletim sisteminin resmi web sitesinden veya oyun hizmetinden indirebilirsiniz: Android veya iOS. Oyun iki modda mevcuttur: \u00fccretli ve \u00fccretsiz.<\/p>","protected":false},"excerpt":{"rendered":"<p>\u0421\u043a\u0430\u0447\u0430\u0442\u044c Gonzo&#8217;s Quest \u0438 \u0438\u0433\u0440\u0430\u0442\u044c \u043c\u043e\u0436\u043d\u043e \u0432 \u043c\u043e\u0431\u0438\u043b\u044c\u043d\u043e\u043c \u043f\u0440\u0438\u043b\u043e\u0436\u0435\u043d\u0438\u0438, \u0440\u0430\u0437\u0440\u0430\u0431\u043e\u0442\u0430\u043d\u043d\u043e\u043c \u0441\u043f\u0435\u0446\u0438\u0430\u043b\u044c\u043d\u043e \u0434\u043b\u044f \u0443\u0441\u0442\u0440\u043e\u0439\u0441\u0442\u0432 \u0441 \u041e\u0421 Android. \u0414\u043b\u044f \u0437\u0430\u0433\u0440\u0443\u0437\u043a\u0438 \u041f\u041e \u043f\u043e\u0442\u0440\u0435\u0431\u0443\u0435\u0442\u0441\u044f: \u041f\u043e\u0441\u043b\u0435 \u043e\u0441\u0442\u0430\u043d\u0435\u0442\u0441\u044f \u0443\u0441\u0442\u0430\u043d\u043e\u0432\u0438\u0442\u044c \u043f\u0440\u043e\u0433\u0440\u0430\u043c\u043c\u0443. \u041f\u0440\u043e\u0446\u0435\u0434\u0443\u0440\u0430 \u0437\u0430\u0439\u043c\u0435\u0442 \u043d\u0435 \u0431\u043e\u043b\u0435\u0435 \u0434\u0432\u0443\u0445 \u043c\u0438\u043d\u0443\u0442, \u043d\u043e \u043c\u043e\u0436\u0435\u0442 \u0437\u0430\u0442\u044f\u043d\u0443\u0442\u044c\u0441\u044f \u043f\u0440\u0438 \u043f\u043b\u043e\u0445\u043e\u043c \u043a\u0430\u0447\u0435\u0441\u0442\u0432\u0435 \u0441\u043e\u0435\u0434\u0438\u043d\u0435\u043d\u0438\u044f. \u041f\u043e\u0441\u043b\u0435\u0434\u043d\u0438\u0439 \u0448\u0430\u0433, \u043a\u043e\u0442\u043e\u0440\u044b\u0439 \u043d\u0443\u0436\u043d\u043e \u0431\u0443\u0434\u0435\u0442 \u0441\u0434\u0435\u043b\u0430\u0442\u044c \u043f\u043e\u043b\u044c\u0437\u043e\u0432\u0430\u0442\u0435\u043b\u044e, &#8212; \u0437\u0430\u043f\u0443\u0441\u0442\u0438\u0442\u044c \u043f\u0440\u043e\u0433\u0440\u0430\u043c\u043c\u0443 \u0438 \u043d\u0430\u0447\u0430\u0442\u044c \u0438\u0433\u0440\u0443. \u041a\u0430\u043a \u0441\u043a\u0430\u0447\u0430\u0442\u044c Gonzo&#8217;s Quest \u043d\u0430&#8230;<\/p>","protected":false},"author":1,"featured_media":0,"parent":0,"menu_order":0,"comment_status":"closed","ping_status":"closed","template":"","meta":{"_kad_post_transparent":"","_kad_post_title":"","_kad_post_layout":"","_kad_post_sidebar_id":"","_kad_post_content_style":"","_kad_post_vertical_padding":"","_kad_post_feature":"","_kad_post_feature_position":"","_kad_post_header":false,"_kad_post_footer":false,"footnotes":""},"class_list":["post-345","page","type-page","status-publish","hentry"],"aioseo_notices":[],"_links":{"self":[{"href":"https:\/\/gonzo-quest.info\/tr\/wp-json\/wp\/v2\/pages\/345","targetHints":{"allow":["GET"]}}],"collection":[{"href":"https:\/\/gonzo-quest.info\/tr\/wp-json\/wp\/v2\/pages"}],"about":[{"href":"https:\/\/gonzo-quest.info\/tr\/wp-json\/wp\/v2\/types\/page"}],"author":[{"embeddable":true,"href":"https:\/\/gonzo-quest.info\/tr\/wp-json\/wp\/v2\/users\/1"}],"replies":[{"embeddable":true,"href":"https:\/\/gonzo-quest.info\/tr\/wp-json\/wp\/v2\/comments?post=345"}],"version-history":[{"count":3,"href":"https:\/\/gonzo-quest.info\/tr\/wp-json\/wp\/v2\/pages\/345\/revisions"}],"predecessor-version":[{"id":396,"href":"https:\/\/gonzo-quest.info\/tr\/wp-json\/wp\/v2\/pages\/345\/revisions\/396"}],"wp:attachment":[{"href":"https:\/\/gonzo-quest.info\/tr\/wp-json\/wp\/v2\/media?parent=345"}],"curies":[{"name":"wp","href":"https:\/\/api.w.org\/{rel}","templated":true}]}}