{"id":343,"date":"2023-12-03T19:22:35","date_gmt":"2023-12-03T16:22:35","guid":{"rendered":"https:\/\/gonzo-quest.info\/?page_id=343"},"modified":"2023-12-03T19:34:37","modified_gmt":"2023-12-03T16:34:37","slug":"casino","status":"publish","type":"page","link":"https:\/\/gonzo-quest.info\/tr\/casino\/","title":{"rendered":"Gonzo&#039;s Quest nerede oynan\u0131r?"},"content":{"rendered":"<h2 class=\"wp-block-heading\" id=\"%25d0%25ba%25d0%25b0%25d0%25ba%25d0%25be%25d0%25b5-%25d0%25ba%25d0%25b0%25d0%25b7%25d0%25b8%25d0%25bd%25d0%25be-%25d0%25bf%25d0%25be%25d0%25b4%25d1%2585%25d0%25be%25d0%25b4%25d0%25b8%25d1%2582-%25d0%25b4%25d0%25bb%25d1%258f-%25d0%25b8%25d0%25b3%25d1%2580%25d1%258b-gonzos-quest\">Gonzo&#039;nun g\u00f6revini oynamak i\u00e7in hangi kumarhane uygundur?<\/h2>\n\n\n<p>Slot makinesini ba\u015flatmadan \u00f6nce ge\u00e7meniz gereken \u00f6nemli noktalardan biri <a href=\"\/tr\/\" title=\"\">Gonzo&#039;nun aray\u0131\u015f\u0131<\/a>, \u2014 g\u00fcvenilir bir \u00e7evrimi\u00e7i kumarhane bulun. Bir platform se\u00e7erken yaln\u0131zca kendi zevklerinizi veya beklentilerinizi dikkate alman\u0131z de\u011fil, ayn\u0131 zamanda \u015funlar\u0131 da kontrol etmeniz \u00f6nerilir:<\/p>\n\n\n\n<ul class=\"wp-block-list\">\n<li>bir lisans\u0131n mevcudiyeti;<\/li>\n\n\n\n<li>incelemeler;<\/li>\n\n\n\n<li>incelemeler;<\/li>\n\n\n\n<li>mevcut \u00f6deme sistemleri;<\/li>\n\n\n\n<li>hesap yenileme ve para \u00e7ekme limitleri;<\/li>\n\n\n\n<li>ikramiyeler.<\/li>\n<\/ul>\n\n\n\n<p>Lisansa \u00f6zellikle dikkat edilmelidir. Bu, \u00e7evrimi\u00e7i bir kumarhanenin yasal i\u015fleyi\u015fini garanti eden \u00f6zel bir belgedir. Ba\u015fka bir deyi\u015fle lisans, kay\u0131tl\u0131 kullan\u0131c\u0131n\u0131n t\u00fcm haklar\u0131n\u0131n korundu\u011fu ve sitenin kendisinin hukuka uygun olarak faaliyet g\u00f6sterdi\u011fi anlam\u0131na gelir.<\/p>\n\n\n<h2 class=\"wp-block-heading\" id=\"%25d0%25b3%25d0%25b4%25d0%25b5-%25d0%25b8%25d0%25b3%25d1%2580%25d0%25b0%25d1%2582%25d1%258c-%25d0%25b2-gonzos-quest\">Gonzo&#039;nun g\u00f6revi nerede oynan\u0131r?<\/h2>\n\n\n<p>Bunun meydana geldi\u011fi bilinen bir\u00e7ok site var <a href=\"\/tr\/\" title=\"\">Gonzo&#039;nun aray\u0131\u015f\u0131 slot makinesi<\/a>. En pop\u00fcler ve g\u00fcvenilir olanlar aras\u0131nda:<\/p>\n\n\n\n<ol class=\"wp-block-list\">\n<li>\u0130\u011fnelemek. Ge\u00e7erli bir lisansa ve \u00e7ok \u00e7e\u015fitli slot makinelerine sahip \u00e7evrimi\u00e7i bir kumarhane. Avantajlar aras\u0131nda kullan\u0131c\u0131lar ayr\u0131ca hediye kazanmak i\u00e7in basit ko\u015fullar, uygun kay\u0131t ve y\u00fcksek kaliteli hizmet i\u00e7eren c\u00f6mert bir bonus program\u0131n\u0131 \u00f6ne \u00e7\u0131kar\u0131yor.<\/li>\n\n\n\n<li>1 galibiyet. Lisans alt\u0131nda faaliyet g\u00f6steren ve kullan\u0131c\u0131lara \u00f6nde gelen sa\u011flay\u0131c\u0131lardan slot makineleri sunan bir kumarhane. Gonzo&#039;nun NetEnt&#039;ten ald\u0131\u011f\u0131 g\u00f6rev dahil. Resmi web sitesinin avantajlar\u0131 aras\u0131nda basit ve sezgisel bir aray\u00fcz, para i\u015flemleri i\u00e7in \u00e7ok say\u0131da \u00f6deme sistemi ve h\u0131zl\u0131 \u00f6demeler yer al\u0131yor.<\/li>\n<\/ol>\n\n\n\n<p>Bunlar belki de Gonzo&#039;s Quest slot makinesine sahip en iyi kumarhanelerdir.<\/p>\n\n\n<h2 class=\"wp-block-heading\" id=\"%25d1%2582%25d0%25b0%25d0%25b1%25d0%25bb%25d0%25b8%25d1%2586%25d0%25b0-%25d1%2585%25d0%25b0%25d1%2580%25d0%25b0%25d0%25ba%25d1%2582%25d0%25b5%25d1%2580%25d0%25b8%25d1%2581%25d1%2582%25d0%25b8%25d0%25ba-%25d0%25b8%25d0%25b3%25d1%2580%25d1%258b-gonzos-quest\">Gonzo&#039;nun aray\u0131\u015f\u0131 oyununun \u00f6zellikleri tablosu<\/h2>\n\n\n<p>Gonzo&#039;s quest, parlak bir tasar\u0131ma ve net bir aray\u00fcze sahip bir macera slotudur. Oyun \u00f6zellikleri:<\/p>\n\n\n\n<ul class=\"wp-block-list\">\n<li>sa\u011flay\u0131c\u0131 \u2013 NetEnt;<\/li>\n\n\n\n<li>sat\u0131r say\u0131s\u0131 \u2013 3;<\/li>\n\n\n\n<li>f\u0131rsatlar - bedava d\u00f6n\u00fc\u015fler;<\/li>\n\n\n\n<li>aktif hat say\u0131s\u0131 \u2013 20;<\/li>\n\n\n\n<li>tema - tarih, hazineler;<\/li>\n\n\n\n<li>RTP-96%.<\/li>\n<\/ul>\n\n\n\n<p>Minimum bahis 20 sent, maksimum \u00e7arpan ise 2500&#039;d\u00fcr. Demo s\u00fcr\u00fcm\u00fcn\u00fc kullan\u0131rsan\u0131z slotu ger\u00e7ek parayla ve tamamen \u00fccretsiz olarak oynayabilirsiniz.<\/p>\n\n\n<h2 class=\"wp-block-heading\" id=\"%25d0%25ba%25d0%25b0%25d0%25ba-%25d0%25b2%25d1%258b%25d0%25b1%25d1%2580%25d0%25b0%25d1%2582%25d1%258c-%25d0%25bd%25d0%25b0%25d0%25b4%25d0%25b5%25d0%25b6%25d0%25bd%25d0%25be%25d0%25b5-%25d0%25ba%25d0%25b0%25d0%25b7%25d0%25b8%25d0%25bd%25d0%25be-%25d0%25b4%25d0%25bb%25d1%258f-%25d0%25b8%25d0%25b3%25d1%2580%25d1%258b-%25d0%25b2\">Gonzo aray\u0131\u015f\u0131 oynamak i\u00e7in g\u00fcvenilir bir kumarhane nas\u0131l se\u00e7ilir<\/h2>\n\n\n<p>Gonzo Quest&#039;i ger\u00e7ek parayla oynamaya ba\u015flamadan \u00f6nce dikkatlice bir kumarhane se\u00e7melisiniz. Hata yapmamak i\u00e7in, daha \u00f6nce de belirtildi\u011fi gibi, biri lisans olan birka\u00e7 fakt\u00f6r\u00fc g\u00f6z \u00f6n\u00fcnde bulundurmaya de\u011fer. G\u00fcvenli ve en \u00f6nemlisi adil oyunun garant\u00f6r\u00fc olan odur. Ayr\u0131ca kullan\u0131c\u0131lar\u0131n \u015funlara dikkat etmesi gerekir:<\/p>\n\n\n\n<ol class=\"wp-block-list\">\n<li>Oyunun ko\u015fullar\u0131. Bunlar bonus program\u0131n\u0131n limitlerini ve ko\u015fullar\u0131n\u0131 i\u00e7erir.<\/li>\n\n\n\n<li>Kumarhanenin itibar\u0131. Bunu di\u011fer kullan\u0131c\u0131lar\u0131n incelemelerinden veya incelemelerinden \u00f6\u011frenebilirsiniz. Bilgi internette mevcuttur.<\/li>\n\n\n\n<li>Menzil. G\u00fcvenilir kumarhanelerde tan\u0131nm\u0131\u015f sa\u011flay\u0131c\u0131lar\u0131n slotlar\u0131 bulunur. Bu, kumar kul\u00fcb\u00fc y\u00f6netiminin slot makinesi ayarlar\u0131na eri\u015fiminin olmamas\u0131n\u0131 sa\u011flar.<\/li>\n<\/ol>\n\n\n\n<p>\u00dc\u00e7 pop\u00fcler kumarhane \u00f6rne\u011fini kullanarak bunlar\u0131n g\u00fcvenilirli\u011fini analiz edebiliriz.<\/p>\n\n\n\n<figure class=\"wp-block-table\"><table><thead><tr><td>Kumarhane ad\u0131<\/td><td>Lisans\u0131n\u0131z var m\u0131?<\/td><td>Minimum para yat\u0131rma tutar\u0131, $<\/td><td>Minimum \u00f6deme tutar\u0131, $<\/td><td>Bonuslar<\/td><td>\u0130kmal y\u00f6ntemleri<\/td><td>Destek ki\u015fileri<\/td><\/tr><\/thead><tbody><tr><td>\u0130\u011fnelemek<\/td><td>Evet<\/td><td>10<\/td><td>10<\/td><td>Evet<\/td><td>Banka kredi ve banka kartlar\u0131; Elektronik c\u00fczdanlar; Elektronik \u00f6deme sistemleri<\/td><td>\u00c7evrimi\u00e7i sohbet, e-posta, cep telefonu<\/td><\/tr><tr><td>1 galibiyet<\/td><td>Evet<\/td><td>10<\/td><td>10<\/td><td>Evet<\/td><td>Banka kredi ve banka kartlar\u0131; Elektronik c\u00fczdanlar; Elektronik \u00f6deme sistemleri<\/td><td>\u00c7evrimi\u00e7i sohbet, e-posta, cep telefonu<\/td><\/tr><tr><td>Vavada<\/td><td>Evet<\/td><td>10<\/td><td>10<\/td><td>Evet<\/td><td>Banka kredi ve banka kartlar\u0131; Elektronik c\u00fczdanlar; Elektronik \u00f6deme sistemleri<\/td><td>\u00c7evrimi\u00e7i sohbet, e-posta, cep telefonu<\/td><\/tr><\/tbody><\/table><\/figure>\n\n\n\n<p>\u00d6nerileri takip edip be\u011fendi\u011finiz platform hakk\u0131nda gerekli bilgileri \u00f6nceden bulursan\u0131z kay\u0131t olup olmamaya h\u0131zl\u0131 bir \u015fekilde karar verebileceksiniz.<\/p>\n\n\n<h2 class=\"wp-block-heading\" id=\"%25d0%25b2%25d0%25be%25d0%25bf%25d1%2580%25d0%25be%25d1%2581%25d1%258b-%25d0%25b8-%25d0%25be%25d1%2582%25d0%25b2%25d0%25b5%25d1%2582%25d1%258b-%25d0%25bf%25d1%2580%25d0%25be-%25d0%25ba%25d0%25b0%25d0%25b7%25d0%25b8%25d0%25bd%25d0%25be\">Kumarhaneler hakk\u0131nda sorular ve cevaplar<\/h2>\n\n\n<p><strong>Bir kumarhaneyi se\u00e7mek i\u00e7in hangi parametreleri kullanmal\u0131s\u0131n\u0131z?<\/strong><\/p>\n\n\n\n<p>Gonzo&#039;nun aray\u0131\u015f\u0131na sahip bir kumarhane ararken, \u00e7e\u015fitli fakt\u00f6rleri g\u00f6z \u00f6n\u00fcnde bulundurman\u0131z gerekir: lisanstan slot makinelerinin \u00e7e\u015fitlili\u011fine, bonuslara ve bahis ko\u015fullar\u0131na kadar.<\/p>\n\n\n\n<p><strong>Maksimum \u00e7arpan nedir?<\/strong><\/p>\n\n\n\n<p>Gonzo&#039;nun g\u00f6revindeki maksimum \u00e7arpan 2500&#039;e ula\u015f\u0131r.<\/p>\n\n\n\n<p><strong>&quot;Otomatik toplama&quot; veya &quot;otomatik kald\u0131rma&quot; nedir?<\/strong><\/p>\n\n\n\n<p>Otomatik toplama veya otomatik para \u00e7ekme, ba\u015far\u0131l\u0131 bir d\u00f6nd\u00fcrme sonras\u0131nda kullan\u0131c\u0131n\u0131n kazan\u00e7lar\u0131n\u0131n otomatik olarak geri \u00e7ekildi\u011fi bir i\u015flevdir. Oyuncunun herhangi bir ek i\u015flem yapmas\u0131na gerek yoktur.<\/p>\n\n\n\n<p><strong>Neden iki bahis ayn\u0131 anda yap\u0131l\u0131yor?<\/strong><\/p>\n\n\n\n<p>\u0130ki bahis kazanma \u015fans\u0131n\u0131z\u0131 art\u0131r\u0131r. Oyuncular \u00e7e\u015fitli stratejiler kullan\u0131rken s\u0131kl\u0131kla bu se\u00e7ene\u011fe ba\u015fvuruyorlar.<\/p>\n\n\n\n<p><strong>Gonzo&#039;nun g\u00f6revini \u00fccretsiz oynamak m\u00fcmk\u00fcn m\u00fc?<\/strong><\/p>\n\n\n\n<p>Evet, slot makinesinde \u00fccretsiz oynaman\u0131za izin veren bir demo modu vard\u0131r. Gonzo&#039;nun g\u00f6revinin demo versiyonunun t\u00fcm pop\u00fcler kumarhanelerde mevcut oldu\u011funu belirtmekte fayda var.<\/p>\n\n\n\n<p><strong>Oyunu PC&#039;de oynamak i\u00e7in indirmem gerekiyor mu?<\/strong><\/p>\n\n\n\n<p>Hay\u0131r oyunu indirmenize gerek yok. \u00c7evrimi\u00e7i kumarhanenin resmi web sitesine giderek slotu herhangi bir taray\u0131c\u0131dan ba\u015flatabilirsiniz.<\/p>\n\n\n\n<p><strong>Maksimum gonzo aray\u0131\u015f\u0131 ikramiyesi nas\u0131l kazan\u0131l\u0131r?<\/strong><\/p>\n\n\n\n<p>Gonzo&#039;nun g\u00f6revinde maksimum miktar\u0131 kazanmak i\u00e7in aktif hatt\u0131n 5&#039;e kadar ayn\u0131 g\u00f6rseli toplamas\u0131 gerekiyor. Bu durumda bahis maksimum olmal\u0131d\u0131r.<\/p>\n\n\n\n<p><strong>Oynamaya ba\u015flamak i\u00e7in minimum miktar nedir?<\/strong><\/p>\n\n\n\n<p>Gonzo&#039;nun g\u00f6revindeki minimum bahis 20 senttir. Ancak farkl\u0131 casinolarda bu de\u011fer farkl\u0131l\u0131k g\u00f6sterebilir.<\/p>\n\n\n\n<p><strong>Komisyonsuz para nas\u0131l \u00e7ekilir?<\/strong><\/p>\n\n\n\n<p>Komisyonsuz para \u00e7ekme i\u015flemi, oyuncunun hesab\u0131 yenilemek i\u00e7in kulland\u0131\u011f\u0131 sistemle m\u00fcmk\u00fcnd\u00fcr. Ancak ba\u015fvuru yapmadan \u00f6nce casino politikas\u0131n\u0131 \u00f6\u011frenmelisiniz.<\/p>\n\n\n\n<p><strong>Gonzo&#039;nun macera kumarhanesinde nas\u0131l kazan\u0131l\u0131r?<\/strong><\/p>\n\n\n\n<p>Gonzo&#039;nun quest video slotu rastgele say\u0131 \u00fcreteci prensibiyle \u00e7al\u0131\u015f\u0131r, dolay\u0131s\u0131yla kazan\u00e7lar \u015fansa ve kullan\u0131c\u0131n\u0131n kulland\u0131\u011f\u0131 stratejiye ba\u011fl\u0131d\u0131r. Ger\u00e7ek parayla oynamaya ba\u015flamadan \u00f6nce demo s\u00fcr\u00fcm\u00fcn\u00fc denemeniz \u00f6nerilir.<\/p>\n\n\n<h2 class=\"wp-block-heading\" id=\"%25d0%25ba%25d0%25b0%25d0%25ba%25d0%25be%25d0%25b5-%25d0%25ba%25d0%25b0%25d0%25b7%25d0%25b8%25d0%25bd%25d0%25be-%25d0%25bb%25d1%2583%25d1%2587%25d1%2588%25d0%25b5-%25d0%25b2%25d1%2581%25d0%25b5%25d0%25b3%25d0%25be-%25d0%25bf%25d0%25be%25d0%25b4%25d1%2585%25d0%25be%25d0%25b4%25d0%25b8%25d1%2582-%25d0%25b4%25d0%25bb%25d1%258f\">Gonzo&#039;s Quest&#039;i oynamak i\u00e7in en iyi kumarhane hangisi?<\/h2>\n\n\n<p>Gonzo&#039;nun g\u00f6revini oynamak i\u00e7in en pop\u00fcler kumarhaneler Pin Up, 1 galibiyet ve Vavada&#039;d\u0131r. T\u00fcm platformlar resmi bir lisans alt\u0131nda \u00e7al\u0131\u015f\u0131r ve \u00e7evrimi\u00e7i olarak \u00e7ok say\u0131da olumlu ele\u015ftiriye sahiptir.<\/p>\n\n\n\n<p>Pin Up Casino, kullan\u0131c\u0131lara geni\u015f bir yelpazede bonuslar ve slot makineleri sunar; bunlar\u0131n \u00e7o\u011fu \u00fccretsiz bir s\u00fcr\u00fcm i\u00e7erir. Minimum depozito miktar\u0131 100 ruble. <\/p>\n\n\n\n<p>1win hem yeni ba\u015flayanlar hem de deneyimli oyuncular i\u00e7in uygundur. Resmi web sitesi 3.500&#039;den fazla slot ve di\u011fer kumar e\u011flencesini i\u00e7erir; bonus bahis ko\u015fullar\u0131 en sad\u0131k olanlardan biri olarak kabul edilir. Vavada, zengin oyun koleksiyonuna, cazip hediyelere ve sadakat program\u0131na sahip bir kumarhanedir.<\/p>","protected":false},"excerpt":{"rendered":"<p>\u041a\u0430\u043a\u043e\u0435 \u043a\u0430\u0437\u0438\u043d\u043e \u043f\u043e\u0434\u0445\u043e\u0434\u0438\u0442 \u0434\u043b\u044f \u0438\u0433\u0440\u044b Gonzo&#8217;s quest \u041e\u0434\u0438\u043d \u0438\u0437 \u0432\u0430\u0436\u043d\u044b\u0445 \u043f\u0443\u043d\u043a\u0442\u043e\u0432, \u043a\u043e\u0442\u043e\u0440\u044b\u0439 \u043d\u0443\u0436\u043d\u043e \u043f\u0440\u043e\u0439\u0442\u0438 \u043f\u0435\u0440\u0435\u0434 \u0437\u0430\u043f\u0443\u0441\u043a\u043e\u043c \u0438\u0433\u0440\u043e\u0432\u043e\u0433\u043e \u0430\u0432\u0442\u043e\u043c\u0430\u0442\u0430 Gonzo&#8217;s quest, &#8212; \u043d\u0430\u0439\u0442\u0438 \u043d\u0430\u0434\u0435\u0436\u043d\u043e\u0435 \u043e\u043d\u043b\u0430\u0439\u043d-\u043a\u0430\u0437\u0438\u043d\u043e. \u041f\u0440\u0438 \u0432\u044b\u0431\u043e\u0440\u0435 \u043f\u043b\u0430\u0442\u0444\u043e\u0440\u043c\u044b \u0440\u0435\u043a\u043e\u043c\u0435\u043d\u0434\u0443\u0435\u0442\u0441\u044f \u0443\u0447\u0438\u0442\u044b\u0432\u0430\u0442\u044c \u043d\u0435 \u0442\u043e\u043b\u044c\u043a\u043e \u0441\u043e\u0431\u0441\u0442\u0432\u0435\u043d\u043d\u044b\u0435 \u0432\u043a\u0443\u0441\u044b \u0438\u043b\u0438 \u043e\u0436\u0438\u0434\u0430\u043d\u0438\u044f, \u043d\u043e \u0442\u0430\u043a\u0436\u0435 \u043f\u0440\u043e\u0432\u0435\u0440\u0438\u0442\u044c: \u041e\u0441\u043e\u0431\u043e\u0435 \u0432\u043d\u0438\u043c\u0430\u043d\u0438\u0435 \u0441\u0442\u043e\u0438\u0442 \u0443\u0434\u0435\u043b\u0438\u0442\u044c \u043b\u0438\u0446\u0435\u043d\u0437\u0438\u0438. \u042d\u0442\u043e \u0441\u043f\u0435\u0446\u0438\u0430\u043b\u044c\u043d\u044b\u0439 \u0434\u043e\u043a\u0443\u043c\u0435\u043d\u0442, \u043a\u043e\u0442\u043e\u0440\u044b\u0439 \u0433\u0430\u0440\u0430\u043d\u0442\u0438\u0440\u0443\u0435\u0442 \u043b\u0435\u0433\u0430\u043b\u044c\u043d\u0443\u044e \u0434\u0435\u044f\u0442\u0435\u043b\u044c\u043d\u043e\u0441\u0442\u044c \u043e\u043d\u043b\u0430\u0439\u043d-\u043a\u0430\u0437\u0438\u043d\u043e. \u0414\u0440\u0443\u0433\u0438\u043c\u0438 \u0441\u043b\u043e\u0432\u0430\u043c\u0438, \u043b\u0438\u0446\u0435\u043d\u0437\u0438\u044f \u043e\u0437\u043d\u0430\u0447\u0430\u0435\u0442,&#8230;<\/p>","protected":false},"author":1,"featured_media":0,"parent":0,"menu_order":0,"comment_status":"closed","ping_status":"closed","template":"","meta":{"_kad_post_transparent":"","_kad_post_title":"","_kad_post_layout":"","_kad_post_sidebar_id":"","_kad_post_content_style":"","_kad_post_vertical_padding":"","_kad_post_feature":"","_kad_post_feature_position":"","_kad_post_header":false,"_kad_post_footer":false,"footnotes":""},"class_list":["post-343","page","type-page","status-publish","hentry"],"aioseo_notices":[],"_links":{"self":[{"href":"https:\/\/gonzo-quest.info\/tr\/wp-json\/wp\/v2\/pages\/343","targetHints":{"allow":["GET"]}}],"collection":[{"href":"https:\/\/gonzo-quest.info\/tr\/wp-json\/wp\/v2\/pages"}],"about":[{"href":"https:\/\/gonzo-quest.info\/tr\/wp-json\/wp\/v2\/types\/page"}],"author":[{"embeddable":true,"href":"https:\/\/gonzo-quest.info\/tr\/wp-json\/wp\/v2\/users\/1"}],"replies":[{"embeddable":true,"href":"https:\/\/gonzo-quest.info\/tr\/wp-json\/wp\/v2\/comments?post=343"}],"version-history":[{"count":5,"href":"https:\/\/gonzo-quest.info\/tr\/wp-json\/wp\/v2\/pages\/343\/revisions"}],"predecessor-version":[{"id":421,"href":"https:\/\/gonzo-quest.info\/tr\/wp-json\/wp\/v2\/pages\/343\/revisions\/421"}],"wp:attachment":[{"href":"https:\/\/gonzo-quest.info\/tr\/wp-json\/wp\/v2\/media?parent=343"}],"curies":[{"name":"wp","href":"https:\/\/api.w.org\/{rel}","templated":true}]}}