{"id":338,"date":"2023-12-03T19:34:42","date_gmt":"2023-12-03T16:34:42","guid":{"rendered":"https:\/\/gonzo-quest.info\/?page_id=338"},"modified":"2023-12-03T19:34:42","modified_gmt":"2023-12-03T16:34:42","slug":"demo","status":"publish","type":"page","link":"https:\/\/gonzo-quest.info\/tr\/demo\/","title":{"rendered":"Gonzo&#039;s Quest demosunu oyna"},"content":{"rendered":"<p>Bir\u00e7ok lisansl\u0131 \u00e7evrimi\u00e7i kumarhane, Gonzo&#039;s Quest&#039;i \u00fccretsiz demo oynama f\u0131rsat\u0131 sunar. Herhangi bir risk olmadan kendinizi oyuna kapt\u0131rman\u0131za olanak tan\u0131yan bir demo modu arac\u0131l\u0131\u011f\u0131yla uygulan\u0131r. Makineyi d\u00f6nd\u00fcrmeye ba\u015flamak i\u00e7in kullan\u0131c\u0131n\u0131n sisteme kaydolmas\u0131na bile gerek yoktur.<\/p>\n\n\n<div class=\"wp-block-image\">\n<figure class=\"aligncenter size-large is-resized\"><img loading=\"lazy\" decoding=\"async\" width=\"1024\" height=\"581\" src=\"https:\/\/gonzo-quest.info\/wp-content\/uploads\/2023\/12\/gonzo-quest-demo-min-1024x581.jpg\" alt=\"Gonzo&#039;s Quest demosu\" class=\"wp-image-388\" style=\"width:800px;height:auto\" srcset=\"https:\/\/gonzo-quest.info\/wp-content\/uploads\/2023\/12\/gonzo-quest-demo-min-1024x581.jpg 1024w, https:\/\/gonzo-quest.info\/wp-content\/uploads\/2023\/12\/gonzo-quest-demo-min-300x170.jpg 300w, https:\/\/gonzo-quest.info\/wp-content\/uploads\/2023\/12\/gonzo-quest-demo-min-768x436.jpg 768w, https:\/\/gonzo-quest.info\/wp-content\/uploads\/2023\/12\/gonzo-quest-demo-min-18x10.jpg 18w, https:\/\/gonzo-quest.info\/wp-content\/uploads\/2023\/12\/gonzo-quest-demo-min.jpg 1312w\" sizes=\"auto, (max-width: 1024px) 100vw, 1024px\" \/><\/figure>\n<\/div>\n\n<h2 class=\"wp-block-heading\" id=\"gonzos-quest-%25d0%25b4%25d0%25b5%25d0%25bc%25d0%25be-%25d0%25b8%25d0%25b3%25d1%2580%25d0%25b0\">Gonzo&#039;s Quest demo oyunu<\/h2>\n\n\n<p>Gonzo Quest&#039;in demo s\u00fcr\u00fcm\u00fcn\u00fc yaln\u0131zca g\u00fcvenilir sitelerde oynaman\u0131z tavsiye edilir. Bu nedenle, \u00f6nceden birka\u00e7 pop\u00fcler platformu se\u00e7meniz, bunlarla ilgili incelemeleri ve referanslar\u0131 okuman\u0131z ve \u00f6zelliklerini incelemeniz \u00f6nerilir. Ancak bu durumda oyunun ve hizmetin keyfini \u00e7\u0131karabileceksiniz. Bu, \u00f6zellikle oyuncunun daha sonra casino web sitesine kaydolmay\u0131 ve ger\u00e7ek parayla oynamak i\u00e7in hesab\u0131na y\u00fckleme yapmay\u0131 planlamas\u0131 durumunda ge\u00e7erlidir.<\/p>\n\n\n\n<p>\u015eimdi mod hakk\u0131nda daha fazla bilgi. Gonzo Quest&#039;in demo versiyonu, slot makinesinin \u00fccretsiz bir versiyonudur ve \u015funlar\u0131 yapabilirsiniz:<\/p>\n\n\n\n<ul class=\"wp-block-list\">\n<li>slotun i\u015flevlerini ke\u015ffedin;<\/li>\n\n\n\n<li>para yat\u0131rmadan bonuslarla tan\u0131\u015f\u0131n;<\/li>\n\n\n\n<li>Kazan\u00e7 elde etmek i\u00e7in farkl\u0131 stratejiler geli\u015ftirin.<\/li>\n<\/ul>\n\n\n\n<p>Ba\u015flat\u0131ld\u0131\u011f\u0131nda, kumarhanenin veya geli\u015ftiricinin sanal para birimi olan bir demo bakiyesi etkinle\u015ftirilir. Bu \u00e7\u00f6z\u00fcm slotu tan\u0131may\u0131 kolayla\u015ft\u0131r\u0131r. Demo versiyonu, kumar e\u011flencesi d\u00fcnyas\u0131n\u0131 yeni tan\u0131maya ba\u015flayanlar i\u00e7in uygundur.<\/p>\n\n\n\n<div class=\"wp-block-aioseo-table-of-contents\"><ul><li><a href=\"#aioseo-gonzos-quest\">Gonzo&#039;nun g\u00f6rev demosu nas\u0131l oynan\u0131r?<\/a><\/li><li><a href=\"#aioseo-gonzos-quest\">Gonzo&#039;s Quest&#039;in demo versiyonunun ayr\u0131nt\u0131l\u0131 incelemesi<\/a><\/li><li><a href=\"#aioseo-\">Gonzo&#039;s Quest Demo \u00d6zellikler Tablosu<\/a><\/li><li><a href=\"#aioseo-\">Demo modu oynarken pratik yapman\u0131za yard\u0131mc\u0131 olur<\/a><\/li><li><a href=\"#aioseo-gonzos-quest\">Gonzo&#039;s Quest&#039;te demo oyun nas\u0131l \u00e7al\u0131\u015f\u0131r?<\/a><\/li><li><a href=\"#aioseo-gonzos-quest\">Gonzo&#039;nun g\u00f6rev demo oyununa nas\u0131l girilir?<\/a><\/li><li><a href=\"#aioseo-gonzos-quest\">Gonzo&#039;s Quest demosu \u00e7evrimi\u00e7i veya \u00e7evrimd\u0131\u015f\u0131<\/a><\/li><li><a href=\"#aioseo-faq-gonzos-quest\">SSS: Gonzo&#039;nun g\u00f6rev demosu hakk\u0131nda s\u0131k sorulan sorular<\/a><\/li><li><a href=\"#aioseo-\">\u00c7\u00f6z\u00fcm<\/a><\/li><\/ul><\/div>\n\n\n<h2 class=\"wp-block-heading\" id=\"aioseo-gonzos-quest\">Gonzo&#039;nun g\u00f6rev demosu nas\u0131l oynan\u0131r?<\/h2>\n\n\n<p>Gonzo&#039;s Quest&#039;in demo versiyonu, kendi dengenizi korurken slot makinesinin t\u00fcm yeteneklerini &quot;deneme&quot; \u015fans\u0131d\u0131r. \u0130sterseniz profil kaydetmenize bile gerek yok. Slotu herhangi bir taray\u0131c\u0131dan ba\u015flatabilirsiniz; herhangi bir uygulama indirmenize gerek yoktur. Oyuncu demo bakiyesini kullanarak bahis yapar. Kazanman\u0131z durumunda geri \u00e7ekilmenin m\u00fcmk\u00fcn olmayaca\u011f\u0131n\u0131 hemen belirtmeliyiz.<\/p>\n\n\n\n<p>Peki Gonzo&#039;s Quest demosunu nas\u0131l oynars\u0131n\u0131z? Kullan\u0131c\u0131n\u0131n ihtiyac\u0131 var:<\/p>\n\n\n\n<ol class=\"wp-block-list\">\n<li>Demo modunu ba\u015flat\u0131n.<\/li>\n\n\n\n<li>Bahis boyutunu se\u00e7in.<\/li>\n\n\n\n<li>D\u00f6nd\u00fcrmeleri ba\u015flatmak i\u00e7in d\u00fc\u011fmeye t\u0131klay\u0131n.<\/li>\n<\/ol>\n\n\n\n<p>Daha sonra geriye kalan tek \u015fey ta\u015flar\u0131n oyun panelinin \u00fczerine u\u00e7up d\u00fc\u015fmesini izlemek. Ana ama\u00e7, aktif \u00e7izgi \u00fczerinde m\u00fcmk\u00fcn oldu\u011funca \u00e7ok say\u0131da ayn\u0131 sembol\u00fc toplamakt\u0131r. Bu s\u00fcre\u00e7te oyuncu ho\u015f bonuslar\u0131 ve di\u011fer slot makinesi se\u00e7eneklerini etkinle\u015ftirebilir.<\/p>\n\n\n<h2 class=\"wp-block-heading\" id=\"aioseo-gonzos-quest\">Gonzo&#039;s Quest&#039;in demo versiyonunun ayr\u0131nt\u0131l\u0131 incelemesi<\/h2>\n\n\n<p>Gonzo Quest&#039;in demo versiyonu, slotun t\u00fcm \u00f6zelliklerini \u00fccretsiz olarak ke\u015ffetmek ve de\u011ferlendirmek i\u00e7in m\u00fckemmel bir f\u0131rsatt\u0131r. Kullan\u0131c\u0131, demo modu arac\u0131l\u0131\u011f\u0131yla, d\u00f6nen ta\u015flar\u0131n mekani\u011fini &quot;denecek&quot; ve kazan\u00e7lar\u0131 art\u0131rmak i\u00e7in \u00fccretsiz d\u00f6nd\u00fcrmeleri ve \u00e7e\u015fitli \u00e7arpanlar\u0131 etkinle\u015ftirebilecektir.<\/p>\n\n\n\n<p>Avalanche, slotun standart spinlerden farkl\u0131 olan \u00f6zelliklerinden biridir. Ekrandaki semboller yukar\u0131dan a\u015fa\u011f\u0131ya do\u011fru d\u00fc\u015ferek kombinasyonlar olu\u015fturur. Ba\u015far\u0131l\u0131 olursa, ayn\u0131 g\u00f6r\u00fcnt\u00fcler kaybolur ve yerlerine yeni g\u00f6r\u00fcnt\u00fcler d\u00fc\u015ferek ba\u015fka bir kombinasyon toplaman\u0131za olanak tan\u0131r.<\/p>\n\n\n<h2 class=\"wp-block-heading\" id=\"aioseo-\">Gonzo&#039;s Quest Demo \u00d6zellikler Tablosu<\/h2>\n\n\n<figure class=\"wp-block-table\"><table><thead><tr><td><strong>Demo s\u00fcr\u00fcm\u00fcn\u00fcn faydalar\u0131<\/strong><\/td><td><strong>Demo versiyonunun dezavantajlar\u0131<\/strong><\/td><\/tr><\/thead><tbody><tr><td>Hesab\u0131n\u0131z\u0131n yenilenmesini ve hatta kaydolmay\u0131 gerektirmeyen \u00fccretsiz bir oyun<\/td><td>Oyun sanal kredilerle oynan\u0131r, kazan\u00e7lar \u00e7ekilmez<\/td><\/tr><tr><td>Oyunun t\u00fcm \u00f6zelliklerini denemek i\u00e7in harika bir \u015fans<\/td><td>Oyun sahte parayla oynand\u0131\u011f\u0131 i\u00e7in heyecan\u0131 hissetmenize izin vermiyor<\/td><\/tr><tr><td>Demoyu oynamak i\u00e7in slotu indirmenize gerek yok<\/td><td>Demo versiyonundaki fonksiyonlar\u0131n k\u00fc\u00e7\u00fck bir k\u0131sm\u0131 hala mevcut de\u011fil<\/td><\/tr><tr><td>Kullan\u0131c\u0131n\u0131n bahislerde harcayabilece\u011fi \u00f6zel bir demo hesab\u0131na eri\u015fimi vard\u0131r.<\/td><td>Tam oyun modunu i\u00e7eren promosyonlara kat\u0131lamayacaks\u0131n\u0131z.<\/td><\/tr><tr><td>Oyuncu bir kuru\u015f bile harcamadan yeni bir strateji \u00f6\u011frenip deneyebilir, kurallar\u0131 ve mekani\u011fi anlayabilir<\/td><td>Demo s\u00fcr\u00fcm\u00fcnde sohbet yok<\/td><\/tr><\/tbody><\/table><figcaption class=\"wp-element-caption\">Gonzo Quest yuvas\u0131 \u00f6zellikleri<\/figcaption><\/figure>\n\n\n\n<p>Listelenen fakt\u00f6rler Gonzo&#039;s Quest&#039;in demo versiyonunun etkinli\u011fini do\u011frulamaktad\u0131r. Onun yard\u0131m\u0131yla oyuncu mekani\u011fi iyice inceleyebilir, farkl\u0131 kazanma planlar\u0131 deneyebilir veya kendi plan\u0131n\u0131 yaratabilir.<\/p>\n\n\n<h2 class=\"wp-block-heading\" id=\"aioseo-\">Demo modu oynarken pratik yapman\u0131za yard\u0131mc\u0131 olur<\/h2>\n\n\n<p>Gonzo&#039;s Quest&#039;in \u00fccretsiz demo modu genellikle slotu daha iyi tan\u0131mak ve ayn\u0131 zamanda dengelerini korumak isteyen yeni ba\u015flayanlar taraf\u0131ndan ba\u015flat\u0131l\u0131r. Deneyimli kumarbazlar i\u00e7in Gonzo Quest&#039;in demo versiyonu da faydal\u0131 olacakt\u0131r. Bu modu ba\u015flatmak, slotun t\u00fcm \u00f6zelliklerini, \u00f6zellikle de bonus se\u00e7eneklerini ke\u015ffetmenize olanak sa\u011flayacakt\u0131r.<\/p>\n\n\n<h2 class=\"wp-block-heading\" id=\"aioseo-gonzos-quest\">Gonzo&#039;s Quest&#039;te demo oyun nas\u0131l \u00e7al\u0131\u015f\u0131r?<\/h2>\n\n\n<p>Demo s\u00fcr\u00fcm\u00fcn\u00fc ba\u015flatt\u0131\u011f\u0131n\u0131zda sanal bakiyeniz aktif hale gelir. Oyuncu kumarhaneden veya geli\u015ftiriciden kredi al\u0131r. Oyun bakiyesi bitti\u011finde kullan\u0131c\u0131 slotu yeniden ba\u015flatabilir veya ger\u00e7ek oyuna ba\u015flamak i\u00e7in hesaba para y\u00fckleyebilir.<\/p>\n\n\n\n<p>Gonzo&#039;s Quest&#039;teki demo modunun \u00f6zelli\u011fi, normal bir slottaki se\u00e7eneklerin \u00e7o\u011funu kopyalamas\u0131d\u0131r. Tek fark, bonus kredilerinin ger\u00e7ek paraya d\u00f6n\u00fc\u015ft\u00fcr\u00fclememesi, sohbete ve promosyonlara eri\u015fimin olmamas\u0131d\u0131r. Tipik olarak demo modu e\u011fitim ama\u00e7l\u0131 kullan\u0131l\u0131r.<\/p>\n\n\n\n<p><strong>Demo oyunu gonzo aray\u0131\u015f\u0131 kay\u0131t olmadan<\/strong><\/p>\n\n\n\n<p>Demo modunu kay\u0131t olmadan da ba\u015flatabilirsiniz - NetEnt web sitesinde veya \u00e7evrimi\u00e7i casino portal\u0131nda. Kullan\u0131c\u0131n\u0131n tek yapmas\u0131 gereken slot makinesini ba\u015flatmak ve demo oyun modunu se\u00e7mektir. Slotu ba\u015flat\u0131rken oyuncunun \u015funlar\u0131 yapmas\u0131 gerekmedi\u011fine hemen dikkat edilmelidir:<\/p>\n\n\n\n<ul class=\"wp-block-list\">\n<li>ki\u015fisel veri;<\/li>\n\n\n\n<li>\u00d6deme sistemlerinin ayr\u0131nt\u0131lar\u0131.<\/li>\n<\/ul>\n\n\n\n<p>Oyun s\u00fcreci kesinlikle g\u00fcvenli ve basittir. Slotu ba\u015flatt\u0131ktan sonra yukar\u0131da listelenen verileri girmeniz istenirse, oyuncunun bir doland\u0131r\u0131c\u0131l\u0131k sitesine girmi\u015f olma olas\u0131l\u0131\u011f\u0131 y\u00fcksektir.<\/p>\n\n\n\n<p><strong>Gonzo&#039;nun g\u00f6rev demo s\u00fcr\u00fcm\u00fcn\u00fc indirmem gerekiyor mu?<\/strong><\/p>\n\n\n\n<p>Gonzo Quest&#039;in demo s\u00fcr\u00fcm\u00fcn\u00fc NetEnt platformunda veya makine katalogda mevcutsa lisansl\u0131 bir kumarhanenin resmi web sitesinde ba\u015flatabilirsiniz. Yaz\u0131l\u0131m\u0131 indirmenize gerek yoktur. Bu sonuca HTML5 teknolojisi kullan\u0131larak ula\u015f\u0131ld\u0131. Se\u00e7ilen cihazdan ba\u011f\u0131ms\u0131z olarak herhangi bir taray\u0131c\u0131da kesintisiz oyun d\u00fczenlemekten sorumlu olan ki\u015fidir: PC, tablet veya ak\u0131ll\u0131 telefon.<\/p>\n\n\n\n<p><strong>Gonzo Quest slotunu \u00fccretsiz oynamak m\u00fcmk\u00fcn m\u00fc?<\/strong><\/p>\n\n\n\n<p>Gonzo Quest slotunu oynaman\u0131n \u00fccretsiz format\u0131 hem geli\u015ftiricinin web sitesinde hem de casino sitelerinde pop\u00fclerdir. Bir\u00e7ok ki\u015fi slot makinesinin ayarlar\u0131n\u0131 anlamak, aray\u00fcz\u00fc denemek ve ancak bundan sonra para yat\u0131rma ve \u00f6demelerle standart oyuna ba\u015flamak i\u00e7in demo s\u00fcr\u00fcm\u00fcn\u00fc ba\u015flat\u0131r.<\/p>\n\n\n<h2 class=\"wp-block-heading\" id=\"aioseo-gonzos-quest\">Gonzo&#039;nun g\u00f6rev demo oyununa nas\u0131l girilir?<\/h2>\n\n\n<p>Demo s\u00fcr\u00fcm\u00fc, kumarla yeni tan\u0131\u015fmaya ba\u015flayan yeni ba\u015flayanlar i\u00e7in zorunlu bir a\u015famad\u0131r. Bu a\u015famay\u0131 ge\u00e7erek oyunun mekani\u011fini anlayabilecek ve \u00f6zel sembollerin yeteneklerini de\u011ferlendirebileceksiniz. Demo s\u00fcr\u00fcm\u00fcn\u00fc \u00e7al\u0131\u015ft\u0131rmak i\u00e7in kullan\u0131c\u0131n\u0131n a\u015fa\u011f\u0131dakilere ihtiyac\u0131 vard\u0131r:<\/p>\n\n\n\n<ol class=\"wp-block-list\">\n<li>Geli\u015ftiricinin resmi web sitesini a\u00e7\u0131n.<\/li>\n\n\n\n<li>Yay\u0131nlanan oyunlar\u0131n demo versiyonlar\u0131 i\u00e7in b\u00f6l\u00fcme gidin.<\/li>\n\n\n\n<li>Yuvay\u0131 ba\u015flat\u0131n.<\/li>\n<\/ol>\n\n\n\n<p>Ayr\u0131ca slotun demo modunu kumarhanenin resmi web sitesinde bir lisansla ba\u015flatabilirsiniz.<\/p>\n\n\n<h2 class=\"wp-block-heading\" id=\"aioseo-gonzos-quest\">Gonzo&#039;s Quest demosu \u00e7evrimi\u00e7i veya \u00e7evrimd\u0131\u015f\u0131<\/h2>\n\n\n<p>Demo versiyonu \u00e7evrimi\u00e7i bir oyun format\u0131d\u0131r. Bu mod \u00e7evrimd\u0131\u015f\u0131 olarak ba\u015flat\u0131lamaz. Ancak kullan\u0131c\u0131lar zaman zaman bir slot makinesi istemcisi kurmalar\u0131na ve a\u011fa ba\u011flanmadan bir demo oyunu \u00e7al\u0131\u015ft\u0131rmalar\u0131na olanak tan\u0131yan platformlar bulmay\u0131 ba\u015far\u0131rlar.<\/p>\n\n\n<h2 class=\"wp-block-heading\" id=\"aioseo-faq-gonzos-quest\">SSS: Gonzo&#039;nun g\u00f6rev demosu hakk\u0131nda s\u0131k sorulan sorular<\/h2>\n\n\n<p><strong>Gonzo&#039;s Quest slotunu \u00fccretsiz ve paras\u0131z oynamak m\u00fcmk\u00fcn m\u00fc?<\/strong>&nbsp;Evet bunun i\u00e7in bir demo modu var. Kullan\u0131c\u0131n\u0131n slotta \u015fans\u0131n\u0131 denemek i\u00e7in hesab\u0131na y\u00fckleme yapmas\u0131na veya hatta sisteme kaydolmas\u0131na gerek yoktur.<\/p>\n\n\n\n<p><strong>Ba\u015flaman\u0131n en iyi yolu nedir: bir gonzo aray\u0131\u015f\u0131n\u0131n demosunu oynamak m\u0131 yoksa hemen ger\u00e7ek parayla m\u0131 oynamak?<\/strong>&nbsp;Yeni ba\u015flayanlar i\u00e7in, nas\u0131l \u00e7al\u0131\u015ft\u0131\u011f\u0131n\u0131 ve oyunun hangi duygular\u0131 uyand\u0131rd\u0131\u011f\u0131n\u0131 anlamak i\u00e7in \u00f6ncelikle slotun demo s\u00fcr\u00fcm\u00fcn\u00fc denemek daha iyidir. Deneyimli kullan\u0131c\u0131lar i\u00e7in demo modu, farkl\u0131 kazanma stratejilerini deneme f\u0131rsat\u0131 olarak faydal\u0131 olacakt\u0131r.<\/p>\n\n\n\n<p><strong>Demo modunda kazan\u0131lan para nas\u0131l \u00e7ekilir?<\/strong>&nbsp;Para \u00e7ekmek m\u00fcmk\u00fcn olmayacakt\u0131r. Demo versiyonunda ger\u00e7ek hesab\u0131 hi\u00e7bir \u015fekilde etkilemeyen \u00f6zel krediler verilmektedir. Bu nedenle sistemde hesap olu\u015fturman\u0131za gerek yoktur.<\/p>\n\n\n<h2 class=\"wp-block-heading\" id=\"aioseo-\">\u00c7\u00f6z\u00fcm<\/h2>\n\n\n<p>Gonzo&#039;s Quest&#039;in demo versiyonu, paran\u0131z\u0131 korurken slotu denemenin e\u011flenceli bir yoludur. Sa\u011flay\u0131c\u0131n\u0131n veya kumarhanenin web sitesinden \u00e7evrimi\u00e7i olarak oynayabilir veya mobil uygulamadan demo modunu ba\u015flatabilirsiniz.<\/p>","protected":false},"excerpt":{"rendered":"<p>Lisansl\u0131 bir\u00e7ok online casino Gonzo&#039;s Quest demosunu \u00fccretsiz oynama f\u0131rsat\u0131 sunuyor. Hi\u00e7bir risk almadan oyunun i\u00e7ine dalman\u0131za olanak tan\u0131yan bir demo modu arac\u0131l\u0131\u011f\u0131yla uygulanmaktad\u0131r. Makinenin s\u0131kma i\u015flemini ba\u015flatmas\u0131 i\u00e7in kullan\u0131c\u0131n\u0131n sisteme kay\u0131t olmas\u0131na bile gerek yoktur. Gonzo&#039;s Quest demo oyunu Gonzo&#039;s Quest demo versiyonunu yaln\u0131zca g\u00fcvenilir sitelerde oynaman\u0131z \u00f6nerilir. Bu nedenle \u00f6nceden birka\u00e7 pop\u00fcler olan\u0131 se\u00e7meniz \u00f6nerilir\u2026<\/p>","protected":false},"author":1,"featured_media":0,"parent":0,"menu_order":0,"comment_status":"closed","ping_status":"closed","template":"","meta":{"_kad_post_transparent":"","_kad_post_title":"","_kad_post_layout":"","_kad_post_sidebar_id":"","_kad_post_content_style":"","_kad_post_vertical_padding":"","_kad_post_feature":"","_kad_post_feature_position":"","_kad_post_header":false,"_kad_post_footer":false,"footnotes":""},"class_list":["post-338","page","type-page","status-publish","hentry"],"aioseo_notices":[],"_links":{"self":[{"href":"https:\/\/gonzo-quest.info\/tr\/wp-json\/wp\/v2\/pages\/338","targetHints":{"allow":["GET"]}}],"collection":[{"href":"https:\/\/gonzo-quest.info\/tr\/wp-json\/wp\/v2\/pages"}],"about":[{"href":"https:\/\/gonzo-quest.info\/tr\/wp-json\/wp\/v2\/types\/page"}],"author":[{"embeddable":true,"href":"https:\/\/gonzo-quest.info\/tr\/wp-json\/wp\/v2\/users\/1"}],"replies":[{"embeddable":true,"href":"https:\/\/gonzo-quest.info\/tr\/wp-json\/wp\/v2\/comments?post=338"}],"version-history":[{"count":14,"href":"https:\/\/gonzo-quest.info\/tr\/wp-json\/wp\/v2\/pages\/338\/revisions"}],"predecessor-version":[{"id":399,"href":"https:\/\/gonzo-quest.info\/tr\/wp-json\/wp\/v2\/pages\/338\/revisions\/399"}],"wp:attachment":[{"href":"https:\/\/gonzo-quest.info\/tr\/wp-json\/wp\/v2\/media?parent=338"}],"curies":[{"name":"wp","href":"https:\/\/api.w.org\/{rel}","templated":true}]}}