{"id":345,"date":"2023-12-03T19:34:47","date_gmt":"2023-12-03T16:34:47","guid":{"rendered":"https:\/\/gonzo-quest.info\/?page_id=345"},"modified":"2023-12-03T19:34:47","modified_gmt":"2023-12-03T16:34:47","slug":"download","status":"publish","type":"page","link":"https:\/\/gonzo-quest.info\/pt\/download\/","title":{"rendered":"Baixe a miss\u00e3o de Gonzo"},"content":{"rendered":"<p>Voc\u00ea pode baixar e jogar Gonzo&#039;s Quest em um aplicativo m\u00f3vel desenvolvido especificamente para dispositivos Android. Para baixar o software voc\u00ea precisar\u00e1 de:<\/p>\n\n\n\n<ol class=\"wp-block-list\">\n<li>Acesse o servi\u00e7o de jogos do sistema operacional - Google Play Market.<\/li>\n\n\n\n<li>Digite o nome do slot na barra de pesquisa.<\/li>\n\n\n\n<li>Baixe o aplicativo.<\/li>\n<\/ol>\n\n\n\n<p>Ent\u00e3o s\u00f3 falta instalar o programa. O procedimento n\u00e3o levar\u00e1 mais de dois minutos, mas poder\u00e1 demorar mais se a qualidade da conex\u00e3o for ruim. A \u00faltima etapa que o usu\u00e1rio precisar\u00e1 realizar \u00e9 iniciar o programa e iniciar o jogo.<\/p>\n\n\n<h2 class=\"wp-block-heading\" id=\"%25d0%25ba%25d0%25b0%25d0%25ba-%25d1%2581%25d0%25ba%25d0%25b0%25d1%2587%25d0%25b0%25d1%2582%25d1%258c-gonzos-quest-%25d0%25bd%25d0%25b0-%25d0%25b0%25d0%25bd%25d0%25b4%25d1%2580%25d0%25be%25d0%25b8%25d0%25b4\">Como baixar Gonzo&#039;s Quest no Android<\/h2>\n\n\n<p>Se voc\u00ea n\u00e3o conseguir encontrar o slot no Play Market, poder\u00e1 usar outro m\u00e9todo de download. Para fazer isso voc\u00ea precisa:<\/p>\n\n\n\n<ol class=\"wp-block-list\">\n<li>Acesse um site de fonte confi\u00e1vel onde o arquivo APK esteja dispon\u00edvel.<\/li>\n\n\n\n<li>Subir arquivo.<\/li>\n\n\n\n<li>Instalar aplicativo.<\/li>\n<\/ol>\n\n\n\n<p>Antes de realizar a terceira etapa, \u00e9 recomend\u00e1vel desabilitar as configura\u00e7\u00f5es de seguran\u00e7a. Caso contr\u00e1rio, o sistema n\u00e3o permitir\u00e1 a instala\u00e7\u00e3o de software baixado de uma fonte de terceiros. Isso pode ser feito nas configura\u00e7\u00f5es principais do dispositivo.<\/p>\n\n\n<h2 class=\"wp-block-heading\" id=\"%25d0%25ba%25d0%25b0%25d0%25ba-%25d1%2581%25d0%25ba%25d0%25b0%25d1%2587%25d0%25b0%25d1%2582%25d1%258c-gonzos-quest-%25d0%25bd%25d0%25b0-ios\">Como baixar Gonzo&#039;s Quest no iOS<\/h2>\n\n\n<p>Baixar o aplicativo m\u00f3vel Gonzo&#039;s Quest em dispositivos Apple tamb\u00e9m n\u00e3o causa problemas. Voc\u00ea pode baixar o software da AppStore ou de outra fonte confi\u00e1vel que possua pacotes de instala\u00e7\u00e3o para o aplicativo de v\u00eddeo slot. Aqui basta observar que o tamanho do programa e seu tempo de download podem variar dependendo das caracter\u00edsticas do dispositivo e da velocidade de conex\u00e3o.<\/p>\n\n\n<h2 class=\"wp-block-heading\" id=\"%25d0%25b3%25d0%25b4%25d0%25b5-%25d0%25bb%25d1%2583%25d1%2587%25d1%2588%25d0%25b5-%25d1%2581%25d0%25ba%25d0%25b0%25d1%2587%25d0%25b0%25d1%2582%25d1%258c-gonzos-quest\">Onde \u00e9 o melhor lugar para baixar o Gonzo&#039;s Quest?<\/h2>\n\n\n<p>As melhores fontes para baixar o aplicativo m\u00f3vel Gonzo&#039;s Quest s\u00e3o os servi\u00e7os de jogos de sistemas operacionais. Para Android \u00e9 o Google Play Market, para iPhone \u00e9 AppStore. Ambas as op\u00e7\u00f5es s\u00e3o consideradas as mais confi\u00e1veis, pois implementam software seguro e de alta qualidade.<\/p>\n\n\n\n<p>Claro, existem outras fontes onde voc\u00ea pode baixar o aplicativo. Mais precisamente, um arquivo de instala\u00e7\u00e3o com extens\u00e3o APK. Antes de fazer o download, voc\u00ea precisa selecionar o sistema operacional e verificar as configura\u00e7\u00f5es de seguran\u00e7a do dispositivo para poder instalar o aplicativo posteriormente.<\/p>\n\n\n\n<figure class=\"wp-block-table\"><table><thead><tr><td>Fonte<\/td><td>Vantagens<\/td><td>Imperfei\u00e7\u00f5es<\/td><\/tr><\/thead><tbody><tr><td>Mercado do Google Play<\/td><td>Servi\u00e7o com software comprovado, elimina download de malware<\/td><td>O v\u00eddeo ca\u00e7a-n\u00edqueis Gonzo&#039;s Quest pode n\u00e3o ser vis\u00edvel no servi\u00e7o de jogos em v\u00e1rias regi\u00f5es onde as atividades dos clubes de jogos de azar s\u00e3o proibidas<\/td><\/tr><tr><td>Loja de aplicativos<\/td><td>Um servi\u00e7o com aplicativos confi\u00e1veis e seguros que n\u00e3o prejudicam o sistema operacional<\/td><td>O v\u00eddeo ca\u00e7a-n\u00edqueis Gonzo&#039;s Quest pode n\u00e3o ser vis\u00edvel no servi\u00e7o de jogos em v\u00e1rias regi\u00f5es onde as atividades dos clubes de jogos de azar s\u00e3o proibidas<\/td><\/tr><tr><td>Sites de terceiros<\/td><td>Eles oferecem uma grande sele\u00e7\u00e3o de vers\u00f5es do popular jogo<\/td><td>H\u00e1 uma grande probabilidade de baixar malware<\/td><\/tr><\/tbody><\/table><\/figure>\n\n\n\n<p>Independentemente do m\u00e9todo de download escolhido, ap\u00f3s instalar e iniciar o aplicativo, o usu\u00e1rio poder\u00e1 vivenciar a jogabilidade em todo o seu esplendor e come\u00e7ar a jogar com dinheiro real.<\/p>\n\n\n\n<p><strong>Como instalar o Gonzo&#039;s Quest no seu telefone<\/strong><\/p>\n\n\n\n<p>O download do aplicativo m\u00f3vel Gonzo&#039;s Quest do desenvolvedor NetEnt \u00e9 realizado por meio de servi\u00e7os de jogos ou por meio de recursos de terceiros. Os clientes do cassino tamb\u00e9m podem baixar o software do clube de jogos, que tamb\u00e9m fornecer\u00e1 acesso ao v\u00eddeo slot desejado.<\/p>\n\n\n\n<p>Antes de baixar o aplicativo, \u00e9 recomend\u00e1vel verificar as caracter\u00edsticas do sistema operacional para garantir que o software possa ser instalado. Tamb\u00e9m \u00e9 recomend\u00e1vel certificar-se de que seu telefone ou outro dispositivo tenha mem\u00f3ria suficiente para instalar o programa.<\/p>\n\n\n\n<p><strong>Como instalar a miss\u00e3o de Gonzo no iPhone<\/strong><\/p>\n\n\n\n<p>A instala\u00e7\u00e3o do Gonzo&#039;s Quest em dispositivos iOS envolve v\u00e1rias etapas:<\/p>\n\n\n\n<ol class=\"wp-block-list\">\n<li>O usu\u00e1rio baixa o aplicativo de um servi\u00e7o de jogos ou de uma fonte de terceiros.<\/li>\n\n\n\n<li>Inicia o arquivo de instala\u00e7\u00e3o.<\/li>\n\n\n\n<li>Aguardando a instala\u00e7\u00e3o do programa.<\/li>\n\n\n\n<li>Inicia o jogo, cujo \u00edcone aparece na \u00e1rea de trabalho.<\/li>\n<\/ol>\n\n\n\n<p>Depois disso, basta recarregar sua conta ou lan\u00e7ar a vers\u00e3o demo do slot.<\/p>\n\n\n\n<p><strong>Como instalar a miss\u00e3o de Gonzo no Windows<\/strong><\/p>\n\n\n\n<p>Voc\u00ea tamb\u00e9m pode instalar o aplicativo Gonzo&#039;s Quest em um computador ou outro dispositivo com sistema operacional Windows. Para fazer isso, na fase de inicializa\u00e7\u00e3o voc\u00ea precisar\u00e1 selecionar o sistema operacional apropriado. Depois s\u00f3 falta instalar o programa e execut\u00e1-lo. Al\u00e9m disso, os clientes do cassino ou do provedor NetEnt podem jogar Gonzo Quest em qualquer navegador. Neste caso, voc\u00ea n\u00e3o precisar\u00e1 baixar nada adicional.<\/p>\n\n\n\n<p><strong>A melhor maneira de jogar gonzo quest \u2013 atrav\u00e9s de um aplicativo em um smartphone ou computador desktop<\/strong><\/p>\n\n\n\n<p>A escolha entre os dispositivos para jogar Gonzo&#039;s Quest depende de v\u00e1rios fatores. A principal delas s\u00e3o as prefer\u00eancias pessoais do usu\u00e1rio. Vale destacar apenas algumas vantagens do PC e dos dispositivos m\u00f3veis. As vantagens de jogar em telefones e tablets incluem:<\/p>\n\n\n\n<ul class=\"wp-block-list\">\n<li>mobilidade;<\/li>\n\n\n\n<li>flexibilidade;<\/li>\n\n\n\n<li>F\u00e1cil de usar.<\/li>\n<\/ul>\n\n\n\n<p>Ou seja, a partir do telefone o usu\u00e1rio pode lan\u00e7ar o slot a qualquer hora e em qualquer lugar, desde que haja acesso \u00e0 rede.<\/p>\n\n\n\n<p>As vantagens de jogar a partir de um computador s\u00e3o uma tela ampla, condi\u00e7\u00f5es confort\u00e1veis e carregamento r\u00e1pido do v\u00eddeo slot. Se precisar ir a algum lugar ou sair, voc\u00ea pode iniciar o slot do seu laptop.<\/p>\n\n\n\n<p>Ambas as op\u00e7\u00f5es apresentam um excelente n\u00edvel de gr\u00e1ficos de jogo. Portanto, em primeiro lugar, \u00e9 recomend\u00e1vel levar em considera\u00e7\u00e3o o seu pr\u00f3prio conforto e sentimentos ao escolher a forma de jogar Gonzo&#039;s Quest.<\/p>\n\n\n<h2 class=\"wp-block-heading\" id=\"%25d1%2587%25d0%25b0%25d1%2581%25d1%2582%25d0%25be-%25d0%25b7%25d0%25b0%25d0%25b4%25d0%25b0%25d0%25b2%25d0%25b0%25d0%25b5%25d0%25bc%25d1%258b%25d0%25b5-%25d0%25b2%25d0%25be%25d0%25bf%25d1%2580%25d0%25be%25d1%2581%25d1%258b-%25d0%25bf%25d1%2580%25d0%25b8-%25d1%2581%25d0%25ba%25d0%25b0%25d1%2587%25d0%25b8%25d0%25b2%25d0%25b0\">Perguntas frequentes ao baixar o jogo<\/h2>\n\n\n<p><strong>Preciso baixar o jogo para jogar no PC?<\/strong><\/p>\n\n\n\n<p>Sim, voc\u00ea precisar\u00e1 baixar o jogo para jogar Gonzo&#039;s Quest. Voc\u00ea pode baixar o software do site oficial do desenvolvedor NetEnt ou atrav\u00e9s de qualquer plataforma confi\u00e1vel, se tiver acesso a uma. Antes de baixar, \u00e9 recomend\u00e1vel verificar a vers\u00e3o do Windows ou outro sistema operacional do seu dispositivo m\u00f3vel, pois nem todos suportam o slot.<\/p>\n\n\n\n<p><strong>Qual \u00e9 o valor m\u00ednimo para iniciar o jogo?<\/strong><\/p>\n\n\n\n<p>A aposta m\u00ednima no Gonzo&#039;s Quest \u00e9 de 20 centavos. Por\u00e9m, alguns casinos alteram o m\u00ednimo, fixando, por exemplo, de $10 por aposta.<\/p>\n\n\n\n<p><strong>Como s\u00e3o calculados os ganhos do Gonzo&#039;s Quest?<\/strong><\/p>\n\n\n\n<p>O valor do pr\u00eamio \u00e9 determinado de acordo com os s\u00edmbolos que aparecem na linha ativa. Quanto mais imagens id\u00eanticas e mais rara a combina\u00e7\u00e3o, maior ser\u00e1 a quantidade. \u00c0s vezes, os ganhos podem ser aumentados se multiplicadores adicionais aparecerem na tela.<\/p>\n\n\n\n<p><strong>Quem \u00e9 o desenvolvedor do jogo<\/strong><\/p>\n\n\n\n<p>O slot Gonzo&#039;s Quest foi desenvolvido pela NetEnt. Este \u00e9 um dos principais fornecedores de software de jogos de azar para cassinos online.<\/p>\n\n\n\n<p><strong>Como instalar o aplicativo Gonzo Quest no seu iPhone ou iPad<\/strong><\/p>\n\n\n\n<p>A m\u00e1quina ca\u00e7a-n\u00edqueis pode ser instalada em um iPhone ou iPad. Para fazer isso, voc\u00ea precisa acessar o servi\u00e7o do aplicativo AppStrore, baixar o aplicativo desejado e inici\u00e1-lo.<\/p>\n\n\n\n<p><strong>\u00c9 conveniente jogar no telefone?<\/strong><\/p>\n\n\n\n<p>O desenvolvedor otimizou o aplicativo para dispositivos m\u00f3veis, o que possibilitou jogar em smartphones, tablets e outros gadgets com Android e iOS. Os jogadores podem desfrutar de suas aventuras favoritas a qualquer momento, desde que tenham acesso \u00e0 Internet. Voc\u00ea pode baixar o software no site oficial ou servi\u00e7o de jogos do sistema operacional: Android ou iOS. O jogo est\u00e1 dispon\u00edvel em dois modos: pago e gratuito.<\/p>","protected":false},"excerpt":{"rendered":"<p>\u0421\u043a\u0430\u0447\u0430\u0442\u044c Gonzo&#8217;s Quest \u0438 \u0438\u0433\u0440\u0430\u0442\u044c \u043c\u043e\u0436\u043d\u043e \u0432 \u043c\u043e\u0431\u0438\u043b\u044c\u043d\u043e\u043c \u043f\u0440\u0438\u043b\u043e\u0436\u0435\u043d\u0438\u0438, \u0440\u0430\u0437\u0440\u0430\u0431\u043e\u0442\u0430\u043d\u043d\u043e\u043c \u0441\u043f\u0435\u0446\u0438\u0430\u043b\u044c\u043d\u043e \u0434\u043b\u044f \u0443\u0441\u0442\u0440\u043e\u0439\u0441\u0442\u0432 \u0441 \u041e\u0421 Android. \u0414\u043b\u044f \u0437\u0430\u0433\u0440\u0443\u0437\u043a\u0438 \u041f\u041e \u043f\u043e\u0442\u0440\u0435\u0431\u0443\u0435\u0442\u0441\u044f: \u041f\u043e\u0441\u043b\u0435 \u043e\u0441\u0442\u0430\u043d\u0435\u0442\u0441\u044f \u0443\u0441\u0442\u0430\u043d\u043e\u0432\u0438\u0442\u044c \u043f\u0440\u043e\u0433\u0440\u0430\u043c\u043c\u0443. \u041f\u0440\u043e\u0446\u0435\u0434\u0443\u0440\u0430 \u0437\u0430\u0439\u043c\u0435\u0442 \u043d\u0435 \u0431\u043e\u043b\u0435\u0435 \u0434\u0432\u0443\u0445 \u043c\u0438\u043d\u0443\u0442, \u043d\u043e \u043c\u043e\u0436\u0435\u0442 \u0437\u0430\u0442\u044f\u043d\u0443\u0442\u044c\u0441\u044f \u043f\u0440\u0438 \u043f\u043b\u043e\u0445\u043e\u043c \u043a\u0430\u0447\u0435\u0441\u0442\u0432\u0435 \u0441\u043e\u0435\u0434\u0438\u043d\u0435\u043d\u0438\u044f. \u041f\u043e\u0441\u043b\u0435\u0434\u043d\u0438\u0439 \u0448\u0430\u0433, \u043a\u043e\u0442\u043e\u0440\u044b\u0439 \u043d\u0443\u0436\u043d\u043e \u0431\u0443\u0434\u0435\u0442 \u0441\u0434\u0435\u043b\u0430\u0442\u044c \u043f\u043e\u043b\u044c\u0437\u043e\u0432\u0430\u0442\u0435\u043b\u044e, &#8212; \u0437\u0430\u043f\u0443\u0441\u0442\u0438\u0442\u044c \u043f\u0440\u043e\u0433\u0440\u0430\u043c\u043c\u0443 \u0438 \u043d\u0430\u0447\u0430\u0442\u044c \u0438\u0433\u0440\u0443. \u041a\u0430\u043a \u0441\u043a\u0430\u0447\u0430\u0442\u044c Gonzo&#8217;s Quest \u043d\u0430&#8230;<\/p>","protected":false},"author":1,"featured_media":0,"parent":0,"menu_order":0,"comment_status":"closed","ping_status":"closed","template":"","meta":{"_kad_post_transparent":"","_kad_post_title":"","_kad_post_layout":"","_kad_post_sidebar_id":"","_kad_post_content_style":"","_kad_post_vertical_padding":"","_kad_post_feature":"","_kad_post_feature_position":"","_kad_post_header":false,"_kad_post_footer":false,"footnotes":""},"class_list":["post-345","page","type-page","status-publish","hentry"],"aioseo_notices":[],"_links":{"self":[{"href":"https:\/\/gonzo-quest.info\/pt\/wp-json\/wp\/v2\/pages\/345","targetHints":{"allow":["GET"]}}],"collection":[{"href":"https:\/\/gonzo-quest.info\/pt\/wp-json\/wp\/v2\/pages"}],"about":[{"href":"https:\/\/gonzo-quest.info\/pt\/wp-json\/wp\/v2\/types\/page"}],"author":[{"embeddable":true,"href":"https:\/\/gonzo-quest.info\/pt\/wp-json\/wp\/v2\/users\/1"}],"replies":[{"embeddable":true,"href":"https:\/\/gonzo-quest.info\/pt\/wp-json\/wp\/v2\/comments?post=345"}],"version-history":[{"count":3,"href":"https:\/\/gonzo-quest.info\/pt\/wp-json\/wp\/v2\/pages\/345\/revisions"}],"predecessor-version":[{"id":396,"href":"https:\/\/gonzo-quest.info\/pt\/wp-json\/wp\/v2\/pages\/345\/revisions\/396"}],"wp:attachment":[{"href":"https:\/\/gonzo-quest.info\/pt\/wp-json\/wp\/v2\/media?parent=345"}],"curies":[{"name":"wp","href":"https:\/\/api.w.org\/{rel}","templated":true}]}}