{"id":343,"date":"2023-12-03T19:22:35","date_gmt":"2023-12-03T16:22:35","guid":{"rendered":"https:\/\/gonzo-quest.info\/?page_id=343"},"modified":"2023-12-03T19:34:37","modified_gmt":"2023-12-03T16:34:37","slug":"casino","status":"publish","type":"page","link":"https:\/\/gonzo-quest.info\/pt\/casino\/","title":{"rendered":"Onde jogar Gonzo&#039;s Quest"},"content":{"rendered":"<h2 class=\"wp-block-heading\" id=\"%25d0%25ba%25d0%25b0%25d0%25ba%25d0%25be%25d0%25b5-%25d0%25ba%25d0%25b0%25d0%25b7%25d0%25b8%25d0%25bd%25d0%25be-%25d0%25bf%25d0%25be%25d0%25b4%25d1%2585%25d0%25be%25d0%25b4%25d0%25b8%25d1%2582-%25d0%25b4%25d0%25bb%25d1%258f-%25d0%25b8%25d0%25b3%25d1%2580%25d1%258b-gonzos-quest\">Qual cassino \u00e9 adequado para jogar a miss\u00e3o de Gonzo?<\/h2>\n\n\n<p>Um dos pontos importantes que voc\u00ea precisa passar antes de lan\u00e7ar a m\u00e1quina ca\u00e7a-n\u00edqueis <a href=\"\/pt\/\" title=\"\">A miss\u00e3o de Gonzo<\/a>, \u2014 encontre um cassino online confi\u00e1vel. Na hora de escolher uma plataforma, \u00e9 recomend\u00e1vel levar em considera\u00e7\u00e3o n\u00e3o apenas seus gostos ou expectativas, mas tamb\u00e9m verificar:<\/p>\n\n\n\n<ul class=\"wp-block-list\">\n<li>disponibilidade de uma licen\u00e7a;<\/li>\n\n\n\n<li>avalia\u00e7\u00f5es;<\/li>\n\n\n\n<li>avalia\u00e7\u00f5es;<\/li>\n\n\n\n<li>sistemas de pagamento dispon\u00edveis;<\/li>\n\n\n\n<li>limites para reposi\u00e7\u00e3o de contas e retirada de fundos;<\/li>\n\n\n\n<li>b\u00f4nus.<\/li>\n<\/ul>\n\n\n\n<p>Aten\u00e7\u00e3o especial deve ser dada \u00e0 licen\u00e7a. Este \u00e9 um documento especial que garante o funcionamento legal de um casino online. Em outras palavras, a licen\u00e7a significa que todos os direitos do usu\u00e1rio registrado est\u00e3o protegidos e o pr\u00f3prio site opera de acordo com a lei.<\/p>\n\n\n<h2 class=\"wp-block-heading\" id=\"%25d0%25b3%25d0%25b4%25d0%25b5-%25d0%25b8%25d0%25b3%25d1%2580%25d0%25b0%25d1%2582%25d1%258c-%25d0%25b2-gonzos-quest\">Onde jogar a miss\u00e3o de Gonzo<\/h2>\n\n\n<p>Existem muitos locais conhecidos onde isso ocorre <a href=\"\/pt\/\" title=\"\">A m\u00e1quina ca\u00e7a-n\u00edqueis de Gonzo<\/a>. Entre os mais populares e confi\u00e1veis est\u00e3o:<\/p>\n\n\n\n<ol class=\"wp-block-list\">\n<li>P\u00f4ster. Um casino online com licen\u00e7a v\u00e1lida e uma vasta gama de slot machines. Entre as vantagens, os usu\u00e1rios destacam ainda um generoso programa de b\u00f4nus com condi\u00e7\u00f5es simples para ganhar presentes, cadastro pr\u00e1tico e atendimento de alta qualidade.<\/li>\n\n\n\n<li>1 vit\u00f3ria. Um cassino que opera sob licen\u00e7a e oferece aos usu\u00e1rios ca\u00e7a-n\u00edqueis dos principais fornecedores. Incluindo a miss\u00e3o de Gonzo da NetEnt. As vantagens do site oficial incluem uma interface simples e intuitiva, uma abund\u00e2ncia de sistemas de pagamento para transa\u00e7\u00f5es monet\u00e1rias e pagamentos r\u00e1pidos.<\/li>\n<\/ol>\n\n\n\n<p>Estes s\u00e3o talvez os melhores casinos que possuem a slot machine Gonzo&#039;s Quest.<\/p>\n\n\n<h2 class=\"wp-block-heading\" id=\"%25d1%2582%25d0%25b0%25d0%25b1%25d0%25bb%25d0%25b8%25d1%2586%25d0%25b0-%25d1%2585%25d0%25b0%25d1%2580%25d0%25b0%25d0%25ba%25d1%2582%25d0%25b5%25d1%2580%25d0%25b8%25d1%2581%25d1%2582%25d0%25b8%25d0%25ba-%25d0%25b8%25d0%25b3%25d1%2580%25d1%258b-gonzos-quest\">Tabela de caracter\u00edsticas do jogo Gonzo&#039;s Quest<\/h2>\n\n\n<p>A miss\u00e3o de Gonzo \u00e9 um slot de aventura com um design brilhante e uma interface clara. Caracter\u00edsticas do jogo:<\/p>\n\n\n\n<ul class=\"wp-block-list\">\n<li>provedor \u2013 NetEnt;<\/li>\n\n\n\n<li>n\u00famero de linhas \u2013 3;<\/li>\n\n\n\n<li>oportunidades - rodadas gr\u00e1tis;<\/li>\n\n\n\n<li>n\u00famero de linhas ativas \u2013 20;<\/li>\n\n\n\n<li>tema - hist\u00f3ria, tesouros;<\/li>\n\n\n\n<li>RTP-96%.<\/li>\n<\/ul>\n\n\n\n<p>A aposta m\u00ednima \u00e9 de 20 centavos, o multiplicador m\u00e1ximo \u00e9 de 2500. Voc\u00ea pode jogar no slot com dinheiro real e totalmente gratuito se usar a vers\u00e3o demo.<\/p>\n\n\n<h2 class=\"wp-block-heading\" id=\"%25d0%25ba%25d0%25b0%25d0%25ba-%25d0%25b2%25d1%258b%25d0%25b1%25d1%2580%25d0%25b0%25d1%2582%25d1%258c-%25d0%25bd%25d0%25b0%25d0%25b4%25d0%25b5%25d0%25b6%25d0%25bd%25d0%25be%25d0%25b5-%25d0%25ba%25d0%25b0%25d0%25b7%25d0%25b8%25d0%25bd%25d0%25be-%25d0%25b4%25d0%25bb%25d1%258f-%25d0%25b8%25d0%25b3%25d1%2580%25d1%258b-%25d0%25b2\">Como escolher um cassino confi\u00e1vel para jogar Gonzo Quest<\/h2>\n\n\n<p>Antes de come\u00e7ar a jogar Gonzo Quest com dinheiro real, voc\u00ea deve escolher cuidadosamente um cassino. Para n\u00e3o se enganar, vale considerar v\u00e1rios fatores, um deles, como j\u00e1 comentado, \u00e9 a licen\u00e7a. \u00c9 ela quem garante o jogo seguro e, o mais importante, limpo. Al\u00e9m disso, os usu\u00e1rios devem prestar aten\u00e7\u00e3o a:<\/p>\n\n\n\n<ol class=\"wp-block-list\">\n<li>Condi\u00e7\u00f5es do jogo. Estes incluem limites e condi\u00e7\u00f5es do programa de b\u00f4nus.<\/li>\n\n\n\n<li>Reputa\u00e7\u00e3o do cassino. Voc\u00ea pode aprender sobre isso por meio de coment\u00e1rios ou coment\u00e1rios de outros usu\u00e1rios. As informa\u00e7\u00f5es est\u00e3o dispon\u00edveis na Internet.<\/li>\n\n\n\n<li>Faixa. Cassinos confi\u00e1veis possuem slots de fornecedores conhecidos. Isso garante que a administra\u00e7\u00e3o do clube de jogos de azar n\u00e3o tenha acesso \u00e0s configura\u00e7\u00f5es das m\u00e1quinas ca\u00e7a-n\u00edqueis.<\/li>\n<\/ol>\n\n\n\n<p>Usando o exemplo de tr\u00eas casinos populares, podemos analisar a sua fiabilidade.<\/p>\n\n\n\n<figure class=\"wp-block-table\"><table><thead><tr><td>Nome do cassino<\/td><td>Voc\u00ea tem uma licen\u00e7a?<\/td><td>Valor m\u00ednimo de dep\u00f3sito, $<\/td><td>Valor m\u00ednimo de pagamento, $<\/td><td>B\u00f4nus<\/td><td>M\u00e9todos de reabastecimento<\/td><td>Contatos de suporte<\/td><\/tr><\/thead><tbody><tr><td>P\u00f4ster<\/td><td>Sim<\/td><td>10<\/td><td>10<\/td><td>Sim<\/td><td>Cart\u00f5es de cr\u00e9dito e d\u00e9bito banc\u00e1rios; Carteiras eletr\u00f4nicas; Sistemas de pagamento eletr\u00f4nico<\/td><td>Bate-papo on-line, e-mail, telefone celular<\/td><\/tr><tr><td>1 vit\u00f3ria<\/td><td>Sim<\/td><td>10<\/td><td>10<\/td><td>Sim<\/td><td>Cart\u00f5es de cr\u00e9dito e d\u00e9bito banc\u00e1rios; Carteiras eletr\u00f4nicas; Sistemas de pagamento eletr\u00f4nico<\/td><td>Bate-papo on-line, e-mail, telefone celular<\/td><\/tr><tr><td>Vavada<\/td><td>Sim<\/td><td>10<\/td><td>10<\/td><td>Sim<\/td><td>Cart\u00f5es de cr\u00e9dito e d\u00e9bito banc\u00e1rios; Carteiras eletr\u00f4nicas; Sistemas de pagamento eletr\u00f4nico<\/td><td>Bate-papo on-line, e-mail, telefone celular<\/td><\/tr><\/tbody><\/table><\/figure>\n\n\n\n<p>Se voc\u00ea seguir as recomenda\u00e7\u00f5es e encontrar com anteced\u00eancia as informa\u00e7\u00f5es necess\u00e1rias sobre a plataforma que voc\u00ea gosta, poder\u00e1 decidir rapidamente se deseja se cadastrar ou n\u00e3o.<\/p>\n\n\n<h2 class=\"wp-block-heading\" id=\"%25d0%25b2%25d0%25be%25d0%25bf%25d1%2580%25d0%25be%25d1%2581%25d1%258b-%25d0%25b8-%25d0%25be%25d1%2582%25d0%25b2%25d0%25b5%25d1%2582%25d1%258b-%25d0%25bf%25d1%2580%25d0%25be-%25d0%25ba%25d0%25b0%25d0%25b7%25d0%25b8%25d0%25bd%25d0%25be\">Perguntas e respostas sobre cassinos<\/h2>\n\n\n<p><strong>Que par\u00e2metros voc\u00ea deve usar para escolher um cassino?<\/strong><\/p>\n\n\n\n<p>Ao procurar um casino que tenha a miss\u00e3o do Gonzo, \u00e9 necess\u00e1rio ter em conta v\u00e1rios factores: desde a licen\u00e7a \u00e0 gama de slot machines, b\u00f3nus e condi\u00e7\u00f5es de aposta.<\/p>\n\n\n\n<p><strong>Qual \u00e9 o multiplicador m\u00e1ximo?<\/strong><\/p>\n\n\n\n<p>O multiplicador m\u00e1ximo na miss\u00e3o de Gonzo chega a 2.500.<\/p>\n\n\n\n<p><strong>O que \u00e9 \u201ccoleta autom\u00e1tica\u201d ou \u201cremo\u00e7\u00e3o autom\u00e1tica\u201d?<\/strong><\/p>\n\n\n\n<p>A coleta autom\u00e1tica ou retirada autom\u00e1tica \u00e9 uma fun\u00e7\u00e3o por meio da qual os ganhos do usu\u00e1rio s\u00e3o retirados automaticamente ap\u00f3s uma rodada bem-sucedida. O jogador n\u00e3o precisa realizar nenhuma a\u00e7\u00e3o adicional.<\/p>\n\n\n\n<p><strong>Por que s\u00e3o feitas duas apostas ao mesmo tempo?<\/strong><\/p>\n\n\n\n<p>Duas apostas aumentam suas chances de ganhar. Os jogadores recorrem frequentemente a esta op\u00e7\u00e3o quando utilizam v\u00e1rias estrat\u00e9gias.<\/p>\n\n\n\n<p><strong>\u00c9 poss\u00edvel jogar a miss\u00e3o de Gonzo de gra\u00e7a?<\/strong><\/p>\n\n\n\n<p>Sim, a m\u00e1quina ca\u00e7a-n\u00edqueis possui um modo de demonstra\u00e7\u00e3o que permite jogar de gra\u00e7a. \u00c9 importante notar que uma vers\u00e3o demo da miss\u00e3o de Gonzo est\u00e1 dispon\u00edvel em todos os casinos populares.<\/p>\n\n\n\n<p><strong>Preciso baixar o jogo para jogar no PC?<\/strong><\/p>\n\n\n\n<p>N\u00e3o, voc\u00ea n\u00e3o precisa baixar o jogo. Voc\u00ea pode iniciar o slot a partir de qualquer navegador, acessando o site oficial do cassino online.<\/p>\n\n\n\n<p><strong>Como ganhar o jackpot m\u00e1ximo da miss\u00e3o gonzo?<\/strong><\/p>\n\n\n\n<p>Para ganhar o valor m\u00e1ximo na miss\u00e3o do Gonzo, a linha ativa precisa coletar at\u00e9 5 imagens id\u00eanticas. Neste caso, a aposta deve ser m\u00e1xima.<\/p>\n\n\n\n<p><strong>Qual \u00e9 o valor m\u00ednimo para come\u00e7ar a jogar?<\/strong><\/p>\n\n\n\n<p>A aposta m\u00ednima na miss\u00e3o de Gonzo \u00e9 de 20 centavos. No entanto, o valor pode variar em diferentes casinos.<\/p>\n\n\n\n<p><strong>Como sacar dinheiro sem comiss\u00e3o?<\/strong><\/p>\n\n\n\n<p>O saque sem comiss\u00e3o \u00e9 poss\u00edvel atrav\u00e9s do mesmo sistema que o jogador utilizou para reabastecer a conta. No entanto, antes de fazer uma inscri\u00e7\u00e3o, voc\u00ea deve se familiarizar com a pol\u00edtica do cassino.<\/p>\n\n\n\n<p><strong>Como ganhar no cassino Quest do Gonzo?<\/strong><\/p>\n\n\n\n<p>O v\u00eddeo ca\u00e7a-n\u00edqueis Gonzo&#039;s Quest funciona segundo o princ\u00edpio de um gerador de n\u00fameros aleat\u00f3rios, portanto os ganhos dependem da sorte e da estrat\u00e9gia utilizada pelo usu\u00e1rio. Antes de come\u00e7ar a jogar com dinheiro real, \u00e9 recomend\u00e1vel experimentar a vers\u00e3o demo.<\/p>\n\n\n<h2 class=\"wp-block-heading\" id=\"%25d0%25ba%25d0%25b0%25d0%25ba%25d0%25be%25d0%25b5-%25d0%25ba%25d0%25b0%25d0%25b7%25d0%25b8%25d0%25bd%25d0%25be-%25d0%25bb%25d1%2583%25d1%2587%25d1%2588%25d0%25b5-%25d0%25b2%25d1%2581%25d0%25b5%25d0%25b3%25d0%25be-%25d0%25bf%25d0%25be%25d0%25b4%25d1%2585%25d0%25be%25d0%25b4%25d0%25b8%25d1%2582-%25d0%25b4%25d0%25bb%25d1%258f\">Qual cassino \u00e9 melhor para jogar Gonzo&#039;s Quest?<\/h2>\n\n\n<p>Os cassinos mais populares para jogar a miss\u00e3o de Gonzo s\u00e3o Pin Up, 1 win e Vavada. Todas as plataformas operam sob licen\u00e7a oficial e t\u00eam muitas cr\u00edticas positivas online.<\/p>\n\n\n\n<p>O Pin Up Casino oferece aos usu\u00e1rios uma grande sele\u00e7\u00e3o de b\u00f4nus e ca\u00e7a-n\u00edqueis, muitos dos quais incluem uma vers\u00e3o gratuita. O valor m\u00ednimo do dep\u00f3sito \u00e9 de 100 rublos. <\/p>\n\n\n\n<p>1win \u00e9 adequado tanto para iniciantes quanto para jogadores experientes. O site oficial cont\u00e9m mais de 3.500 slots e outros entretenimentos de jogo; as condi\u00e7\u00f5es de b\u00f4nus de apostas s\u00e3o consideradas das mais fi\u00e9is. Vavada \u00e9 um cassino com uma rica cole\u00e7\u00e3o de jogos, presentes atraentes e um programa de fidelidade.<\/p>","protected":false},"excerpt":{"rendered":"<p>\u041a\u0430\u043a\u043e\u0435 \u043a\u0430\u0437\u0438\u043d\u043e \u043f\u043e\u0434\u0445\u043e\u0434\u0438\u0442 \u0434\u043b\u044f \u0438\u0433\u0440\u044b Gonzo&#8217;s quest \u041e\u0434\u0438\u043d \u0438\u0437 \u0432\u0430\u0436\u043d\u044b\u0445 \u043f\u0443\u043d\u043a\u0442\u043e\u0432, \u043a\u043e\u0442\u043e\u0440\u044b\u0439 \u043d\u0443\u0436\u043d\u043e \u043f\u0440\u043e\u0439\u0442\u0438 \u043f\u0435\u0440\u0435\u0434 \u0437\u0430\u043f\u0443\u0441\u043a\u043e\u043c \u0438\u0433\u0440\u043e\u0432\u043e\u0433\u043e \u0430\u0432\u0442\u043e\u043c\u0430\u0442\u0430 Gonzo&#8217;s quest, &#8212; \u043d\u0430\u0439\u0442\u0438 \u043d\u0430\u0434\u0435\u0436\u043d\u043e\u0435 \u043e\u043d\u043b\u0430\u0439\u043d-\u043a\u0430\u0437\u0438\u043d\u043e. \u041f\u0440\u0438 \u0432\u044b\u0431\u043e\u0440\u0435 \u043f\u043b\u0430\u0442\u0444\u043e\u0440\u043c\u044b \u0440\u0435\u043a\u043e\u043c\u0435\u043d\u0434\u0443\u0435\u0442\u0441\u044f \u0443\u0447\u0438\u0442\u044b\u0432\u0430\u0442\u044c \u043d\u0435 \u0442\u043e\u043b\u044c\u043a\u043e \u0441\u043e\u0431\u0441\u0442\u0432\u0435\u043d\u043d\u044b\u0435 \u0432\u043a\u0443\u0441\u044b \u0438\u043b\u0438 \u043e\u0436\u0438\u0434\u0430\u043d\u0438\u044f, \u043d\u043e \u0442\u0430\u043a\u0436\u0435 \u043f\u0440\u043e\u0432\u0435\u0440\u0438\u0442\u044c: \u041e\u0441\u043e\u0431\u043e\u0435 \u0432\u043d\u0438\u043c\u0430\u043d\u0438\u0435 \u0441\u0442\u043e\u0438\u0442 \u0443\u0434\u0435\u043b\u0438\u0442\u044c \u043b\u0438\u0446\u0435\u043d\u0437\u0438\u0438. \u042d\u0442\u043e \u0441\u043f\u0435\u0446\u0438\u0430\u043b\u044c\u043d\u044b\u0439 \u0434\u043e\u043a\u0443\u043c\u0435\u043d\u0442, \u043a\u043e\u0442\u043e\u0440\u044b\u0439 \u0433\u0430\u0440\u0430\u043d\u0442\u0438\u0440\u0443\u0435\u0442 \u043b\u0435\u0433\u0430\u043b\u044c\u043d\u0443\u044e \u0434\u0435\u044f\u0442\u0435\u043b\u044c\u043d\u043e\u0441\u0442\u044c \u043e\u043d\u043b\u0430\u0439\u043d-\u043a\u0430\u0437\u0438\u043d\u043e. \u0414\u0440\u0443\u0433\u0438\u043c\u0438 \u0441\u043b\u043e\u0432\u0430\u043c\u0438, \u043b\u0438\u0446\u0435\u043d\u0437\u0438\u044f \u043e\u0437\u043d\u0430\u0447\u0430\u0435\u0442,&#8230;<\/p>","protected":false},"author":1,"featured_media":0,"parent":0,"menu_order":0,"comment_status":"closed","ping_status":"closed","template":"","meta":{"_kad_post_transparent":"","_kad_post_title":"","_kad_post_layout":"","_kad_post_sidebar_id":"","_kad_post_content_style":"","_kad_post_vertical_padding":"","_kad_post_feature":"","_kad_post_feature_position":"","_kad_post_header":false,"_kad_post_footer":false,"footnotes":""},"class_list":["post-343","page","type-page","status-publish","hentry"],"aioseo_notices":[],"_links":{"self":[{"href":"https:\/\/gonzo-quest.info\/pt\/wp-json\/wp\/v2\/pages\/343","targetHints":{"allow":["GET"]}}],"collection":[{"href":"https:\/\/gonzo-quest.info\/pt\/wp-json\/wp\/v2\/pages"}],"about":[{"href":"https:\/\/gonzo-quest.info\/pt\/wp-json\/wp\/v2\/types\/page"}],"author":[{"embeddable":true,"href":"https:\/\/gonzo-quest.info\/pt\/wp-json\/wp\/v2\/users\/1"}],"replies":[{"embeddable":true,"href":"https:\/\/gonzo-quest.info\/pt\/wp-json\/wp\/v2\/comments?post=343"}],"version-history":[{"count":5,"href":"https:\/\/gonzo-quest.info\/pt\/wp-json\/wp\/v2\/pages\/343\/revisions"}],"predecessor-version":[{"id":421,"href":"https:\/\/gonzo-quest.info\/pt\/wp-json\/wp\/v2\/pages\/343\/revisions\/421"}],"wp:attachment":[{"href":"https:\/\/gonzo-quest.info\/pt\/wp-json\/wp\/v2\/media?parent=343"}],"curies":[{"name":"wp","href":"https:\/\/api.w.org\/{rel}","templated":true}]}}