{"id":338,"date":"2023-12-03T19:34:42","date_gmt":"2023-12-03T16:34:42","guid":{"rendered":"https:\/\/gonzo-quest.info\/?page_id=338"},"modified":"2023-12-03T19:34:42","modified_gmt":"2023-12-03T16:34:42","slug":"demo","status":"publish","type":"page","link":"https:\/\/gonzo-quest.info\/pt\/demo\/","title":{"rendered":"Jogue a demonstra\u00e7\u00e3o do Gonzo&#039;s Quest"},"content":{"rendered":"<p>Muitos cassinos online licenciados oferecem a oportunidade de jogar Gonzo&#039;s Quest gratuitamente. \u00c9 implementado atrav\u00e9s de um modo de demonstra\u00e7\u00e3o, que permite mergulhar no jogo sem riscos. O usu\u00e1rio nem precisa se cadastrar no sistema para come\u00e7ar a girar a m\u00e1quina.<\/p>\n\n\n<div class=\"wp-block-image\">\n<figure class=\"aligncenter size-large is-resized\"><img loading=\"lazy\" decoding=\"async\" width=\"1024\" height=\"581\" src=\"https:\/\/gonzo-quest.info\/wp-content\/uploads\/2023\/12\/gonzo-quest-demo-min-1024x581.jpg\" alt=\"Demonstra\u00e7\u00e3o da miss\u00e3o de Gonzo\" class=\"wp-image-388\" style=\"width:800px;height:auto\" srcset=\"https:\/\/gonzo-quest.info\/wp-content\/uploads\/2023\/12\/gonzo-quest-demo-min-1024x581.jpg 1024w, https:\/\/gonzo-quest.info\/wp-content\/uploads\/2023\/12\/gonzo-quest-demo-min-300x170.jpg 300w, https:\/\/gonzo-quest.info\/wp-content\/uploads\/2023\/12\/gonzo-quest-demo-min-768x436.jpg 768w, https:\/\/gonzo-quest.info\/wp-content\/uploads\/2023\/12\/gonzo-quest-demo-min-18x10.jpg 18w, https:\/\/gonzo-quest.info\/wp-content\/uploads\/2023\/12\/gonzo-quest-demo-min.jpg 1312w\" sizes=\"auto, (max-width: 1024px) 100vw, 1024px\" \/><\/figure>\n<\/div>\n\n<h2 class=\"wp-block-heading\" id=\"gonzos-quest-%25d0%25b4%25d0%25b5%25d0%25bc%25d0%25be-%25d0%25b8%25d0%25b3%25d1%2580%25d0%25b0\">Jogo de demonstra\u00e7\u00e3o do Gonzo&#039;s Quest<\/h2>\n\n\n<p>Recomenda-se jogar a vers\u00e3o demo do Gonzo Quest apenas em sites confi\u00e1veis. Portanto, \u00e9 recomend\u00e1vel selecionar antecipadamente diversas plataformas populares, ler resenhas e depoimentos sobre elas e estudar suas caracter\u00edsticas. S\u00f3 neste caso voc\u00ea poder\u00e1 desfrutar do jogo e do servi\u00e7o. Isto \u00e9 especialmente verdade se o jogador planeia registar-se posteriormente no site do casino e recarregar a sua conta para jogar com dinheiro real.<\/p>\n\n\n\n<p>Agora mais sobre o modo. A vers\u00e3o demo do Gonzo Quest \u00e9 uma varia\u00e7\u00e3o gratuita da slot machine, atrav\u00e9s da qual voc\u00ea pode:<\/p>\n\n\n\n<ul class=\"wp-block-list\">\n<li>explore as fun\u00e7\u00f5es do slot;<\/li>\n\n\n\n<li>conhe\u00e7a os b\u00f4nus sem fazer dep\u00f3sito;<\/li>\n\n\n\n<li>elaborar diferentes estrat\u00e9gias para obter ganhos.<\/li>\n<\/ul>\n\n\n\n<p>Quando lan\u00e7ado, um saldo demo \u00e9 ativado - a moeda virtual do cassino ou desenvolvedor. Esta solu\u00e7\u00e3o facilita o conhecimento do slot. A vers\u00e3o demo \u00e9 adequada para quem est\u00e1 apenas come\u00e7ando a se familiarizar com o mundo do entretenimento de jogos de azar.<\/p>\n\n\n\n<div class=\"wp-block-aioseo-table-of-contents\"><ul><li><a href=\"#aioseo-gonzos-quest\">Como jogar a demonstra\u00e7\u00e3o da miss\u00e3o de Gonzo<\/a><\/li><li><a href=\"#aioseo-gonzos-quest\">Revis\u00e3o detalhada da vers\u00e3o demo do Gonzo&#039;s Quest<\/a><\/li><li><a href=\"#aioseo-\">Gr\u00e1fico de recursos de demonstra\u00e7\u00e3o da miss\u00e3o de Gonzo<\/a><\/li><li><a href=\"#aioseo-\">O modo de demonstra\u00e7\u00e3o ajuda voc\u00ea a praticar enquanto joga<\/a><\/li><li><a href=\"#aioseo-gonzos-quest\">Como funciona o jogo de demonstra\u00e7\u00e3o em Gonzo&#039;s Quest<\/a><\/li><li><a href=\"#aioseo-gonzos-quest\">Como entrar no jogo de demonstra\u00e7\u00e3o da miss\u00e3o Gonzo<\/a><\/li><li><a href=\"#aioseo-gonzos-quest\">Demonstra\u00e7\u00e3o do Gonzo&#039;s Quest online ou offline<\/a><\/li><li><a href=\"#aioseo-faq-gonzos-quest\">FAQ: Perguntas frequentes sobre a demonstra\u00e7\u00e3o da miss\u00e3o do Gonzo<\/a><\/li><li><a href=\"#aioseo-\">Conclus\u00e3o<\/a><\/li><\/ul><\/div>\n\n\n<h2 class=\"wp-block-heading\" id=\"aioseo-gonzos-quest\">Como jogar a demonstra\u00e7\u00e3o da miss\u00e3o de Gonzo<\/h2>\n\n\n<p>A vers\u00e3o demo do Gonzo&#039;s Quest \u00e9 uma oportunidade de \u201cexperimentar\u201d todas as capacidades da slot machine enquanto mant\u00e9m o seu pr\u00f3prio equil\u00edbrio. Se desejar, voc\u00ea nem precisa registrar um perfil. Voc\u00ea pode iniciar o slot a partir de qualquer navegador; n\u00e3o \u00e9 necess\u00e1rio baixar nenhum aplicativo. O jogador faz apostas usando um saldo demo. \u00c9 importante ressaltar desde j\u00e1 que n\u00e3o ser\u00e1 poss\u00edvel retir\u00e1-lo se voc\u00ea ganhar.<\/p>\n\n\n\n<p>Mas como voc\u00ea joga a demo do Gonzo&#039;s Quest? O usu\u00e1rio precisa de:<\/p>\n\n\n\n<ol class=\"wp-block-list\">\n<li>Inicie o modo de demonstra\u00e7\u00e3o.<\/li>\n\n\n\n<li>Selecione o tamanho da aposta.<\/li>\n\n\n\n<li>Clique no bot\u00e3o para iniciar as rodadas.<\/li>\n<\/ol>\n\n\n\n<p>Ent\u00e3o s\u00f3 falta ver as pedras voarem e ca\u00edrem no painel do jogo. O objetivo principal \u00e9 coletar o m\u00e1ximo poss\u00edvel de s\u00edmbolos id\u00eanticos na linha ativa. No processo, o jogador pode ativar b\u00f4nus agrad\u00e1veis e outras op\u00e7\u00f5es de ca\u00e7a-n\u00edqueis.<\/p>\n\n\n<h2 class=\"wp-block-heading\" id=\"aioseo-gonzos-quest\">Revis\u00e3o detalhada da vers\u00e3o demo do Gonzo&#039;s Quest<\/h2>\n\n\n<p>A vers\u00e3o demo do Gonzo Quest \u00e9 uma excelente oportunidade para explorar gratuitamente todas as funcionalidades da slot e avali\u00e1-la. O usu\u00e1rio, atrav\u00e9s do modo demo, ir\u00e1 \u201cexperimentar\u201d a mec\u00e2nica de rota\u00e7\u00e3o das pedras e poder\u00e1 ativar rodadas gr\u00e1tis e diversos multiplicadores para aumentar os ganhos.<\/p>\n\n\n\n<p>Avalanche \u00e9 uma das caracter\u00edsticas do slot que difere das rodadas padr\u00e3o. Os s\u00edmbolos na tela caem de cima para baixo, formando combina\u00e7\u00f5es. Se for bem sucedido, imagens id\u00eanticas desaparecem e novas imagens aparecem em seu lugar, permitindo que voc\u00ea colete outra combina\u00e7\u00e3o.<\/p>\n\n\n<h2 class=\"wp-block-heading\" id=\"aioseo-\">Gr\u00e1fico de recursos de demonstra\u00e7\u00e3o da miss\u00e3o de Gonzo<\/h2>\n\n\n<figure class=\"wp-block-table\"><table><thead><tr><td><strong>Benef\u00edcios da vers\u00e3o demo<\/strong><\/td><td><strong>Desvantagens da vers\u00e3o demo<\/strong><\/td><\/tr><\/thead><tbody><tr><td>Um jogo gratuito que n\u00e3o requer reposi\u00e7\u00e3o de conta ou mesmo registro<\/td><td>O jogo \u00e9 jogado com cr\u00e9ditos virtuais, os ganhos n\u00e3o s\u00e3o retirados<\/td><\/tr><tr><td>Uma \u00f3tima chance de experimentar todos os recursos do jogo<\/td><td>N\u00e3o permite que voc\u00ea sinta emo\u00e7\u00e3o, j\u00e1 que o jogo \u00e9 jogado com dinheiro falso<\/td><\/tr><tr><td>Para jogar a demo voc\u00ea n\u00e3o precisa baixar o slot<\/td><td>Uma pequena parte das fun\u00e7\u00f5es da vers\u00e3o demo ainda n\u00e3o est\u00e1 dispon\u00edvel<\/td><\/tr><tr><td>O usu\u00e1rio tem acesso a uma conta demo especial, que pode gastar em apostas<\/td><td>Voc\u00ea n\u00e3o poder\u00e1 participar de promo\u00e7\u00f5es que incluam um modo de jogo completo.<\/td><\/tr><tr><td>O jogador pode aprender e experimentar uma nova estrat\u00e9gia, entender as regras e a mec\u00e2nica, sem gastar um centavo<\/td><td>N\u00e3o h\u00e1 chat na vers\u00e3o demo<\/td><\/tr><\/tbody><\/table><figcaption class=\"wp-element-caption\">Capacidades de slot Gonzo Quest<\/figcaption><\/figure>\n\n\n\n<p>Os fatores listados confirmam a efic\u00e1cia da vers\u00e3o demo do Gonzo&#039;s Quest. Com a sua ajuda, o jogador pode estudar a fundo a mec\u00e2nica, experimentar diferentes esquemas de vit\u00f3ria ou criar o seu pr\u00f3prio.<\/p>\n\n\n<h2 class=\"wp-block-heading\" id=\"aioseo-\">O modo de demonstra\u00e7\u00e3o ajuda voc\u00ea a praticar enquanto joga<\/h2>\n\n\n<p>O modo de demonstra\u00e7\u00e3o gratuito do Gonzo&#039;s Quest \u00e9 frequentemente lan\u00e7ado por iniciantes que desejam conhecer melhor o slot e ao mesmo tempo manter o equil\u00edbrio. Para jogadores experientes, a vers\u00e3o demo do Gonzo Quest tamb\u00e9m ser\u00e1 \u00fatil. O lan\u00e7amento deste modo permitir\u00e1 que voc\u00ea explore todos os recursos do slot, em particular as op\u00e7\u00f5es de b\u00f4nus.<\/p>\n\n\n<h2 class=\"wp-block-heading\" id=\"aioseo-gonzos-quest\">Como funciona o jogo de demonstra\u00e7\u00e3o em Gonzo&#039;s Quest<\/h2>\n\n\n<p>Ao iniciar a vers\u00e3o demo, seu saldo virtual \u00e9 ativado. O jogador recebe cr\u00e9ditos do cassino ou desenvolvedor. Quando o saldo do jogo acabar, o usu\u00e1rio pode reiniciar o slot ou recarregar a conta para iniciar o jogo real.<\/p>\n\n\n\n<p>A peculiaridade do modo demo em Gonzo&#039;s Quest \u00e9 que ele copia a maioria das op\u00e7\u00f5es de um slot normal. As \u00fanicas diferen\u00e7as s\u00e3o a impossibilidade de converter cr\u00e9ditos de b\u00f4nus em dinheiro real, falta de acesso ao chat e promo\u00e7\u00f5es. Normalmente, o modo de demonstra\u00e7\u00e3o \u00e9 usado para fins educacionais.<\/p>\n\n\n\n<p><strong>Jogo de demonstra\u00e7\u00e3o gonzo quest sem registro<\/strong><\/p>\n\n\n\n<p>Voc\u00ea pode iniciar o modo de demonstra\u00e7\u00e3o mesmo sem registro - no site da NetEnt ou no portal do cassino online. Tudo o que o usu\u00e1rio precisa fazer \u00e9 iniciar a m\u00e1quina ca\u00e7a-n\u00edqueis e selecionar o modo de jogo de demonstra\u00e7\u00e3o. De referir desde j\u00e1 que ao lan\u00e7ar a slot, o jogador n\u00e3o \u00e9 obrigado a:<\/p>\n\n\n\n<ul class=\"wp-block-list\">\n<li>dados pessoais;<\/li>\n\n\n\n<li>detalhes dos sistemas de pagamento.<\/li>\n<\/ul>\n\n\n\n<p>O processo do jogo \u00e9 absolutamente seguro e simples. Se, ap\u00f3s o lan\u00e7amento do slot, voc\u00ea for solicitado a inserir os dados listados acima, h\u00e1 uma grande probabilidade de que o jogador tenha acabado em um site fraudulento.<\/p>\n\n\n\n<p><strong>Preciso baixar a vers\u00e3o demo da miss\u00e3o do Gonzo?<\/strong><\/p>\n\n\n\n<p>Voc\u00ea pode lan\u00e7ar a vers\u00e3o demo do Gonzo Quest na plataforma NetEnt ou no site oficial de um cassino licenciado, se a m\u00e1quina estiver no cat\u00e1logo. N\u00e3o h\u00e1 necessidade de baixar o software. Este resultado foi alcan\u00e7ado usando a tecnologia HTML5. \u00c9 ela a respons\u00e1vel por organizar jogos ininterruptos em qualquer navegador, independente do dispositivo escolhido: PC, tablet ou smartphone.<\/p>\n\n\n\n<p><strong>\u00c9 poss\u00edvel jogar gratuitamente no slot Gonzo Quest?<\/strong><\/p>\n\n\n\n<p>O formato gratuito de jogar no slot Gonzo Quest \u00e9 popular tanto no site do desenvolvedor quanto nos sites de cassino. Muitas pessoas lan\u00e7am a vers\u00e3o demo para entender as configura\u00e7\u00f5es da m\u00e1quina ca\u00e7a-n\u00edqueis, experimentar a interface e s\u00f3 depois iniciar o jogo padr\u00e3o com dep\u00f3sito e pagamentos.<\/p>\n\n\n<h2 class=\"wp-block-heading\" id=\"aioseo-gonzos-quest\">Como entrar no jogo de demonstra\u00e7\u00e3o da miss\u00e3o Gonzo<\/h2>\n\n\n<p>A vers\u00e3o demo \u00e9 uma etapa obrigat\u00f3ria para iniciantes que come\u00e7aram recentemente a se familiarizar com o jogo. Ao passar por esta fase, voc\u00ea poder\u00e1 compreender a mec\u00e2nica do jogo e avaliar as capacidades dos s\u00edmbolos especiais. Para executar a vers\u00e3o demo, o usu\u00e1rio precisa:<\/p>\n\n\n\n<ol class=\"wp-block-list\">\n<li>Abra o site oficial do desenvolvedor.<\/li>\n\n\n\n<li>V\u00e1 para a se\u00e7\u00e3o de vers\u00f5es demo dos jogos lan\u00e7ados.<\/li>\n\n\n\n<li>Slot de lan\u00e7amento.<\/li>\n<\/ol>\n\n\n\n<p>Voc\u00ea tamb\u00e9m pode iniciar o modo de demonstra\u00e7\u00e3o do slot no site oficial do cassino licenciado.<\/p>\n\n\n<h2 class=\"wp-block-heading\" id=\"aioseo-gonzos-quest\">Demonstra\u00e7\u00e3o do Gonzo&#039;s Quest online ou offline<\/h2>\n\n\n<p>A vers\u00e3o demo \u00e9 um formato de jogo online. Este modo n\u00e3o pode ser iniciado offline. Mas ocasionalmente os usu\u00e1rios conseguem encontrar plataformas que lhes permitem instalar um cliente de ca\u00e7a-n\u00edqueis e executar um jogo de demonstra\u00e7\u00e3o sem se conectar \u00e0 rede.<\/p>\n\n\n<h2 class=\"wp-block-heading\" id=\"aioseo-faq-gonzos-quest\">FAQ: Perguntas frequentes sobre a demonstra\u00e7\u00e3o da miss\u00e3o do Gonzo<\/h2>\n\n\n<p><strong>\u00c9 poss\u00edvel jogar no slot Gonzo&#039;s Quest de gra\u00e7a e sem dinheiro?<\/strong>&nbsp;Sim, existe um modo de demonstra\u00e7\u00e3o para isso. O usu\u00e1rio n\u00e3o precisa recarregar sua conta ou mesmo se cadastrar no sistema para tentar a sorte no slot.<\/p>\n\n\n\n<p><strong>Qual \u00e9 a melhor maneira de come\u00e7ar: jogando uma demonstra\u00e7\u00e3o de uma miss\u00e3o gonzo ou jogando imediatamente com dinheiro real?<\/strong>&nbsp;Para iniciantes, \u00e9 melhor experimentar primeiro a vers\u00e3o demo do slot para entender como funciona e quais emo\u00e7\u00f5es o jogo evoca. Para usu\u00e1rios experientes, o modo de demonstra\u00e7\u00e3o ser\u00e1 \u00fatil como uma oportunidade para experimentar diferentes estrat\u00e9gias vencedoras.<\/p>\n\n\n\n<p><strong>Como retirar dinheiro ganho no modo de demonstra\u00e7\u00e3o?<\/strong>&nbsp;N\u00e3o ser\u00e1 poss\u00edvel sacar dinheiro. Na vers\u00e3o demo, s\u00e3o emitidos empr\u00e9stimos especiais que n\u00e3o afetam de forma alguma a conta real. Portanto, n\u00e3o \u00e9 necess\u00e1rio criar conta no sistema.<\/p>\n\n\n<h2 class=\"wp-block-heading\" id=\"aioseo-\">Conclus\u00e3o<\/h2>\n\n\n<p>A vers\u00e3o demo do Gonzo&#039;s Quest \u00e9 uma maneira divertida de experimentar o slot enquanto mant\u00e9m seu saldo. Voc\u00ea pode jogar online no site do provedor ou do cassino ou pode iniciar o modo de demonstra\u00e7\u00e3o no aplicativo m\u00f3vel.<\/p>","protected":false},"excerpt":{"rendered":"<p>\u041c\u043d\u043e\u0433\u0438\u0435 \u043e\u043d\u043b\u0430\u0439\u043d-\u043a\u0430\u0437\u0438\u043d\u043e \u0441 \u043b\u0438\u0446\u0435\u043d\u0437\u0438\u0435\u0439 \u043f\u0440\u0435\u0434\u0443\u0441\u043c\u0430\u0442\u0440\u0438\u0432\u0430\u044e\u0442 \u0432\u043e\u0437\u043c\u043e\u0436\u043d\u043e\u0441\u0442\u044c \u0431\u0435\u0441\u043f\u043b\u0430\u0442\u043d\u043e\u0439 \u0438\u0433\u0440\u044b \u0432 Gonzo&#8217;s Quest \u0434\u0435\u043c\u043e. \u041e\u043d\u0430 \u0440\u0435\u0430\u043b\u0438\u0437\u0443\u0435\u0442\u0441\u044f \u043f\u043e\u0441\u0440\u0435\u0434\u0441\u0442\u0432\u043e\u043c \u0434\u0435\u043c\u043e-\u0440\u0435\u0436\u0438\u043c\u0430, \u043a\u043e\u0442\u043e\u0440\u044b\u0439 \u043f\u043e\u0437\u0432\u043e\u043b\u044f\u0435\u0442 \u043f\u043e\u0433\u0440\u0443\u0437\u0438\u0442\u044c\u0441\u044f \u0432 \u0438\u0433\u0440\u0443 \u0431\u0435\u0437\u043e \u0432\u0441\u044f\u043a\u0438\u0445 \u0440\u0438\u0441\u043a\u043e\u0432. \u041f\u043e\u043b\u044c\u0437\u043e\u0432\u0430\u0442\u0435\u043b\u044e \u0434\u0430\u0436\u0435 \u0432 \u0441\u0438\u0441\u0442\u0435\u043c\u0435 \u043d\u0435 \u043d\u0443\u0436\u043d\u043e \u0440\u0435\u0433\u0438\u0441\u0442\u0440\u0438\u0440\u043e\u0432\u0430\u0442\u044c\u0441\u044f, \u0447\u0442\u043e\u0431\u044b \u0437\u0430\u043f\u0443\u0441\u0442\u0438\u0442\u044c \u0432\u0440\u0430\u0449\u0435\u043d\u0438\u044f \u0430\u0432\u0442\u043e\u043c\u0430\u0442\u0430. Gonzo&#8217;s Quest \u0434\u0435\u043c\u043e \u0438\u0433\u0440\u0430 \u0418\u0433\u0440\u0430\u0442\u044c \u0432 \u0434\u0435\u043c\u043e-\u0432\u0435\u0440\u0441\u0438\u044e \u0413\u043e\u043d\u0437\u043e \u041a\u0432\u0435\u0441\u0442 \u0440\u0435\u043a\u043e\u043c\u0435\u043d\u0434\u0443\u0435\u0442\u0441\u044f \u0442\u043e\u043b\u044c\u043a\u043e \u043d\u0430 \u043d\u0430\u0434\u0435\u0436\u043d\u044b\u0445 \u043f\u043b\u043e\u0449\u0430\u0434\u043a\u0430\u0445. \u041f\u043e\u044d\u0442\u043e\u043c\u0443 \u0440\u0435\u043a\u043e\u043c\u0435\u043d\u0434\u0443\u0435\u0442\u0441\u044f \u0437\u0430\u0440\u0430\u043d\u0435\u0435 \u0432\u044b\u0431\u0440\u0430\u0442\u044c \u043d\u0435\u0441\u043a\u043e\u043b\u044c\u043a\u043e \u043f\u043e\u043f\u0443\u043b\u044f\u0440\u043d\u044b\u0445&#8230;<\/p>","protected":false},"author":1,"featured_media":0,"parent":0,"menu_order":0,"comment_status":"closed","ping_status":"closed","template":"","meta":{"_kad_post_transparent":"","_kad_post_title":"","_kad_post_layout":"","_kad_post_sidebar_id":"","_kad_post_content_style":"","_kad_post_vertical_padding":"","_kad_post_feature":"","_kad_post_feature_position":"","_kad_post_header":false,"_kad_post_footer":false,"footnotes":""},"class_list":["post-338","page","type-page","status-publish","hentry"],"aioseo_notices":[],"_links":{"self":[{"href":"https:\/\/gonzo-quest.info\/pt\/wp-json\/wp\/v2\/pages\/338","targetHints":{"allow":["GET"]}}],"collection":[{"href":"https:\/\/gonzo-quest.info\/pt\/wp-json\/wp\/v2\/pages"}],"about":[{"href":"https:\/\/gonzo-quest.info\/pt\/wp-json\/wp\/v2\/types\/page"}],"author":[{"embeddable":true,"href":"https:\/\/gonzo-quest.info\/pt\/wp-json\/wp\/v2\/users\/1"}],"replies":[{"embeddable":true,"href":"https:\/\/gonzo-quest.info\/pt\/wp-json\/wp\/v2\/comments?post=338"}],"version-history":[{"count":14,"href":"https:\/\/gonzo-quest.info\/pt\/wp-json\/wp\/v2\/pages\/338\/revisions"}],"predecessor-version":[{"id":399,"href":"https:\/\/gonzo-quest.info\/pt\/wp-json\/wp\/v2\/pages\/338\/revisions\/399"}],"wp:attachment":[{"href":"https:\/\/gonzo-quest.info\/pt\/wp-json\/wp\/v2\/media?parent=338"}],"curies":[{"name":"wp","href":"https:\/\/api.w.org\/{rel}","templated":true}]}}