{"id":345,"date":"2023-12-03T19:34:47","date_gmt":"2023-12-03T16:34:47","guid":{"rendered":"https:\/\/gonzo-quest.info\/?page_id=345"},"modified":"2023-12-03T19:34:47","modified_gmt":"2023-12-03T16:34:47","slug":"download","status":"publish","type":"page","link":"https:\/\/gonzo-quest.info\/fr\/download\/","title":{"rendered":"T\u00e9l\u00e9charger La Qu\u00eate de Gonzo"},"content":{"rendered":"<p>Vous pouvez t\u00e9l\u00e9charger et jouer \u00e0 Gonzo&#039;s Quest dans une application mobile con\u00e7ue sp\u00e9cifiquement pour les appareils Android. Pour t\u00e9l\u00e9charger le logiciel, vous aurez besoin de :<\/p>\n\n\n\n<ol class=\"wp-block-list\">\n<li>Acc\u00e9dez au service de jeu du syst\u00e8me d&#039;exploitation - Google Play Market.<\/li>\n\n\n\n<li>Saisissez le nom de l&#039;emplacement dans la barre de recherche.<\/li>\n\n\n\n<li>T\u00e9l\u00e9chargez l&#039;application.<\/li>\n<\/ol>\n\n\n\n<p>Il ne reste plus qu&#039;\u00e0 installer le programme. La proc\u00e9dure ne prendra pas plus de deux minutes, mais peut prendre plus de temps si la qualit\u00e9 de la connexion est mauvaise. La derni\u00e8re \u00e9tape que l&#039;utilisateur devra suivre est de lancer le programme et de d\u00e9marrer le jeu.<\/p>\n\n\n<h2 class=\"wp-block-heading\" id=\"%25d0%25ba%25d0%25b0%25d0%25ba-%25d1%2581%25d0%25ba%25d0%25b0%25d1%2587%25d0%25b0%25d1%2582%25d1%258c-gonzos-quest-%25d0%25bd%25d0%25b0-%25d0%25b0%25d0%25bd%25d0%25b4%25d1%2580%25d0%25be%25d0%25b8%25d0%25b4\">Comment t\u00e9l\u00e9charger Gonzo&#039;s Quest sur Android<\/h2>\n\n\n<p>Si vous ne trouvez pas la machine \u00e0 sous sur le Play Market, vous pouvez utiliser une autre m\u00e9thode de t\u00e9l\u00e9chargement. Pour ce faire, vous avez besoin de\u00a0:<\/p>\n\n\n\n<ol class=\"wp-block-list\">\n<li>Acc\u00e9dez \u00e0 un site Web source fiable sur lequel le fichier APK est disponible.<\/li>\n\n\n\n<li>T\u00e9l\u00e9verser un fichier.<\/li>\n\n\n\n<li>Installer l&#039;application.<\/li>\n<\/ol>\n\n\n\n<p>Avant d&#039;effectuer la troisi\u00e8me \u00e9tape, il est recommand\u00e9 de d\u00e9sactiver les param\u00e8tres de s\u00e9curit\u00e9. Sinon, le syst\u00e8me ne vous permettra pas d&#039;installer des logiciels t\u00e9l\u00e9charg\u00e9s \u00e0 partir d&#039;une source tierce. Cela peut \u00eatre fait dans les param\u00e8tres principaux de l&#039;appareil.<\/p>\n\n\n<h2 class=\"wp-block-heading\" id=\"%25d0%25ba%25d0%25b0%25d0%25ba-%25d1%2581%25d0%25ba%25d0%25b0%25d1%2587%25d0%25b0%25d1%2582%25d1%258c-gonzos-quest-%25d0%25bd%25d0%25b0-ios\">Comment t\u00e9l\u00e9charger Gonzo&#039;s Quest sur iOS<\/h2>\n\n\n<p>Le t\u00e9l\u00e9chargement de l&#039;application mobile Gonzo&#039;s Quest sur les appareils Apple ne pose \u00e9galement aucun probl\u00e8me. Vous pouvez t\u00e9l\u00e9charger le logiciel depuis l&#039;AppStore ou une autre source fiable proposant des packages d&#039;installation pour l&#039;application de machine \u00e0 sous vid\u00e9o. Ici, il suffit de noter que la taille du programme et son temps de t\u00e9l\u00e9chargement peuvent varier en fonction des caract\u00e9ristiques de l&#039;appareil et de la vitesse de connexion.<\/p>\n\n\n<h2 class=\"wp-block-heading\" id=\"%25d0%25b3%25d0%25b4%25d0%25b5-%25d0%25bb%25d1%2583%25d1%2587%25d1%2588%25d0%25b5-%25d1%2581%25d0%25ba%25d0%25b0%25d1%2587%25d0%25b0%25d1%2582%25d1%258c-gonzos-quest\">Quel est le meilleur endroit pour t\u00e9l\u00e9charger Gonzo&#039;s Quest ?<\/h2>\n\n\n<p>Les meilleures sources pour t\u00e9l\u00e9charger l&#039;application mobile Gonzo&#039;s Quest sont les services de jeux des syst\u00e8mes d&#039;exploitation. Pour Android, il s&#039;agit de Google Play Market, pour iPhone - AppStore. Les deux options sont consid\u00e9r\u00e9es comme les plus fiables, car elles impl\u00e9mentent un logiciel s\u00fbr et de haute qualit\u00e9.<\/p>\n\n\n\n<p>Bien entendu, il existe d\u2019autres sources o\u00f9 vous pouvez t\u00e9l\u00e9charger l\u2019application. Plus pr\u00e9cis\u00e9ment, un fichier d&#039;installation avec une extension APK. Avant de t\u00e9l\u00e9charger, vous devez s\u00e9lectionner le syst\u00e8me d&#039;exploitation et v\u00e9rifier les param\u00e8tres de s\u00e9curit\u00e9 de l&#039;appareil afin de pouvoir installer l&#039;application ult\u00e9rieurement.<\/p>\n\n\n\n<figure class=\"wp-block-table\"><table><thead><tr><td>Source<\/td><td>Avantages<\/td><td>D\u00e9fauts<\/td><\/tr><\/thead><tbody><tr><td>March\u00e9 Google Play<\/td><td>Service avec un logiciel \u00e9prouv\u00e9, \u00e9limine le t\u00e9l\u00e9chargement de logiciels malveillants<\/td><td>La machine \u00e0 sous vid\u00e9o Gonzo&#039;s Quest peut ne pas \u00eatre visible dans le service de jeu dans un certain nombre de r\u00e9gions o\u00f9 les activit\u00e9s des clubs de jeux sont interdites<\/td><\/tr><tr><td>Magasin d&#039;applications<\/td><td>Un service avec des applications fiables et s\u00fbres qui n&#039;endommageront pas le syst\u00e8me d&#039;exploitation<\/td><td>La machine \u00e0 sous vid\u00e9o Gonzo&#039;s Quest peut ne pas \u00eatre visible dans le service de jeu dans un certain nombre de r\u00e9gions o\u00f9 les activit\u00e9s des clubs de jeux sont interdites<\/td><\/tr><tr><td>Sites Web tiers<\/td><td>Ils proposent un large choix de versions du jeu populaire<\/td><td>Il existe une forte probabilit\u00e9 de t\u00e9l\u00e9charger des logiciels malveillants<\/td><\/tr><\/tbody><\/table><\/figure>\n\n\n\n<p>Quelle que soit la m\u00e9thode de t\u00e9l\u00e9chargement choisie, apr\u00e8s avoir install\u00e9 et lanc\u00e9 l&#039;application, l&#039;utilisateur pourra d\u00e9couvrir le gameplay dans toute sa splendeur et commencer \u00e0 jouer avec de l&#039;argent r\u00e9el.<\/p>\n\n\n\n<p><strong>Comment installer Gonzo&#039;s Quest sur votre t\u00e9l\u00e9phone<\/strong><\/p>\n\n\n\n<p>Le t\u00e9l\u00e9chargement de l&#039;application mobile Gonzo&#039;s Quest du d\u00e9veloppeur NetEnt s&#039;effectue via des services de jeux ou via l&#039;utilisation de ressources tierces. Les clients du casino peuvent \u00e9galement t\u00e9l\u00e9charger le logiciel du club de jeu, qui donnera \u00e9galement acc\u00e8s \u00e0 la machine \u00e0 sous vid\u00e9o souhait\u00e9e.<\/p>\n\n\n\n<p>Avant de t\u00e9l\u00e9charger l&#039;application, il est recommand\u00e9 de v\u00e9rifier les caract\u00e9ristiques du syst\u00e8me d&#039;exploitation pour s&#039;assurer que le logiciel peut \u00eatre install\u00e9. Il est \u00e9galement recommand\u00e9 de s&#039;assurer que votre t\u00e9l\u00e9phone ou autre appareil dispose de suffisamment de m\u00e9moire pour installer le programme.<\/p>\n\n\n\n<p><strong>Comment installer Gonzo&#039;s Quest sur iPhone<\/strong><\/p>\n\n\n\n<p>L&#039;installation de Gonzo&#039;s Quest sur les appareils iOS implique plusieurs \u00e9tapes\u00a0:<\/p>\n\n\n\n<ol class=\"wp-block-list\">\n<li>L&#039;utilisateur t\u00e9l\u00e9charge l&#039;application depuis un service de jeu ou une source tierce.<\/li>\n\n\n\n<li>Lance le fichier d&#039;installation.<\/li>\n\n\n\n<li>En attente de l&#039;installation du programme.<\/li>\n\n\n\n<li>Lance le jeu dont l&#039;ic\u00f4ne appara\u00eet sur le bureau.<\/li>\n<\/ol>\n\n\n\n<p>Apr\u00e8s cela, il ne lui reste plus qu&#039;\u00e0 recharger son compte ou \u00e0 lancer la version d\u00e9mo de la slot.<\/p>\n\n\n\n<p><strong>Comment installer Gonzo&#039;s Quest sur Windows<\/strong><\/p>\n\n\n\n<p>Vous pouvez \u00e9galement installer l&#039;application Gonzo&#039;s Quest sur un ordinateur ou un autre appareil ex\u00e9cutant le syst\u00e8me d&#039;exploitation Windows. Pour ce faire, au stade du d\u00e9marrage, vous devrez s\u00e9lectionner le syst\u00e8me d&#039;exploitation appropri\u00e9. Il ne reste ensuite plus qu&#039;\u00e0 installer le programme et \u00e0 l&#039;ex\u00e9cuter. De plus, les clients du casino ou du fournisseur NetEnt peuvent jouer \u00e0 Gonzo Quest depuis n&#039;importe quel navigateur. Dans ce cas, vous n\u2019aurez rien \u00e0 t\u00e9l\u00e9charger de plus.<\/p>\n\n\n\n<p><strong>La meilleure fa\u00e7on de jouer \u00e0 Gonzo Quest \u2013 via une application sur un smartphone ou un ordinateur de bureau<\/strong><\/p>\n\n\n\n<p>Le choix entre les appareils pour jouer \u00e0 Gonzo&#039;s Quest d\u00e9pend de plusieurs facteurs. Le principal concerne les pr\u00e9f\u00e9rences personnelles de l\u2019utilisateur. Il convient de noter quelques avantages des PC et des appareils mobiles. Les avantages de jouer sur t\u00e9l\u00e9phones et tablettes incluent\u00a0:<\/p>\n\n\n\n<ul class=\"wp-block-list\">\n<li>mobilit\u00e9;<\/li>\n\n\n\n<li>la flexibilit\u00e9;<\/li>\n\n\n\n<li>Facilit\u00e9 d&#039;utilisation.<\/li>\n<\/ul>\n\n\n\n<p>En d\u2019autres termes, depuis le t\u00e9l\u00e9phone, l\u2019utilisateur peut lancer le slot \u00e0 tout moment et n\u2019importe o\u00f9, \u00e0 condition qu\u2019il ait acc\u00e8s au r\u00e9seau.<\/p>\n\n\n\n<p>Les avantages de jouer depuis un ordinateur sont un \u00e9cran large, des conditions confortables et un chargement rapide de la machine \u00e0 sous vid\u00e9o. Si vous devez vous rendre quelque part ou partir, vous pouvez lancer le slot depuis votre ordinateur portable.<\/p>\n\n\n\n<p>Les deux options offrent un excellent niveau de graphismes de jeu. Par cons\u00e9quent, tout d&#039;abord, il est recommand\u00e9 de prendre en compte votre propre confort et vos sentiments lorsque vous choisissez une fa\u00e7on de jouer \u00e0 Gonzo&#039;s Quest.<\/p>\n\n\n<h2 class=\"wp-block-heading\" id=\"%25d1%2587%25d0%25b0%25d1%2581%25d1%2582%25d0%25be-%25d0%25b7%25d0%25b0%25d0%25b4%25d0%25b0%25d0%25b2%25d0%25b0%25d0%25b5%25d0%25bc%25d1%258b%25d0%25b5-%25d0%25b2%25d0%25be%25d0%25bf%25d1%2580%25d0%25be%25d1%2581%25d1%258b-%25d0%25bf%25d1%2580%25d0%25b8-%25d1%2581%25d0%25ba%25d0%25b0%25d1%2587%25d0%25b8%25d0%25b2%25d0%25b0\">Questions fr\u00e9quemment pos\u00e9es lors du t\u00e9l\u00e9chargement du jeu<\/h2>\n\n\n<p><strong>Dois-je t\u00e9l\u00e9charger le jeu pour jouer sur PC ?<\/strong><\/p>\n\n\n\n<p>Oui, vous devrez t\u00e9l\u00e9charger le jeu pour jouer \u00e0 Gonzo&#039;s Quest. Vous pouvez t\u00e9l\u00e9charger le logiciel depuis le site officiel du d\u00e9veloppeur NetEnt ou via n&#039;importe quelle plateforme fiable, si vous y avez acc\u00e8s. Avant de t\u00e9l\u00e9charger, il est recommand\u00e9 de v\u00e9rifier la version de Windows ou d&#039;un autre syst\u00e8me d&#039;exploitation de votre appareil mobile, car tout le monde ne prend pas en charge le slot.<\/p>\n\n\n\n<p><strong>Quel est le montant minimum pour d\u00e9marrer le jeu ?<\/strong><\/p>\n\n\n\n<p>La mise minimale dans Gonzo&#039;s Quest est de 20 cents. Cependant, certains casinos modifient le minimum, en le fixant, par exemple, de $10 par pari.<\/p>\n\n\n\n<p><strong>Comment les gains de Gonzo&#039;s Quest sont-ils calcul\u00e9s\u00a0?<\/strong><\/p>\n\n\n\n<p>Le montant gagnant est d\u00e9termin\u00e9 en fonction des symboles qui apparaissent sur la ligne active. Plus les images sont identiques et plus la combinaison est rare, plus le montant est important. Parfois, les gains peuvent \u00eatre augment\u00e9s si des multiplicateurs suppl\u00e9mentaires apparaissent \u00e0 l&#039;\u00e9cran.<\/p>\n\n\n\n<p><strong>Qui est le d\u00e9veloppeur du jeu<\/strong><\/p>\n\n\n\n<p>La machine \u00e0 sous Gonzo&#039;s Quest a \u00e9t\u00e9 d\u00e9velopp\u00e9e par NetEnt. C&#039;est l&#039;un des principaux fournisseurs de logiciels de jeu pour les casinos en ligne.<\/p>\n\n\n\n<p><strong>Comment installer l&#039;application Gonzo Quest sur votre iPhone ou iPad<\/strong><\/p>\n\n\n\n<p>La machine \u00e0 sous peut \u00eatre install\u00e9e sur un iPhone ou un iPad. Pour ce faire, vous devez vous rendre sur le service d&#039;application AppStrore, t\u00e9l\u00e9charger l&#039;application souhait\u00e9e et la lancer.<\/p>\n\n\n\n<p><strong>Est-il pratique de jouer depuis un t\u00e9l\u00e9phone ?<\/strong><\/p>\n\n\n\n<p>Le d\u00e9veloppeur a optimis\u00e9 l&#039;application pour les appareils mobiles, ce qui a permis de jouer \u00e0 partir de smartphones, tablettes et autres gadgets fonctionnant sous Android et iOS. Les joueurs peuvent profiter de leurs aventures pr\u00e9f\u00e9r\u00e9es \u00e0 tout moment tant qu\u2019ils ont acc\u00e8s \u00e0 Internet. Vous pouvez t\u00e9l\u00e9charger le logiciel depuis le site officiel ou le service de jeu du syst\u00e8me d&#039;exploitation : Android ou iOS. Le jeu est disponible en deux modes : payant et gratuit.<\/p>","protected":false},"excerpt":{"rendered":"<p>Vous pouvez t\u00e9l\u00e9charger et jouer \u00e0 Gonzo&#039;s Quest dans une application mobile con\u00e7ue sp\u00e9cifiquement pour les appareils Android. Pour t\u00e9l\u00e9charger le logiciel, vous aurez besoin de : Apr\u00e8s cela, il ne reste plus qu&#039;\u00e0 installer le programme. La proc\u00e9dure ne prendra pas plus de deux minutes, mais peut prendre plus de temps si la qualit\u00e9 de la connexion est mauvaise. La derni\u00e8re \u00e9tape que l&#039;utilisateur devra suivre est de lancer le programme et de d\u00e9marrer le jeu. Comment t\u00e9l\u00e9charger Gonzo&#039;s Quest sur\u2026<\/p>","protected":false},"author":1,"featured_media":0,"parent":0,"menu_order":0,"comment_status":"closed","ping_status":"closed","template":"","meta":{"_kad_post_transparent":"","_kad_post_title":"","_kad_post_layout":"","_kad_post_sidebar_id":"","_kad_post_content_style":"","_kad_post_vertical_padding":"","_kad_post_feature":"","_kad_post_feature_position":"","_kad_post_header":false,"_kad_post_footer":false,"footnotes":""},"class_list":["post-345","page","type-page","status-publish","hentry"],"aioseo_notices":[],"_links":{"self":[{"href":"https:\/\/gonzo-quest.info\/fr\/wp-json\/wp\/v2\/pages\/345","targetHints":{"allow":["GET"]}}],"collection":[{"href":"https:\/\/gonzo-quest.info\/fr\/wp-json\/wp\/v2\/pages"}],"about":[{"href":"https:\/\/gonzo-quest.info\/fr\/wp-json\/wp\/v2\/types\/page"}],"author":[{"embeddable":true,"href":"https:\/\/gonzo-quest.info\/fr\/wp-json\/wp\/v2\/users\/1"}],"replies":[{"embeddable":true,"href":"https:\/\/gonzo-quest.info\/fr\/wp-json\/wp\/v2\/comments?post=345"}],"version-history":[{"count":3,"href":"https:\/\/gonzo-quest.info\/fr\/wp-json\/wp\/v2\/pages\/345\/revisions"}],"predecessor-version":[{"id":396,"href":"https:\/\/gonzo-quest.info\/fr\/wp-json\/wp\/v2\/pages\/345\/revisions\/396"}],"wp:attachment":[{"href":"https:\/\/gonzo-quest.info\/fr\/wp-json\/wp\/v2\/media?parent=345"}],"curies":[{"name":"wp","href":"https:\/\/api.w.org\/{rel}","templated":true}]}}