{"id":343,"date":"2023-12-03T19:22:35","date_gmt":"2023-12-03T16:22:35","guid":{"rendered":"https:\/\/gonzo-quest.info\/?page_id=343"},"modified":"2023-12-03T19:34:37","modified_gmt":"2023-12-03T16:34:37","slug":"casino","status":"publish","type":"page","link":"https:\/\/gonzo-quest.info\/fr\/casino\/","title":{"rendered":"O\u00f9 jouer \u00e0 Gonzo&#039;s Quest"},"content":{"rendered":"<h2 class=\"wp-block-heading\" id=\"%25d0%25ba%25d0%25b0%25d0%25ba%25d0%25be%25d0%25b5-%25d0%25ba%25d0%25b0%25d0%25b7%25d0%25b8%25d0%25bd%25d0%25be-%25d0%25bf%25d0%25be%25d0%25b4%25d1%2585%25d0%25be%25d0%25b4%25d0%25b8%25d1%2582-%25d0%25b4%25d0%25bb%25d1%258f-%25d0%25b8%25d0%25b3%25d1%2580%25d1%258b-gonzos-quest\">Quel casino est adapt\u00e9 pour jouer \u00e0 la qu\u00eate de Gonzo ?<\/h2>\n\n\n<p>Un des points importants \u00e0 parcourir avant de lancer la machine \u00e0 sous <a href=\"\/fr\/\" title=\"\">La qu\u00eate de Gonzo<\/a>, \u2014 trouvez un casino en ligne fiable. Lors du choix d&#039;une plateforme, il est recommand\u00e9 de prendre en compte non seulement vos propres go\u00fbts ou attentes, mais \u00e9galement de v\u00e9rifier :<\/p>\n\n\n\n<ul class=\"wp-block-list\">\n<li>disponibilit\u00e9 d&#039;une licence;<\/li>\n\n\n\n<li>Commentaires;<\/li>\n\n\n\n<li>Commentaires;<\/li>\n\n\n\n<li>syst\u00e8mes de paiement disponibles\u00a0;<\/li>\n\n\n\n<li>limites de r\u00e9approvisionnement du compte et de retrait de fonds\u00a0;<\/li>\n\n\n\n<li>bonus.<\/li>\n<\/ul>\n\n\n\n<p>Une attention particuli\u00e8re doit \u00eatre port\u00e9e \u00e0 la licence. Il s&#039;agit d&#039;un document sp\u00e9cial qui garantit le fonctionnement l\u00e9gal d&#039;un casino en ligne. En d&#039;autres termes, la licence signifie que tous les droits de l&#039;utilisateur enregistr\u00e9 sont prot\u00e9g\u00e9s et que le site lui-m\u00eame fonctionne conform\u00e9ment \u00e0 la loi.<\/p>\n\n\n<h2 class=\"wp-block-heading\" id=\"%25d0%25b3%25d0%25b4%25d0%25b5-%25d0%25b8%25d0%25b3%25d1%2580%25d0%25b0%25d1%2582%25d1%258c-%25d0%25b2-gonzos-quest\">O\u00f9 jouer \u00e0 la qu\u00eate de Gonzo<\/h2>\n\n\n<p>Il existe de nombreux sites connus o\u00f9 cela se produit <a href=\"\/fr\/\" title=\"\">Machine \u00e0 sous de qu\u00eate de Gonzo<\/a>. Parmi les plus populaires et les plus fiables figurent :<\/p>\n\n\n\n<ol class=\"wp-block-list\">\n<li>\u00c9pingler. Un casino en ligne avec une licence valide et une large gamme de machines \u00e0 sous. Parmi les avantages, les utilisateurs soulignent en outre un programme de bonus g\u00e9n\u00e9reux avec des conditions simples pour gagner des cadeaux, une inscription pratique et un service de haute qualit\u00e9.<\/li>\n\n\n\n<li>1 victoire. Un casino qui fonctionne sous licence et propose aux utilisateurs des machines \u00e0 sous des principaux fournisseurs. Y compris la qu\u00eate de Gonzo de NetEnt. Les avantages du site officiel incluent une interface simple et intuitive, une abondance de syst\u00e8mes de paiement pour les transactions mon\u00e9taires et des paiements rapides.<\/li>\n<\/ol>\n\n\n\n<p>Ce sont peut-\u00eatre les meilleurs casinos qui disposent de la machine \u00e0 sous Gonzo&#039;s Quest.<\/p>\n\n\n<h2 class=\"wp-block-heading\" id=\"%25d1%2582%25d0%25b0%25d0%25b1%25d0%25bb%25d0%25b8%25d1%2586%25d0%25b0-%25d1%2585%25d0%25b0%25d1%2580%25d0%25b0%25d0%25ba%25d1%2582%25d0%25b5%25d1%2580%25d0%25b8%25d1%2581%25d1%2582%25d0%25b8%25d0%25ba-%25d0%25b8%25d0%25b3%25d1%2580%25d1%258b-gonzos-quest\">Tableau des caract\u00e9ristiques du jeu Gonzo&#039;s Quest<\/h2>\n\n\n<p>Gonzo&#039;s Quest est une machine \u00e0 sous d&#039;aventure avec un design lumineux et une interface claire. Caract\u00e9ristiques du jeu :<\/p>\n\n\n\n<ul class=\"wp-block-list\">\n<li>fournisseur \u2013 NetEnt ;<\/li>\n\n\n\n<li>nombre de lignes \u2013 3\u00a0;<\/li>\n\n\n\n<li>opportunit\u00e9s - tours gratuits ;<\/li>\n\n\n\n<li>nombre de lignes actives \u2013 20\u00a0;<\/li>\n\n\n\n<li>th\u00e8me - histoire, tr\u00e9sors ;<\/li>\n\n\n\n<li>RTP-96%.<\/li>\n<\/ul>\n\n\n\n<p>La mise minimale est de 20 centimes, le multiplicateur maximum est de 2 500. Vous pouvez jouer \u00e0 la machine \u00e0 sous avec de l&#039;argent r\u00e9el et enti\u00e8rement gratuitement si vous utilisez la version d\u00e9mo.<\/p>\n\n\n<h2 class=\"wp-block-heading\" id=\"%25d0%25ba%25d0%25b0%25d0%25ba-%25d0%25b2%25d1%258b%25d0%25b1%25d1%2580%25d0%25b0%25d1%2582%25d1%258c-%25d0%25bd%25d0%25b0%25d0%25b4%25d0%25b5%25d0%25b6%25d0%25bd%25d0%25be%25d0%25b5-%25d0%25ba%25d0%25b0%25d0%25b7%25d0%25b8%25d0%25bd%25d0%25be-%25d0%25b4%25d0%25bb%25d1%258f-%25d0%25b8%25d0%25b3%25d1%2580%25d1%258b-%25d0%25b2\">Comment choisir un casino fiable pour jouer \u00e0 Gonzo Quest<\/h2>\n\n\n<p>Avant de commencer \u00e0 jouer \u00e0 Gonzo Quest avec de l&#039;argent r\u00e9el, vous devez choisir avec soin un casino. Afin de ne pas se tromper, il convient de prendre en compte plusieurs facteurs, dont, comme d\u00e9j\u00e0 indiqu\u00e9, la licence. C&#039;est elle qui est la garante d&#039;un jeu s\u00fbr et surtout fair-play. De plus, les utilisateurs doivent pr\u00eater attention \u00e0\u00a0:<\/p>\n\n\n\n<ol class=\"wp-block-list\">\n<li>Conditions du jeu. Ceux-ci incluent les limites et conditions du programme de bonus.<\/li>\n\n\n\n<li>R\u00e9putation du casino. Vous pouvez en apprendre davantage \u00e0 partir des avis ou des avis d&#039;autres utilisateurs. Les informations sont disponibles sur Internet.<\/li>\n\n\n\n<li>Gamme. Les casinos fiables proposent des machines \u00e0 sous de fournisseurs renomm\u00e9s. Cela garantit que l&#039;administration du club de jeu n&#039;a pas acc\u00e8s aux param\u00e8tres de la machine \u00e0 sous.<\/li>\n<\/ol>\n\n\n\n<p>En prenant l\u2019exemple de trois casinos populaires, nous pouvons analyser leur fiabilit\u00e9.<\/p>\n\n\n\n<figure class=\"wp-block-table\"><table><thead><tr><td>Nom du casino<\/td><td>Avez-vous un permis?<\/td><td>Montant minimum du d\u00e9p\u00f4t, $<\/td><td>Montant minimum du paiement, $<\/td><td>Bonus<\/td><td>M\u00e9thodes de r\u00e9approvisionnement<\/td><td>Contacts d&#039;assistance<\/td><\/tr><\/thead><tbody><tr><td>\u00c9pingler<\/td><td>Oui<\/td><td>10<\/td><td>10<\/td><td>Oui<\/td><td>Cartes bancaires de cr\u00e9dit et de d\u00e9bit\u00a0; portefeuilles \u00e9lectroniques\u00a0; Syst\u00e8mes de paiement \u00e9lectronique<\/td><td>Chat en ligne, e-mail, t\u00e9l\u00e9phone mobile<\/td><\/tr><tr><td>1 victoire<\/td><td>Oui<\/td><td>10<\/td><td>10<\/td><td>Oui<\/td><td>Cartes bancaires de cr\u00e9dit et de d\u00e9bit\u00a0; portefeuilles \u00e9lectroniques\u00a0; Syst\u00e8mes de paiement \u00e9lectronique<\/td><td>Chat en ligne, e-mail, t\u00e9l\u00e9phone mobile<\/td><\/tr><tr><td>Vavada<\/td><td>Oui<\/td><td>10<\/td><td>10<\/td><td>Oui<\/td><td>Cartes bancaires de cr\u00e9dit et de d\u00e9bit\u00a0; portefeuilles \u00e9lectroniques\u00a0; Syst\u00e8mes de paiement \u00e9lectronique<\/td><td>Chat en ligne, e-mail, t\u00e9l\u00e9phone mobile<\/td><\/tr><\/tbody><\/table><\/figure>\n\n\n\n<p>Si vous suivez les recommandations et trouvez \u00e0 l&#039;avance les informations n\u00e9cessaires sur la plateforme que vous aimez, vous pourrez d\u00e9cider rapidement de vous inscrire ou non.<\/p>\n\n\n<h2 class=\"wp-block-heading\" id=\"%25d0%25b2%25d0%25be%25d0%25bf%25d1%2580%25d0%25be%25d1%2581%25d1%258b-%25d0%25b8-%25d0%25be%25d1%2582%25d0%25b2%25d0%25b5%25d1%2582%25d1%258b-%25d0%25bf%25d1%2580%25d0%25be-%25d0%25ba%25d0%25b0%25d0%25b7%25d0%25b8%25d0%25bd%25d0%25be\">Questions et r\u00e9ponses sur les casinos<\/h2>\n\n\n<p><strong>Quels param\u00e8tres utiliser pour choisir un casino ?<\/strong><\/p>\n\n\n\n<p>Lorsque vous recherchez un casino proposant Gonzo&#039;s Quest, vous devez prendre en compte plusieurs facteurs : de la licence \u00e0 la gamme de machines \u00e0 sous, en passant par les bonus et les conditions de mise.<\/p>\n\n\n\n<p><strong>Quel est le multiplicateur maximum ?<\/strong><\/p>\n\n\n\n<p>Le multiplicateur maximum de la qu\u00eate de Gonzo atteint 2\u00a0500.<\/p>\n\n\n\n<p><strong>Qu\u2019est-ce que la \u00ab\u00a0collecte automatique\u00a0\u00bb ou la \u00ab\u00a0suppression automatique\u00a0\u00bb\u00a0?<\/strong><\/p>\n\n\n\n<p>La collecte automatique ou le retrait automatique est une fonction gr\u00e2ce \u00e0 laquelle les gains de l&#039;utilisateur sont automatiquement retir\u00e9s apr\u00e8s un tour r\u00e9ussi. Le joueur n\u2019a aucune action suppl\u00e9mentaire \u00e0 effectuer.<\/p>\n\n\n\n<p><strong>Pourquoi fait-on deux paris en m\u00eame temps ?<\/strong><\/p>\n\n\n\n<p>Deux paris augmentent vos chances de gagner. Les joueurs ont souvent recours \u00e0 cette option lorsqu&#039;ils utilisent diverses strat\u00e9gies.<\/p>\n\n\n\n<p><strong>Est-il possible de jouer gratuitement \u00e0 la qu\u00eate de Gonzo ?<\/strong><\/p>\n\n\n\n<p>Oui, la machine \u00e0 sous dispose d&#039;un mode d\u00e9mo qui permet de jouer gratuitement. Il est \u00e0 noter qu&#039;une version d\u00e9mo de Gonzo&#039;s Quest est disponible dans tous les casinos populaires.<\/p>\n\n\n\n<p><strong>Dois-je t\u00e9l\u00e9charger le jeu pour jouer sur PC ?<\/strong><\/p>\n\n\n\n<p>Non, vous n&#039;avez pas besoin de t\u00e9l\u00e9charger le jeu. Vous pouvez lancer la slot depuis n\u2019importe quel navigateur en vous rendant sur le site officiel du casino en ligne.<\/p>\n\n\n\n<p><strong>Comment gagner le jackpot maximum de la qu\u00eate gonzo ?<\/strong><\/p>\n\n\n\n<p>Pour gagner le montant maximum dans la qu\u00eate de Gonzo, la ligne active doit collecter jusqu&#039;\u00e0 5 images identiques. Dans ce cas, la mise doit \u00eatre maximale.<\/p>\n\n\n\n<p><strong>Quel est le montant minimum pour commencer \u00e0 jouer ?<\/strong><\/p>\n\n\n\n<p>La mise minimale dans la qu\u00eate de Gonzo est de 20 centimes. Cependant, la valeur peut varier selon les casinos.<\/p>\n\n\n\n<p><strong>Comment retirer de l\u2019argent sans commission ?<\/strong><\/p>\n\n\n\n<p>Le retrait sans commission est possible via le m\u00eame syst\u00e8me que celui utilis\u00e9 par le joueur pour reconstituer le compte. Cependant, avant de d\u00e9poser une demande, vous devez vous familiariser avec la politique du casino.<\/p>\n\n\n\n<p><strong>Comment gagner au casino Gonzo&#039;s Quest ?<\/strong><\/p>\n\n\n\n<p>La machine \u00e0 sous vid\u00e9o Gonzo&#039;s Quest fonctionne sur le principe d&#039;un g\u00e9n\u00e9rateur de nombres al\u00e9atoires, les gains d\u00e9pendent donc de la chance et de la strat\u00e9gie utilis\u00e9e par l&#039;utilisateur. Avant de commencer \u00e0 jouer avec de l&#039;argent r\u00e9el, il est recommand\u00e9 d&#039;essayer la version d\u00e9mo.<\/p>\n\n\n<h2 class=\"wp-block-heading\" id=\"%25d0%25ba%25d0%25b0%25d0%25ba%25d0%25be%25d0%25b5-%25d0%25ba%25d0%25b0%25d0%25b7%25d0%25b8%25d0%25bd%25d0%25be-%25d0%25bb%25d1%2583%25d1%2587%25d1%2588%25d0%25b5-%25d0%25b2%25d1%2581%25d0%25b5%25d0%25b3%25d0%25be-%25d0%25bf%25d0%25be%25d0%25b4%25d1%2585%25d0%25be%25d0%25b4%25d0%25b8%25d1%2582-%25d0%25b4%25d0%25bb%25d1%258f\">Quel casino est le meilleur pour jouer \u00e0 Gonzo&#039;s Quest ?<\/h2>\n\n\n<p>Les casinos les plus populaires pour jouer \u00e0 la qu\u00eate de Gonzo sont Pin Up, 1 win et Vavada. Toutes les plateformes fonctionnent sous une licence officielle et re\u00e7oivent de nombreuses critiques positives en ligne.<\/p>\n\n\n\n<p>Pin Up Casino propose aux utilisateurs un large choix de bonus et de machines \u00e0 sous, dont beaucoup incluent une version gratuite. Le montant minimum du d\u00e9p\u00f4t est de 100 roubles. <\/p>\n\n\n\n<p>1win convient aussi bien aux joueurs d\u00e9butants qu\u2019aux joueurs exp\u00e9riment\u00e9s. Le site officiel contient plus de 3 500 machines \u00e0 sous et autres jeux de hasard ; les conditions d&#039;octroi des bonus de mise sont consid\u00e9r\u00e9es comme parmi les plus fid\u00e8les. Vavada est un casino proposant une riche collection de jeux, des cadeaux attrayants et un programme de fid\u00e9lit\u00e9.<\/p>","protected":false},"excerpt":{"rendered":"<p>\u041a\u0430\u043a\u043e\u0435 \u043a\u0430\u0437\u0438\u043d\u043e \u043f\u043e\u0434\u0445\u043e\u0434\u0438\u0442 \u0434\u043b\u044f \u0438\u0433\u0440\u044b Gonzo&#8217;s quest \u041e\u0434\u0438\u043d \u0438\u0437 \u0432\u0430\u0436\u043d\u044b\u0445 \u043f\u0443\u043d\u043a\u0442\u043e\u0432, \u043a\u043e\u0442\u043e\u0440\u044b\u0439 \u043d\u0443\u0436\u043d\u043e \u043f\u0440\u043e\u0439\u0442\u0438 \u043f\u0435\u0440\u0435\u0434 \u0437\u0430\u043f\u0443\u0441\u043a\u043e\u043c \u0438\u0433\u0440\u043e\u0432\u043e\u0433\u043e \u0430\u0432\u0442\u043e\u043c\u0430\u0442\u0430 Gonzo&#8217;s quest, &#8212; \u043d\u0430\u0439\u0442\u0438 \u043d\u0430\u0434\u0435\u0436\u043d\u043e\u0435 \u043e\u043d\u043b\u0430\u0439\u043d-\u043a\u0430\u0437\u0438\u043d\u043e. \u041f\u0440\u0438 \u0432\u044b\u0431\u043e\u0440\u0435 \u043f\u043b\u0430\u0442\u0444\u043e\u0440\u043c\u044b \u0440\u0435\u043a\u043e\u043c\u0435\u043d\u0434\u0443\u0435\u0442\u0441\u044f \u0443\u0447\u0438\u0442\u044b\u0432\u0430\u0442\u044c \u043d\u0435 \u0442\u043e\u043b\u044c\u043a\u043e \u0441\u043e\u0431\u0441\u0442\u0432\u0435\u043d\u043d\u044b\u0435 \u0432\u043a\u0443\u0441\u044b \u0438\u043b\u0438 \u043e\u0436\u0438\u0434\u0430\u043d\u0438\u044f, \u043d\u043e \u0442\u0430\u043a\u0436\u0435 \u043f\u0440\u043e\u0432\u0435\u0440\u0438\u0442\u044c: \u041e\u0441\u043e\u0431\u043e\u0435 \u0432\u043d\u0438\u043c\u0430\u043d\u0438\u0435 \u0441\u0442\u043e\u0438\u0442 \u0443\u0434\u0435\u043b\u0438\u0442\u044c \u043b\u0438\u0446\u0435\u043d\u0437\u0438\u0438. \u042d\u0442\u043e \u0441\u043f\u0435\u0446\u0438\u0430\u043b\u044c\u043d\u044b\u0439 \u0434\u043e\u043a\u0443\u043c\u0435\u043d\u0442, \u043a\u043e\u0442\u043e\u0440\u044b\u0439 \u0433\u0430\u0440\u0430\u043d\u0442\u0438\u0440\u0443\u0435\u0442 \u043b\u0435\u0433\u0430\u043b\u044c\u043d\u0443\u044e \u0434\u0435\u044f\u0442\u0435\u043b\u044c\u043d\u043e\u0441\u0442\u044c \u043e\u043d\u043b\u0430\u0439\u043d-\u043a\u0430\u0437\u0438\u043d\u043e. \u0414\u0440\u0443\u0433\u0438\u043c\u0438 \u0441\u043b\u043e\u0432\u0430\u043c\u0438, \u043b\u0438\u0446\u0435\u043d\u0437\u0438\u044f \u043e\u0437\u043d\u0430\u0447\u0430\u0435\u0442,&#8230;<\/p>","protected":false},"author":1,"featured_media":0,"parent":0,"menu_order":0,"comment_status":"closed","ping_status":"closed","template":"","meta":{"_kad_post_transparent":"","_kad_post_title":"","_kad_post_layout":"","_kad_post_sidebar_id":"","_kad_post_content_style":"","_kad_post_vertical_padding":"","_kad_post_feature":"","_kad_post_feature_position":"","_kad_post_header":false,"_kad_post_footer":false,"footnotes":""},"class_list":["post-343","page","type-page","status-publish","hentry"],"aioseo_notices":[],"_links":{"self":[{"href":"https:\/\/gonzo-quest.info\/fr\/wp-json\/wp\/v2\/pages\/343","targetHints":{"allow":["GET"]}}],"collection":[{"href":"https:\/\/gonzo-quest.info\/fr\/wp-json\/wp\/v2\/pages"}],"about":[{"href":"https:\/\/gonzo-quest.info\/fr\/wp-json\/wp\/v2\/types\/page"}],"author":[{"embeddable":true,"href":"https:\/\/gonzo-quest.info\/fr\/wp-json\/wp\/v2\/users\/1"}],"replies":[{"embeddable":true,"href":"https:\/\/gonzo-quest.info\/fr\/wp-json\/wp\/v2\/comments?post=343"}],"version-history":[{"count":5,"href":"https:\/\/gonzo-quest.info\/fr\/wp-json\/wp\/v2\/pages\/343\/revisions"}],"predecessor-version":[{"id":421,"href":"https:\/\/gonzo-quest.info\/fr\/wp-json\/wp\/v2\/pages\/343\/revisions\/421"}],"wp:attachment":[{"href":"https:\/\/gonzo-quest.info\/fr\/wp-json\/wp\/v2\/media?parent=343"}],"curies":[{"name":"wp","href":"https:\/\/api.w.org\/{rel}","templated":true}]}}