{"id":338,"date":"2023-12-03T19:34:42","date_gmt":"2023-12-03T16:34:42","guid":{"rendered":"https:\/\/gonzo-quest.info\/?page_id=338"},"modified":"2023-12-03T19:34:42","modified_gmt":"2023-12-03T16:34:42","slug":"demo","status":"publish","type":"page","link":"https:\/\/gonzo-quest.info\/fr\/demo\/","title":{"rendered":"Jouer \u00e0 la d\u00e9mo de Gonzo&#039;s Quest"},"content":{"rendered":"<p>De nombreux casinos en ligne sous licence offrent la possibilit\u00e9 de jouer \u00e0 Gonzo&#039;s Quest en d\u00e9mo gratuite. Il est mis en \u0153uvre via un mode d\u00e9mo, qui vous permet de vous immerger dans le jeu sans aucun risque. L&#039;utilisateur n&#039;a m\u00eame pas besoin de s&#039;inscrire dans le syst\u00e8me pour commencer \u00e0 faire tourner la machine.<\/p>\n\n\n<div class=\"wp-block-image\">\n<figure class=\"aligncenter size-large is-resized\"><img loading=\"lazy\" decoding=\"async\" width=\"1024\" height=\"581\" src=\"https:\/\/gonzo-quest.info\/wp-content\/uploads\/2023\/12\/gonzo-quest-demo-min-1024x581.jpg\" alt=\"D\u00e9mo de Gonzo&#039;s Quest\" class=\"wp-image-388\" style=\"width:800px;height:auto\" srcset=\"https:\/\/gonzo-quest.info\/wp-content\/uploads\/2023\/12\/gonzo-quest-demo-min-1024x581.jpg 1024w, https:\/\/gonzo-quest.info\/wp-content\/uploads\/2023\/12\/gonzo-quest-demo-min-300x170.jpg 300w, https:\/\/gonzo-quest.info\/wp-content\/uploads\/2023\/12\/gonzo-quest-demo-min-768x436.jpg 768w, https:\/\/gonzo-quest.info\/wp-content\/uploads\/2023\/12\/gonzo-quest-demo-min-18x10.jpg 18w, https:\/\/gonzo-quest.info\/wp-content\/uploads\/2023\/12\/gonzo-quest-demo-min.jpg 1312w\" sizes=\"auto, (max-width: 1024px) 100vw, 1024px\" \/><\/figure>\n<\/div>\n\n<h2 class=\"wp-block-heading\" id=\"gonzos-quest-%25d0%25b4%25d0%25b5%25d0%25bc%25d0%25be-%25d0%25b8%25d0%25b3%25d1%2580%25d0%25b0\">Jeu de d\u00e9monstration Gonzo&#039;s Quest<\/h2>\n\n\n<p>Il est recommand\u00e9 de jouer \u00e0 la version d\u00e9mo de Gonzo Quest uniquement sur des sites fiables. Par cons\u00e9quent, il est recommand\u00e9 de s\u00e9lectionner \u00e0 l&#039;avance plusieurs plateformes populaires, de lire les critiques et les t\u00e9moignages \u00e0 leur sujet et d&#039;\u00e9tudier les caract\u00e9ristiques. Ce n&#039;est que dans ce cas que vous pourrez profiter du jeu et du service. Cela est particuli\u00e8rement vrai si le joueur envisage de s&#039;inscrire ult\u00e9rieurement sur le site du casino et de recharger son compte pour jouer avec de l&#039;argent r\u00e9el.<\/p>\n\n\n\n<p>Maintenant plus sur le mode. La version d\u00e9mo de Gonzo Quest est une variante gratuite de la machine \u00e0 sous, gr\u00e2ce \u00e0 laquelle vous pouvez :<\/p>\n\n\n\n<ul class=\"wp-block-list\">\n<li>explorez les fonctions de la machine \u00e0 sous\u00a0;<\/li>\n\n\n\n<li>se familiariser avec les bonus sans effectuer de d\u00e9p\u00f4t ;<\/li>\n\n\n\n<li>\u00e9laborer diff\u00e9rentes strat\u00e9gies pour obtenir des gains.<\/li>\n<\/ul>\n\n\n\n<p>Au lancement, un solde d\u00e9mo est activ\u00e9 - la monnaie virtuelle du casino ou du d\u00e9veloppeur. Cette solution facilite la connaissance du slot. La version d\u00e9mo convient \u00e0 ceux qui viennent tout juste de commencer \u00e0 se familiariser avec le monde du jeu et du divertissement.<\/p>\n\n\n\n<div class=\"wp-block-aioseo-table-of-contents\"><ul><li><a href=\"#aioseo-gonzos-quest\">Comment jouer \u00e0 la d\u00e9mo de la qu\u00eate de Gonzo<\/a><\/li><li><a href=\"#aioseo-gonzos-quest\">Revue d\u00e9taill\u00e9e de la version d\u00e9mo de Gonzo&#039;s Quest<\/a><\/li><li><a href=\"#aioseo-\">Tableau des fonctionnalit\u00e9s de la d\u00e9mo Gonzo&#039;s Quest<\/a><\/li><li><a href=\"#aioseo-\">Le mode d\u00e9mo vous aide \u00e0 vous entra\u00eener tout en jouant<\/a><\/li><li><a href=\"#aioseo-gonzos-quest\">Comment fonctionne le jeu d\u00e9mo dans Gonzo&#039;s Quest<\/a><\/li><li><a href=\"#aioseo-gonzos-quest\">Comment acc\u00e9der au jeu d\u00e9mo Gonzo&#039;s Quest<\/a><\/li><li><a href=\"#aioseo-gonzos-quest\">D\u00e9mo de Gonzo&#039;s Quest en ligne ou hors ligne<\/a><\/li><li><a href=\"#aioseo-faq-gonzos-quest\">FAQ\u00a0: questions fr\u00e9quemment pos\u00e9es sur la d\u00e9mo de la qu\u00eate de Gonzo<\/a><\/li><li><a href=\"#aioseo-\">Conclusion<\/a><\/li><\/ul><\/div>\n\n\n<h2 class=\"wp-block-heading\" id=\"aioseo-gonzos-quest\">Comment jouer \u00e0 la d\u00e9mo de la qu\u00eate de Gonzo<\/h2>\n\n\n<p>La version d\u00e9mo de Gonzo&#039;s Quest est l&#039;occasion de \u00ab tester \u00bb toutes les capacit\u00e9s de la machine \u00e0 sous tout en conservant votre propre \u00e9quilibre. Si vous le souhaitez, vous n\u2019avez m\u00eame pas besoin d\u2019enregistrer un profil. Vous pouvez lancer la machine \u00e0 sous depuis n\u2019importe quel navigateur ; vous n\u2019avez pas besoin de t\u00e9l\u00e9charger d\u2019application. Le joueur effectue des paris en utilisant un solde d\u00e9mo. Pr\u00e9cisons d&#039;embl\u00e9e qu&#039;il ne sera pas possible de le retirer si vous gagnez.<\/p>\n\n\n\n<p>Mais comment jouer \u00e0 la d\u00e9mo de Gonzo&#039;s Quest ? L&#039;utilisateur a besoin de\u00a0:<\/p>\n\n\n\n<ol class=\"wp-block-list\">\n<li>Lancez le mode d\u00e9mo.<\/li>\n\n\n\n<li>S\u00e9lectionnez la taille du pari.<\/li>\n\n\n\n<li>Cliquez sur le bouton pour lancer les tours.<\/li>\n<\/ol>\n\n\n\n<p>Il ne reste plus qu&#039;\u00e0 regarder les pierres s&#039;envoler et tomber sur le panneau de jeu. L&#039;objectif principal est de collecter autant de symboles identiques que possible sur la ligne active. Ce faisant, le joueur peut activer des bonus agr\u00e9ables et d\u2019autres options de machines \u00e0 sous.<\/p>\n\n\n<h2 class=\"wp-block-heading\" id=\"aioseo-gonzos-quest\">Revue d\u00e9taill\u00e9e de la version d\u00e9mo de Gonzo&#039;s Quest<\/h2>\n\n\n<p>La version d\u00e9mo de Gonzo Quest est une excellente opportunit\u00e9 d&#039;explorer gratuitement toutes les fonctionnalit\u00e9s de la machine \u00e0 sous et de l&#039;\u00e9valuer. L&#039;utilisateur, gr\u00e2ce au mode d\u00e9mo, \u00ab testera \u00bb la m\u00e9canique des pierres en rotation et pourra activer des tours gratuits et divers multiplicateurs pour augmenter les gains.<\/p>\n\n\n\n<p>Avalanche est l&#039;une des caract\u00e9ristiques de la machine \u00e0 sous qui diff\u00e8re des tours standard. Les symboles sur l&#039;\u00e9cran tombent de haut en bas, formant ainsi des combinaisons. En cas de succ\u00e8s, les images identiques disparaissent et de nouvelles images tombent \u00e0 leur place, vous permettant de collecter une autre combinaison.<\/p>\n\n\n<h2 class=\"wp-block-heading\" id=\"aioseo-\">Tableau des fonctionnalit\u00e9s de la d\u00e9mo Gonzo&#039;s Quest<\/h2>\n\n\n<figure class=\"wp-block-table\"><table><thead><tr><td><strong>Avantages de la version d\u00e9mo<\/strong><\/td><td><strong>Inconv\u00e9nients de la version d\u00e9mo<\/strong><\/td><\/tr><\/thead><tbody><tr><td>Un jeu gratuit qui ne n\u00e9cessite pas de r\u00e9approvisionnement de votre compte ni m\u00eame d&#039;inscription<\/td><td>Le jeu se joue avec des cr\u00e9dits virtuels, les gains ne sont pas retir\u00e9s<\/td><\/tr><tr><td>Une excellente occasion d&#039;essayer toutes les fonctionnalit\u00e9s du jeu<\/td><td>Ne vous permet pas de ressentir l&#039;excitation, puisque le jeu se joue avec de la fausse monnaie<\/td><\/tr><tr><td>Pour jouer \u00e0 la d\u00e9mo, vous n&#039;avez pas besoin de t\u00e9l\u00e9charger la machine \u00e0 sous<\/td><td>Une petite partie des fonctions de la version d\u00e9mo n&#039;est toujours pas disponible<\/td><\/tr><tr><td>L&#039;utilisateur a acc\u00e8s \u00e0 un compte d\u00e9mo sp\u00e9cial, qu&#039;il peut d\u00e9penser en paris<\/td><td>Vous ne pourrez pas participer aux promotions incluant un mode de jeu complet.<\/td><\/tr><tr><td>Le joueur peut apprendre et essayer une nouvelle strat\u00e9gie, comprendre les r\u00e8gles et les m\u00e9canismes, sans d\u00e9penser un centime<\/td><td>Il n&#039;y a pas de chat dans la version d\u00e9mo<\/td><\/tr><\/tbody><\/table><figcaption class=\"wp-element-caption\">Capacit\u00e9s du slot Gonzo Quest<\/figcaption><\/figure>\n\n\n\n<p>Les facteurs \u00e9num\u00e9r\u00e9s confirment l&#039;efficacit\u00e9 de la version d\u00e9mo de Gonzo&#039;s Quest. Avec son aide, le joueur peut \u00e9tudier en profondeur les m\u00e9canismes, essayer diff\u00e9rents sch\u00e9mas gagnants ou cr\u00e9er le sien.<\/p>\n\n\n<h2 class=\"wp-block-heading\" id=\"aioseo-\">Le mode d\u00e9mo vous aide \u00e0 vous entra\u00eener tout en jouant<\/h2>\n\n\n<p>Le mode d\u00e9mo gratuit de Gonzo&#039;s Quest est souvent lanc\u00e9 par des d\u00e9butants qui souhaitent mieux conna\u00eetre la machine \u00e0 sous et en m\u00eame temps maintenir leur \u00e9quilibre. Pour les joueurs exp\u00e9riment\u00e9s, la version d\u00e9mo de Gonzo Quest sera \u00e9galement utile. Lancer ce mode vous permettra d&#039;explorer toutes les fonctionnalit\u00e9s de la slot, notamment les options de bonus.<\/p>\n\n\n<h2 class=\"wp-block-heading\" id=\"aioseo-gonzos-quest\">Comment fonctionne le jeu d\u00e9mo dans Gonzo&#039;s Quest<\/h2>\n\n\n<p>Lorsque vous d\u00e9marrez la version d\u00e9mo, votre balance virtuelle est activ\u00e9e. Le joueur re\u00e7oit des cr\u00e9dits du casino ou du d\u00e9veloppeur. Lorsque le solde du jeu est \u00e9puis\u00e9, l&#039;utilisateur peut red\u00e9marrer la machine \u00e0 sous ou recharger le compte pour d\u00e9marrer le vrai jeu.<\/p>\n\n\n\n<p>La particularit\u00e9 du mode d\u00e9mo de Gonzo&#039;s Quest est qu&#039;il copie la plupart des options d&#039;une machine \u00e0 sous classique. Les seules diff\u00e9rences sont l&#039;incapacit\u00e9 de convertir les cr\u00e9dits bonus en argent r\u00e9el, le manque d&#039;acc\u00e8s au chat et aux promotions. G\u00e9n\u00e9ralement, le mode d\u00e9mo est utilis\u00e9 \u00e0 des fins \u00e9ducatives.<\/p>\n\n\n\n<p><strong>Jeu d\u00e9mo gonzo quest sans inscription<\/strong><\/p>\n\n\n\n<p>Vous pouvez d\u00e9marrer le mode d\u00e9mo m\u00eame sans inscription - soit sur le site Web de NetEnt, soit sur le portail du casino en ligne. Il suffit \u00e0 l&#039;utilisateur de lancer la machine \u00e0 sous et de s\u00e9lectionner le mode de jeu d\u00e9mo. Pr\u00e9cisons d&#039;embl\u00e9e que lors du lancement de la slot, le joueur n&#039;est pas tenu de :<\/p>\n\n\n\n<ul class=\"wp-block-list\">\n<li>donn\u00e9es personnelles;<\/li>\n\n\n\n<li>d\u00e9tails des syst\u00e8mes de paiement.<\/li>\n<\/ul>\n\n\n\n<p>Le processus de jeu est absolument s\u00fbr et simple. Si, apr\u00e8s avoir lanc\u00e9 la machine \u00e0 sous, il vous est demand\u00e9 de saisir les donn\u00e9es list\u00e9es ci-dessus, il y a de fortes chances que le joueur se soit retrouv\u00e9 sur un site frauduleux.<\/p>\n\n\n\n<p><strong>Dois-je t\u00e9l\u00e9charger la version d\u00e9mo de la qu\u00eate de Gonzo\u00a0?<\/strong><\/p>\n\n\n\n<p>Vous pouvez lancer la version d\u00e9mo de Gonzo Quest sur la plateforme NetEnt ou sur le site officiel d&#039;un casino agr\u00e9\u00e9, si la machine est au catalogue. Il n&#039;est pas n\u00e9cessaire de t\u00e9l\u00e9charger le logiciel. Ce r\u00e9sultat a \u00e9t\u00e9 obtenu gr\u00e2ce \u00e0 l&#039;utilisation de la technologie HTML5. C&#039;est elle qui se charge d&#039;organiser un jeu ininterrompu sur n&#039;importe quel navigateur, quel que soit l&#039;appareil choisi : PC, tablette ou smartphone.<\/p>\n\n\n\n<p><strong>Est-il possible de jouer gratuitement \u00e0 la machine \u00e0 sous Gonzo Quest ?<\/strong><\/p>\n\n\n\n<p>Le format gratuit de jeu \u00e0 la machine \u00e0 sous Gonzo Quest est populaire \u00e0 la fois sur le site Web du d\u00e9veloppeur et sur les sites de casino. De nombreuses personnes lancent la version d\u00e9mo pour comprendre les param\u00e8tres de la machine \u00e0 sous, tester l&#039;interface, et seulement apr\u00e8s cela d\u00e9marrer le jeu standard avec un d\u00e9p\u00f4t et des paiements.<\/p>\n\n\n<h2 class=\"wp-block-heading\" id=\"aioseo-gonzos-quest\">Comment acc\u00e9der au jeu d\u00e9mo Gonzo&#039;s Quest<\/h2>\n\n\n<p>La version d\u00e9mo est une \u00e9tape obligatoire pour les d\u00e9butants qui ont r\u00e9cemment commenc\u00e9 \u00e0 se familiariser avec le jeu. En passant par cette \u00e9tape, vous pourrez comprendre les m\u00e9canismes du jeu et \u00e9valuer les capacit\u00e9s des symboles sp\u00e9ciaux. Pour ex\u00e9cuter la version d\u00e9mo, l&#039;utilisateur a besoin de\u00a0:<\/p>\n\n\n\n<ol class=\"wp-block-list\">\n<li>Ouvrez le site officiel du d\u00e9veloppeur.<\/li>\n\n\n\n<li>Acc\u00e9dez \u00e0 la section des versions de d\u00e9monstration des jeux sortis.<\/li>\n\n\n\n<li>Fente de lancement.<\/li>\n<\/ol>\n\n\n\n<p>Vous pouvez \u00e9galement lancer le mode d\u00e9mo de la slot sur le site officiel du casino avec une licence.<\/p>\n\n\n<h2 class=\"wp-block-heading\" id=\"aioseo-gonzos-quest\">D\u00e9mo de Gonzo&#039;s Quest en ligne ou hors ligne<\/h2>\n\n\n<p>La version d\u00e9mo est un format de jeu en ligne. Ce mode ne peut pas \u00eatre lanc\u00e9 hors ligne. Mais les utilisateurs parviennent parfois \u00e0 trouver des plateformes leur permettant d&#039;installer un client de machine \u00e0 sous et d&#039;ex\u00e9cuter un jeu de d\u00e9monstration sans se connecter au r\u00e9seau.<\/p>\n\n\n<h2 class=\"wp-block-heading\" id=\"aioseo-faq-gonzos-quest\">FAQ\u00a0: questions fr\u00e9quemment pos\u00e9es sur la d\u00e9mo de la qu\u00eate de Gonzo<\/h2>\n\n\n<p><strong>Est-il possible de jouer \u00e0 la machine \u00e0 sous Gonzo&#039;s Quest gratuitement et sans argent ?<\/strong>&nbsp;Oui, il existe un mode d\u00e9mo pour cela. L&#039;utilisateur n&#039;a pas besoin de recharger son compte ni m\u00eame de s&#039;inscrire dans le syst\u00e8me pour s&#039;essayer \u00e0 la machine \u00e0 sous.<\/p>\n\n\n\n<p><strong>Quelle est la meilleure fa\u00e7on de commencer : jouer \u00e0 une d\u00e9mo d&#039;une qu\u00eate gonzo ou jouer imm\u00e9diatement pour de l&#039;argent r\u00e9el ?<\/strong>&nbsp;Pour les d\u00e9butants, il est pr\u00e9f\u00e9rable d\u2019essayer d\u2019abord la version d\u00e9mo de la machine \u00e0 sous pour comprendre comment elle fonctionne et quelles \u00e9motions le jeu \u00e9voque. Pour les utilisateurs exp\u00e9riment\u00e9s, le mode d\u00e9mo sera utile pour essayer diff\u00e9rentes strat\u00e9gies gagnantes.<\/p>\n\n\n\n<p><strong>Comment retirer l\u2019argent gagn\u00e9 en mode d\u00e9mo ?<\/strong>&nbsp;Il ne sera pas possible de retirer de l&#039;argent. Dans la version d\u00e9mo, des pr\u00eats sp\u00e9ciaux sont \u00e9mis qui n&#039;affectent en rien le compte r\u00e9el. Il n\u2019est donc pas n\u00e9cessaire de cr\u00e9er un compte dans le syst\u00e8me.<\/p>\n\n\n<h2 class=\"wp-block-heading\" id=\"aioseo-\">Conclusion<\/h2>\n\n\n<p>La version d\u00e9mo de Gonzo&#039;s Quest est une fa\u00e7on amusante d&#039;essayer la machine \u00e0 sous tout en conservant votre bankroll. Vous pouvez jouer en ligne depuis le site Web du fournisseur ou du casino, ou vous pouvez lancer le mode d\u00e9mo depuis l\u2019application mobile.<\/p>","protected":false},"excerpt":{"rendered":"<p>De nombreux casinos en ligne sous licence offrent la possibilit\u00e9 de jouer \u00e0 Gonzo&#039;s Quest en d\u00e9mo gratuite. Il est mis en \u0153uvre via un mode d\u00e9mo, qui vous permet de vous immerger dans le jeu sans aucun risque. L&#039;utilisateur n&#039;a m\u00eame pas besoin de s&#039;inscrire dans le syst\u00e8me pour commencer \u00e0 faire tourner la machine. Jeu de d\u00e9monstration Gonzo&#039;s Quest Il est recommand\u00e9 de jouer \u00e0 la version d\u00e9mo de Gonzo&#039;s Quest uniquement sur des sites fiables. Par cons\u00e9quent, il est recommand\u00e9 d&#039;en s\u00e9lectionner plusieurs populaires \u00e0 l&#039;avance...<\/p>","protected":false},"author":1,"featured_media":0,"parent":0,"menu_order":0,"comment_status":"closed","ping_status":"closed","template":"","meta":{"_kad_post_transparent":"","_kad_post_title":"","_kad_post_layout":"","_kad_post_sidebar_id":"","_kad_post_content_style":"","_kad_post_vertical_padding":"","_kad_post_feature":"","_kad_post_feature_position":"","_kad_post_header":false,"_kad_post_footer":false,"footnotes":""},"class_list":["post-338","page","type-page","status-publish","hentry"],"aioseo_notices":[],"_links":{"self":[{"href":"https:\/\/gonzo-quest.info\/fr\/wp-json\/wp\/v2\/pages\/338","targetHints":{"allow":["GET"]}}],"collection":[{"href":"https:\/\/gonzo-quest.info\/fr\/wp-json\/wp\/v2\/pages"}],"about":[{"href":"https:\/\/gonzo-quest.info\/fr\/wp-json\/wp\/v2\/types\/page"}],"author":[{"embeddable":true,"href":"https:\/\/gonzo-quest.info\/fr\/wp-json\/wp\/v2\/users\/1"}],"replies":[{"embeddable":true,"href":"https:\/\/gonzo-quest.info\/fr\/wp-json\/wp\/v2\/comments?post=338"}],"version-history":[{"count":14,"href":"https:\/\/gonzo-quest.info\/fr\/wp-json\/wp\/v2\/pages\/338\/revisions"}],"predecessor-version":[{"id":399,"href":"https:\/\/gonzo-quest.info\/fr\/wp-json\/wp\/v2\/pages\/338\/revisions\/399"}],"wp:attachment":[{"href":"https:\/\/gonzo-quest.info\/fr\/wp-json\/wp\/v2\/media?parent=338"}],"curies":[{"name":"wp","href":"https:\/\/api.w.org\/{rel}","templated":true}]}}