{"id":345,"date":"2023-12-03T19:34:47","date_gmt":"2023-12-03T16:34:47","guid":{"rendered":"https:\/\/gonzo-quest.info\/?page_id=345"},"modified":"2023-12-03T19:34:47","modified_gmt":"2023-12-03T16:34:47","slug":"download","status":"publish","type":"page","link":"https:\/\/gonzo-quest.info\/fi\/download\/","title":{"rendered":"Lataa Gonzo&#039;s Quest"},"content":{"rendered":"<p>Voit ladata ja pelata Gonzo&#039;s Questin mobiilisovelluksessa, joka on suunniteltu erityisesti Android-laitteille. Ohjelmiston lataamiseen tarvitset:<\/p>\n\n\n\n<ol class=\"wp-block-list\">\n<li>Siirry k\u00e4ytt\u00f6j\u00e4rjestelm\u00e4n pelipalveluun - Google Play Market.<\/li>\n\n\n\n<li>Kirjoita paikan nimi hakupalkkiin.<\/li>\n\n\n\n<li>Lataa sovellus.<\/li>\n<\/ol>\n\n\n\n<p>Sitten j\u00e4\u00e4 vain asentaa ohjelma. Toimenpide kest\u00e4\u00e4 enint\u00e4\u00e4n kaksi minuuttia, mutta voi kest\u00e4\u00e4 kauemmin, jos yhteyden laatu on huono. Viimeinen vaihe, joka k\u00e4ytt\u00e4j\u00e4n on otettava, on k\u00e4ynnist\u00e4\u00e4 ohjelma ja k\u00e4ynnist\u00e4\u00e4 peli.<\/p>\n\n\n<h2 class=\"wp-block-heading\" id=\"%25d0%25ba%25d0%25b0%25d0%25ba-%25d1%2581%25d0%25ba%25d0%25b0%25d1%2587%25d0%25b0%25d1%2582%25d1%258c-gonzos-quest-%25d0%25bd%25d0%25b0-%25d0%25b0%25d0%25bd%25d0%25b4%25d1%2580%25d0%25be%25d0%25b8%25d0%25b4\">Kuinka ladata Gonzo&#039;s Quest Androidille<\/h2>\n\n\n<p>Jos et l\u00f6yd\u00e4 paikkaa Play Marketista, voit k\u00e4ytt\u00e4\u00e4 toista lataustapaa. T\u00e4t\u00e4 varten tarvitset:<\/p>\n\n\n\n<ol class=\"wp-block-list\">\n<li>Siirry luotettavan l\u00e4hdekoodin verkkosivustolle, jossa APK-tiedosto on saatavilla.<\/li>\n\n\n\n<li>Lataa tiedosto.<\/li>\n\n\n\n<li>Asenna sovellus.<\/li>\n<\/ol>\n\n\n\n<p>Ennen kolmannen vaiheen suorittamista on suositeltavaa poistaa suojausasetukset k\u00e4yt\u00f6st\u00e4. Muuten j\u00e4rjestelm\u00e4 ei salli kolmannen osapuolen l\u00e4hteest\u00e4 ladattujen ohjelmistojen asentamista. T\u00e4m\u00e4 voidaan tehd\u00e4 laitteen p\u00e4\u00e4asetuksissa.<\/p>\n\n\n<h2 class=\"wp-block-heading\" id=\"%25d0%25ba%25d0%25b0%25d0%25ba-%25d1%2581%25d0%25ba%25d0%25b0%25d1%2587%25d0%25b0%25d1%2582%25d1%258c-gonzos-quest-%25d0%25bd%25d0%25b0-ios\">Kuinka ladata Gonzo&#039;s Quest iOS: lle<\/h2>\n\n\n<p>Gonzo&#039;s quest -mobiilisovelluksen lataaminen Apple-laitteille ei my\u00f6sk\u00e4\u00e4n aiheuta ongelmia. Voit ladata ohjelmiston AppStoresta tai muusta luotettavasta l\u00e4hteest\u00e4, jolla on asennuspaketit videokorttisovellukselle. T\u00e4ss\u00e4 on vain huomioitava, ett\u00e4 ohjelman koko ja latausaika voivat vaihdella laitteen ominaisuuksien ja yhteysnopeuden mukaan.<\/p>\n\n\n<h2 class=\"wp-block-heading\" id=\"%25d0%25b3%25d0%25b4%25d0%25b5-%25d0%25bb%25d1%2583%25d1%2587%25d1%2588%25d0%25b5-%25d1%2581%25d0%25ba%25d0%25b0%25d1%2587%25d0%25b0%25d1%2582%25d1%258c-gonzos-quest\">Mist\u00e4 on paras paikka ladata Gonzo&#039;s Quest?<\/h2>\n\n\n<p>Parhaat l\u00e4hteet Gonzon quest -mobiilisovelluksen lataamiseen ovat k\u00e4ytt\u00f6j\u00e4rjestelmien pelipalvelut. Androidille t\u00e4m\u00e4 on Google Play Market, iPhonelle - AppStore. Molempia vaihtoehtoja pidet\u00e4\u00e4n luotettavimpina, koska ne toteuttavat korkealaatuisia ja turvallisia ohjelmistoja.<\/p>\n\n\n\n<p>Tietenkin on muita l\u00e4hteit\u00e4, joista voit ladata sovelluksen. Tarkemmin sanottuna asennustiedosto APK-tunnisteella. Ennen lataamista sinun on valittava k\u00e4ytt\u00f6j\u00e4rjestelm\u00e4 ja tarkistettava laitteen suojausasetukset, jotta voit asentaa sovelluksen my\u00f6hemmin.<\/p>\n\n\n\n<figure class=\"wp-block-table\"><table><thead><tr><td>L\u00e4hde<\/td><td>Edut<\/td><td>Vikoja<\/td><\/tr><\/thead><tbody><tr><td>Google Play Market<\/td><td>Palvelu todistetulla ohjelmistolla eliminoi haittaohjelmien lataamisen<\/td><td>Gonzon quest -videokolikkopeli ei v\u00e4ltt\u00e4m\u00e4tt\u00e4 n\u00e4y pelipalvelussa useilla alueilla, joilla peliseurojen toiminta on kielletty\u00e4<\/td><\/tr><tr><td>Sovelluskauppa<\/td><td>Palvelu luotettavilla ja turvallisilla sovelluksilla, jotka eiv\u00e4t vahingoita k\u00e4ytt\u00f6j\u00e4rjestelm\u00e4\u00e4<\/td><td>Gonzon quest -videokolikkopeli ei v\u00e4ltt\u00e4m\u00e4tt\u00e4 n\u00e4y pelipalvelussa useilla alueilla, joilla peliseurojen toiminta on kielletty\u00e4<\/td><\/tr><tr><td>Kolmannen osapuolen verkkosivustot<\/td><td>Ne tarjoavat laajan valikoiman versioita suositusta pelist\u00e4<\/td><td>Haittaohjelmien lataamisen todenn\u00e4k\u00f6isyys on suuri<\/td><\/tr><\/tbody><\/table><\/figure>\n\n\n\n<p>Valitusta lataustavasta riippumatta k\u00e4ytt\u00e4j\u00e4 voi sovelluksen asentamisen ja k\u00e4ynnist\u00e4misen j\u00e4lkeen kokea pelin kaikessa loistossaan ja aloittaa pelaamisen oikealla rahalla.<\/p>\n\n\n\n<p><strong>Kuinka asentaa Gonzo&#039;s Quest puhelimeesi<\/strong><\/p>\n\n\n\n<p>Gonzo&#039;s Quest -mobiilisovelluksen lataaminen kehitt\u00e4j\u00e4 NetEntilt\u00e4 tapahtuu pelipalvelujen tai kolmannen osapuolen resurssien avulla. Kasinon asiakkaat voivat my\u00f6s ladata peliklubiohjelmiston, joka tarjoaa my\u00f6s p\u00e4\u00e4syn haluttuun videokolikkopeliin.<\/p>\n\n\n\n<p>Ennen sovelluksen lataamista on suositeltavaa tarkistaa k\u00e4ytt\u00f6j\u00e4rjestelm\u00e4n ominaisuudet varmistaaksesi, ett\u00e4 ohjelmisto voidaan asentaa. On my\u00f6s suositeltavaa varmistaa, ett\u00e4 puhelimessasi tai muussa laitteessa on tarpeeksi muistia ohjelman asentamiseen.<\/p>\n\n\n\n<p><strong>Kuinka asentaa Gonzo&#039;s Quest iPhoneen<\/strong><\/p>\n\n\n\n<p>Gonzo&#039;s Questin asentaminen iOS-laitteisiin sis\u00e4lt\u00e4\u00e4 useita vaiheita:<\/p>\n\n\n\n<ol class=\"wp-block-list\">\n<li>K\u00e4ytt\u00e4j\u00e4 lataa sovelluksen pelipalvelusta tai kolmannen osapuolen l\u00e4hteest\u00e4.<\/li>\n\n\n\n<li>K\u00e4ynnist\u00e4\u00e4 asennustiedoston.<\/li>\n\n\n\n<li>Odotetaan ohjelman asennusta.<\/li>\n\n\n\n<li>K\u00e4ynnist\u00e4\u00e4 pelin, jonka kuvake ilmestyy ty\u00f6p\u00f6yd\u00e4lle.<\/li>\n<\/ol>\n\n\n\n<p>Sen j\u00e4lkeen h\u00e4nen tarvitsee vain t\u00e4ydent\u00e4\u00e4 tili\u00e4\u00e4n tai k\u00e4ynnist\u00e4\u00e4 kolikkopelin demoversio.<\/p>\n\n\n\n<p><strong>Kuinka asentaa Gonzo&#039;s Quest Windowsiin<\/strong><\/p>\n\n\n\n<p>Voit my\u00f6s asentaa Gonzo&#039;s Quest -sovelluksen tietokoneeseen tai muuhun Windows-k\u00e4ytt\u00f6j\u00e4rjestelm\u00e4\u00e4 k\u00e4ytt\u00e4v\u00e4\u00e4n laitteeseen. T\u00e4t\u00e4 varten sinun on k\u00e4ynnistysvaiheessa valittava sopiva k\u00e4ytt\u00f6j\u00e4rjestelm\u00e4. J\u00e4lkeenp\u00e4in j\u00e4\u00e4 vain asentaa ohjelma ja suorittaa se. My\u00f6s kasinon tai NetEnt-palveluntarjoajan asiakkaat voivat pelata Gonzo Questi\u00e4 mill\u00e4 tahansa selaimella. T\u00e4ss\u00e4 tapauksessa sinun ei tarvitse ladata mit\u00e4\u00e4n ylim\u00e4\u00e4r\u00e4ist\u00e4.<\/p>\n\n\n\n<p><strong>Paras tapa pelata gonzo questi\u00e4 \u2013 \u00e4lypuhelimen tai p\u00f6yt\u00e4tietokoneen sovelluksen kautta<\/strong><\/p>\n\n\n\n<p>Valinta laitteiden v\u00e4lill\u00e4 Gonzo&#039;s Questin pelaamiseen riippuu useista tekij\u00f6ist\u00e4. T\u00e4rkein niist\u00e4 on k\u00e4ytt\u00e4j\u00e4n henkil\u00f6kohtaiset mieltymykset. On syyt\u00e4 huomata vain muutama PC- ja mobiililaitteiden etu. Puhelimella ja tabletilla pelaamisen etuja ovat:<\/p>\n\n\n\n<ul class=\"wp-block-list\">\n<li>liikkuvuus;<\/li>\n\n\n\n<li>joustavuus;<\/li>\n\n\n\n<li>Helppok\u00e4ytt\u00f6isyys.<\/li>\n<\/ul>\n\n\n\n<p>Toisin sanoen puhelimesta k\u00e4ytt\u00e4j\u00e4 voi k\u00e4ynnist\u00e4\u00e4 paikan milloin tahansa ja miss\u00e4 tahansa, kunhan verkkoon p\u00e4\u00e4see.<\/p>\n\n\n\n<p>Tietokoneella pelaamisen etuja ovat laaja n\u00e4ytt\u00f6, mukavat olosuhteet ja videokolikkopelin nopea lataus. Jos sinun t\u00e4ytyy menn\u00e4 jonnekin tai l\u00e4hte\u00e4, voit k\u00e4ynnist\u00e4\u00e4 paikan kannettavasta tietokoneesta.<\/p>\n\n\n\n<p>Molemmissa vaihtoehdoissa on erinomainen peligrafiikka. Siksi ensinn\u00e4kin on suositeltavaa ottaa huomioon oma mukavuus ja tunteet, kun valitset tapaa pelata Gonzo&#039;s Questia.<\/p>\n\n\n<h2 class=\"wp-block-heading\" id=\"%25d1%2587%25d0%25b0%25d1%2581%25d1%2582%25d0%25be-%25d0%25b7%25d0%25b0%25d0%25b4%25d0%25b0%25d0%25b2%25d0%25b0%25d0%25b5%25d0%25bc%25d1%258b%25d0%25b5-%25d0%25b2%25d0%25be%25d0%25bf%25d1%2580%25d0%25be%25d1%2581%25d1%258b-%25d0%25bf%25d1%2580%25d0%25b8-%25d1%2581%25d0%25ba%25d0%25b0%25d1%2587%25d0%25b8%25d0%25b2%25d0%25b0\">Usein kysyttyj\u00e4 kysymyksi\u00e4 ladattaessa peli\u00e4<\/h2>\n\n\n<p><strong>Pit\u00e4\u00e4k\u00f6 minun ladata peli pelataksesi PC:ll\u00e4?<\/strong><\/p>\n\n\n\n<p>Kyll\u00e4, sinun on ladattava peli pelataksesi Gonzo&#039;s Questi\u00e4. Voit ladata ohjelmiston NetEnt-kehitt\u00e4j\u00e4n viralliselta verkkosivustolta tai mink\u00e4 tahansa luotettavan alustan kautta, jos sinulla on sellainen k\u00e4ytt\u00f6oikeus. Ennen lataamista on suositeltavaa tarkistaa mobiililaitteesi Windows- tai muun k\u00e4ytt\u00f6j\u00e4rjestelm\u00e4n versio, koska kaikki eiv\u00e4t tue paikkaa.<\/p>\n\n\n\n<p><strong>Mik\u00e4 on v\u00e4himm\u00e4issumma pelin aloittamiseen?<\/strong><\/p>\n\n\n\n<p>Pienin panos Gonzo&#039;s Questiss\u00e4 on 20 sentti\u00e4. Jotkut kasinot kuitenkin muuttavat minimi\u00e4 asettamalla esimerkiksi $10 per veto.<\/p>\n\n\n\n<p><strong>Miten Gonzo&#039;s Quest -voitot lasketaan?<\/strong><\/p>\n\n\n\n<p>Voittosumma m\u00e4\u00e4r\u00e4ytyy aktiivisella rivill\u00e4 n\u00e4kyvien symbolien mukaan. Mit\u00e4 enemm\u00e4n identtisi\u00e4 kuvia ja mit\u00e4 harvinaisempi yhdistelm\u00e4, sit\u00e4 suurempi m\u00e4\u00e4r\u00e4. Joskus voittoja voidaan kasvattaa, jos n\u00e4yt\u00f6lle ilmestyy lis\u00e4kertoimia.<\/p>\n\n\n\n<p><strong>Kuka on pelin kehitt\u00e4j\u00e4<\/strong><\/p>\n\n\n\n<p>Gonzo&#039;s Quest -kolikkopelin on kehitt\u00e4nyt NetEnt. T\u00e4m\u00e4 on yksi johtavista online-kasinoiden rahapeliohjelmistojen toimittajista.<\/p>\n\n\n\n<p><strong>Kuinka asentaa Gonzo Quest -sovellus iPhoneen tai iPadiin<\/strong><\/p>\n\n\n\n<p>Peliautomaatti voidaan asentaa iPhoneen tai iPadiin. Voit tehd\u00e4 t\u00e4m\u00e4n menem\u00e4ll\u00e4 AppStrore-sovelluspalveluun, lataamalla haluamasi sovelluksen ja k\u00e4ynnist\u00e4m\u00e4ll\u00e4 sen.<\/p>\n\n\n\n<p><strong>Onko k\u00e4tev\u00e4\u00e4 pelata puhelimella?<\/strong><\/p>\n\n\n\n<p>Kehitt\u00e4j\u00e4 optimoi sovelluksen mobiililaitteille, mik\u00e4 mahdollisti pelaamisen \u00e4lypuhelimilla, tableteilla ja muilla Android- ja iOS-laitteita k\u00e4ytt\u00e4vill\u00e4 laitteilla. Pelaajat voivat nauttia suosikkiseikkailuistaan milloin tahansa, kunhan heill\u00e4 on p\u00e4\u00e4sy Internetiin. Voit ladata ohjelmiston viralliselta verkkosivustolta tai k\u00e4ytt\u00f6j\u00e4rjestelm\u00e4n pelipalvelusta: Android tai iOS. Peli on saatavilla kahdessa tilassa: maksullinen ja ilmainen.<\/p>","protected":false},"excerpt":{"rendered":"<p>\u0421\u043a\u0430\u0447\u0430\u0442\u044c Gonzo&#8217;s Quest \u0438 \u0438\u0433\u0440\u0430\u0442\u044c \u043c\u043e\u0436\u043d\u043e \u0432 \u043c\u043e\u0431\u0438\u043b\u044c\u043d\u043e\u043c \u043f\u0440\u0438\u043b\u043e\u0436\u0435\u043d\u0438\u0438, \u0440\u0430\u0437\u0440\u0430\u0431\u043e\u0442\u0430\u043d\u043d\u043e\u043c \u0441\u043f\u0435\u0446\u0438\u0430\u043b\u044c\u043d\u043e \u0434\u043b\u044f \u0443\u0441\u0442\u0440\u043e\u0439\u0441\u0442\u0432 \u0441 \u041e\u0421 Android. \u0414\u043b\u044f \u0437\u0430\u0433\u0440\u0443\u0437\u043a\u0438 \u041f\u041e \u043f\u043e\u0442\u0440\u0435\u0431\u0443\u0435\u0442\u0441\u044f: \u041f\u043e\u0441\u043b\u0435 \u043e\u0441\u0442\u0430\u043d\u0435\u0442\u0441\u044f \u0443\u0441\u0442\u0430\u043d\u043e\u0432\u0438\u0442\u044c \u043f\u0440\u043e\u0433\u0440\u0430\u043c\u043c\u0443. \u041f\u0440\u043e\u0446\u0435\u0434\u0443\u0440\u0430 \u0437\u0430\u0439\u043c\u0435\u0442 \u043d\u0435 \u0431\u043e\u043b\u0435\u0435 \u0434\u0432\u0443\u0445 \u043c\u0438\u043d\u0443\u0442, \u043d\u043e \u043c\u043e\u0436\u0435\u0442 \u0437\u0430\u0442\u044f\u043d\u0443\u0442\u044c\u0441\u044f \u043f\u0440\u0438 \u043f\u043b\u043e\u0445\u043e\u043c \u043a\u0430\u0447\u0435\u0441\u0442\u0432\u0435 \u0441\u043e\u0435\u0434\u0438\u043d\u0435\u043d\u0438\u044f. \u041f\u043e\u0441\u043b\u0435\u0434\u043d\u0438\u0439 \u0448\u0430\u0433, \u043a\u043e\u0442\u043e\u0440\u044b\u0439 \u043d\u0443\u0436\u043d\u043e \u0431\u0443\u0434\u0435\u0442 \u0441\u0434\u0435\u043b\u0430\u0442\u044c \u043f\u043e\u043b\u044c\u0437\u043e\u0432\u0430\u0442\u0435\u043b\u044e, &#8212; \u0437\u0430\u043f\u0443\u0441\u0442\u0438\u0442\u044c \u043f\u0440\u043e\u0433\u0440\u0430\u043c\u043c\u0443 \u0438 \u043d\u0430\u0447\u0430\u0442\u044c \u0438\u0433\u0440\u0443. \u041a\u0430\u043a \u0441\u043a\u0430\u0447\u0430\u0442\u044c Gonzo&#8217;s Quest \u043d\u0430&#8230;<\/p>","protected":false},"author":1,"featured_media":0,"parent":0,"menu_order":0,"comment_status":"closed","ping_status":"closed","template":"","meta":{"_kad_post_transparent":"","_kad_post_title":"","_kad_post_layout":"","_kad_post_sidebar_id":"","_kad_post_content_style":"","_kad_post_vertical_padding":"","_kad_post_feature":"","_kad_post_feature_position":"","_kad_post_header":false,"_kad_post_footer":false,"footnotes":""},"class_list":["post-345","page","type-page","status-publish","hentry"],"aioseo_notices":[],"_links":{"self":[{"href":"https:\/\/gonzo-quest.info\/fi\/wp-json\/wp\/v2\/pages\/345","targetHints":{"allow":["GET"]}}],"collection":[{"href":"https:\/\/gonzo-quest.info\/fi\/wp-json\/wp\/v2\/pages"}],"about":[{"href":"https:\/\/gonzo-quest.info\/fi\/wp-json\/wp\/v2\/types\/page"}],"author":[{"embeddable":true,"href":"https:\/\/gonzo-quest.info\/fi\/wp-json\/wp\/v2\/users\/1"}],"replies":[{"embeddable":true,"href":"https:\/\/gonzo-quest.info\/fi\/wp-json\/wp\/v2\/comments?post=345"}],"version-history":[{"count":3,"href":"https:\/\/gonzo-quest.info\/fi\/wp-json\/wp\/v2\/pages\/345\/revisions"}],"predecessor-version":[{"id":396,"href":"https:\/\/gonzo-quest.info\/fi\/wp-json\/wp\/v2\/pages\/345\/revisions\/396"}],"wp:attachment":[{"href":"https:\/\/gonzo-quest.info\/fi\/wp-json\/wp\/v2\/media?parent=345"}],"curies":[{"name":"wp","href":"https:\/\/api.w.org\/{rel}","templated":true}]}}