{"id":343,"date":"2023-12-03T19:22:35","date_gmt":"2023-12-03T16:22:35","guid":{"rendered":"https:\/\/gonzo-quest.info\/?page_id=343"},"modified":"2023-12-03T19:34:37","modified_gmt":"2023-12-03T16:34:37","slug":"casino","status":"publish","type":"page","link":"https:\/\/gonzo-quest.info\/fi\/casino\/","title":{"rendered":"Miss\u00e4 pelata Gonzo&#039;s Questi\u00e4"},"content":{"rendered":"<h2 class=\"wp-block-heading\" id=\"%25d0%25ba%25d0%25b0%25d0%25ba%25d0%25be%25d0%25b5-%25d0%25ba%25d0%25b0%25d0%25b7%25d0%25b8%25d0%25bd%25d0%25be-%25d0%25bf%25d0%25be%25d0%25b4%25d1%2585%25d0%25be%25d0%25b4%25d0%25b8%25d1%2582-%25d0%25b4%25d0%25bb%25d1%258f-%25d0%25b8%25d0%25b3%25d1%2580%25d1%258b-gonzos-quest\">Mik\u00e4 kasino sopii Gonzo&#039;s questin pelaamiseen?<\/h2>\n\n\n<p>Yksi t\u00e4rkeimmist\u00e4 kohdista, joka sinun tulee k\u00e4yd\u00e4 l\u00e4pi ennen peliautomaatin k\u00e4ynnist\u00e4mist\u00e4 <a href=\"\/fi\/\" title=\"\">Gonzon teht\u00e4v\u00e4<\/a>, \u2014 l\u00f6yd\u00e4 luotettava nettikasino. Alustaa valittaessa on suositeltavaa ottaa huomioon oman makusi tai odotuksesi lis\u00e4ksi my\u00f6s:<\/p>\n\n\n\n<ul class=\"wp-block-list\">\n<li>lisenssin saatavuus;<\/li>\n\n\n\n<li>arvostelut;<\/li>\n\n\n\n<li>arvostelut;<\/li>\n\n\n\n<li>k\u00e4ytett\u00e4viss\u00e4 olevat maksuj\u00e4rjestelm\u00e4t;<\/li>\n\n\n\n<li>tilin t\u00e4ydent\u00e4misen ja varojen noston rajoitukset;<\/li>\n\n\n\n<li>bonuksia.<\/li>\n<\/ul>\n\n\n\n<p>Lisenssiin tulee kiinnitt\u00e4\u00e4 erityist\u00e4 huomiota. T\u00e4m\u00e4 on erityinen asiakirja, joka takaa online-kasinon laillisen toiminnan. Toisin sanoen lisenssi tarkoittaa, ett\u00e4 kaikki rekister\u00f6idyn k\u00e4ytt\u00e4j\u00e4n oikeudet ovat suojattuja ja itse sivusto toimii lain mukaisesti.<\/p>\n\n\n<h2 class=\"wp-block-heading\" id=\"%25d0%25b3%25d0%25b4%25d0%25b5-%25d0%25b8%25d0%25b3%25d1%2580%25d0%25b0%25d1%2582%25d1%258c-%25d0%25b2-gonzos-quest\">Miss\u00e4 pelata Gonzon teht\u00e4v\u00e4\u00e4<\/h2>\n\n\n<p>On monia tunnettuja paikkoja, joissa se esiintyy <a href=\"\/fi\/\" title=\"\">Gonzo&#039;s quest -kolikkopeli<\/a>. Suosituimpia ja luotettavimpia ovat:<\/p>\n\n\n\n<ol class=\"wp-block-list\">\n<li>Pin Up. Online-kasino, jolla on voimassa oleva lisenssi ja laaja valikoima peliautomaatteja. Etujen joukossa k\u00e4ytt\u00e4j\u00e4t korostavat lis\u00e4ksi runsasta bonusohjelmaa, jossa on yksinkertaiset ehdot lahjojen voittamiseksi, k\u00e4tev\u00e4 rekister\u00f6inti ja korkealaatuinen palvelu.<\/li>\n\n\n\n<li>1 voitto. Kasino, joka toimii lisenssill\u00e4 ja tarjoaa k\u00e4ytt\u00e4jilleen peliautomaatteja johtavilta palveluntarjoajilta. Mukaan lukien Gonzon teht\u00e4v\u00e4 NetEntist\u00e4. Virallisen verkkosivuston etuja ovat yksinkertainen ja intuitiivinen k\u00e4ytt\u00f6liittym\u00e4, runsaasti maksuj\u00e4rjestelmi\u00e4 rahaliikenteeseen ja nopeat maksut.<\/li>\n<\/ol>\n\n\n\n<p>N\u00e4m\u00e4 ovat ehk\u00e4 parhaita kasinoita, joilla on Gonzo&#039;s Quest -kolikkopeli.<\/p>\n\n\n<h2 class=\"wp-block-heading\" id=\"%25d1%2582%25d0%25b0%25d0%25b1%25d0%25bb%25d0%25b8%25d1%2586%25d0%25b0-%25d1%2585%25d0%25b0%25d1%2580%25d0%25b0%25d0%25ba%25d1%2582%25d0%25b5%25d1%2580%25d0%25b8%25d1%2581%25d1%2582%25d0%25b8%25d0%25ba-%25d0%25b8%25d0%25b3%25d1%2580%25d1%258b-gonzos-quest\">Pelin Gonzo&#039;s quest ominaisuustaulukko<\/h2>\n\n\n<p>Gonzo&#039;s quest on seikkailupeli, jossa on kirkas muotoilu ja selke\u00e4 k\u00e4ytt\u00f6liittym\u00e4. Pelin ominaisuudet:<\/p>\n\n\n\n<ul class=\"wp-block-list\">\n<li>palveluntarjoaja \u2013 NetEnt;<\/li>\n\n\n\n<li>rivien lukum\u00e4\u00e4r\u00e4 \u2013 3;<\/li>\n\n\n\n<li>mahdollisuudet - ilmaiskierrokset;<\/li>\n\n\n\n<li>aktiivisten linjojen m\u00e4\u00e4r\u00e4 \u2013 20;<\/li>\n\n\n\n<li>teema - historia, aarteet;<\/li>\n\n\n\n<li>RTP \u2013 96%.<\/li>\n<\/ul>\n\n\n\n<p>Minimipanos on 20 sentti\u00e4, maksimikerroin on 2500. Voit pelata kolikkopeli\u00e4 oikealla rahalla ja t\u00e4ysin ilmaiseksi, jos k\u00e4yt\u00e4t demoversiota.<\/p>\n\n\n<h2 class=\"wp-block-heading\" id=\"%25d0%25ba%25d0%25b0%25d0%25ba-%25d0%25b2%25d1%258b%25d0%25b1%25d1%2580%25d0%25b0%25d1%2582%25d1%258c-%25d0%25bd%25d0%25b0%25d0%25b4%25d0%25b5%25d0%25b6%25d0%25bd%25d0%25be%25d0%25b5-%25d0%25ba%25d0%25b0%25d0%25b7%25d0%25b8%25d0%25bd%25d0%25be-%25d0%25b4%25d0%25bb%25d1%258f-%25d0%25b8%25d0%25b3%25d1%2580%25d1%258b-%25d0%25b2\">Kuinka valita luotettava kasino gonzo questin pelaamiseen<\/h2>\n\n\n<p>Ennen kuin aloitat Gonzo Questin pelaamisen oikealla rahalla, sinun tulee valita kasino huolellisesti. Jotta virhett\u00e4 ei tehd\u00e4, on syyt\u00e4 ottaa huomioon useita tekij\u00f6it\u00e4, joista yksi, kuten jo todettiin, on lisenssi. H\u00e4n on turvallisen ja ennen kaikkea reilun pelin takaaja. Lis\u00e4ksi k\u00e4ytt\u00e4jien tulee kiinnitt\u00e4\u00e4 huomiota:<\/p>\n\n\n\n<ol class=\"wp-block-list\">\n<li>Pelin ehdot. N\u00e4it\u00e4 ovat bonusohjelman rajoitukset ja ehdot.<\/li>\n\n\n\n<li>Kasinon maine. Voit oppia siit\u00e4 arvosteluista tai muiden k\u00e4ytt\u00e4jien arvosteluista. Tietoa l\u00f6ytyy Internetist\u00e4.<\/li>\n\n\n\n<li>Alue. Luotettavilla kasinoilla on slotteja tunnetuilta palveluntarjoajilta. N\u00e4in varmistetaan, ett\u00e4 peliseuran hallinnolla ei ole p\u00e4\u00e4sy\u00e4 peliautomaattien asetuksiin.<\/li>\n<\/ol>\n\n\n\n<p>Kolmen suositun kasinon esimerkin avulla voimme analysoida niiden luotettavuutta.<\/p>\n\n\n\n<figure class=\"wp-block-table\"><table><thead><tr><td>Kasinon nimi<\/td><td>Onko sinulla lisenssi?<\/td><td>Minimi talletussumma, $<\/td><td>V\u00e4himm\u00e4ismaksusumma, $<\/td><td>Bonukset<\/td><td>T\u00e4ydennysmenetelm\u00e4t<\/td><td>Tuen yhteystiedot<\/td><\/tr><\/thead><tbody><tr><td>Pin-up<\/td><td>Joo<\/td><td>10<\/td><td>10<\/td><td>Joo<\/td><td>Pankkien luotto- ja pankkikortit; Elektroniset lompakot; S\u00e4hk\u00f6iset maksuj\u00e4rjestelm\u00e4t<\/td><td>Online chat, s\u00e4hk\u00f6posti, matkapuhelin<\/td><\/tr><tr><td>1 voitto<\/td><td>Joo<\/td><td>10<\/td><td>10<\/td><td>Joo<\/td><td>Pankkien luotto- ja pankkikortit; Elektroniset lompakot; S\u00e4hk\u00f6iset maksuj\u00e4rjestelm\u00e4t<\/td><td>Online chat, s\u00e4hk\u00f6posti, matkapuhelin<\/td><\/tr><tr><td>Vavada<\/td><td>Joo<\/td><td>10<\/td><td>10<\/td><td>Joo<\/td><td>Pankkien luotto- ja pankkikortit; Elektroniset lompakot; S\u00e4hk\u00f6iset maksuj\u00e4rjestelm\u00e4t<\/td><td>Online chat, s\u00e4hk\u00f6posti, matkapuhelin<\/td><\/tr><\/tbody><\/table><\/figure>\n\n\n\n<p>Jos noudatat suosituksia ja l\u00f6yd\u00e4t tarvittavat tiedot haluamastasi alustasta etuk\u00e4teen, voit nopeasti p\u00e4\u00e4tt\u00e4\u00e4, rekister\u00f6idytk\u00f6 vai et.<\/p>\n\n\n<h2 class=\"wp-block-heading\" id=\"%25d0%25b2%25d0%25be%25d0%25bf%25d1%2580%25d0%25be%25d1%2581%25d1%258b-%25d0%25b8-%25d0%25be%25d1%2582%25d0%25b2%25d0%25b5%25d1%2582%25d1%258b-%25d0%25bf%25d1%2580%25d0%25be-%25d0%25ba%25d0%25b0%25d0%25b7%25d0%25b8%25d0%25bd%25d0%25be\">Kysymyksi\u00e4 ja vastauksia kasinoista<\/h2>\n\n\n<p><strong>Mit\u00e4 parametreja sinun tulee k\u00e4ytt\u00e4\u00e4 kasinon valinnassa?<\/strong><\/p>\n\n\n\n<p>Kun etsit kasinoa, jolla on Gonzon teht\u00e4v\u00e4, sinun on otettava huomioon useita tekij\u00f6it\u00e4: lisenssist\u00e4 peliautomaattien valikoimaan, bonuksiin ja kierr\u00e4tysehtoihin.<\/p>\n\n\n\n<p><strong>Mik\u00e4 on suurin kerroin?<\/strong><\/p>\n\n\n\n<p>Suurin kerroin Gonzon teht\u00e4v\u00e4ss\u00e4 saavuttaa 2500.<\/p>\n\n\n\n<p><strong>Mik\u00e4 on &quot;automaattinen ker\u00e4\u00e4minen&quot; tai &quot;automaattinen poisto&quot;?<\/strong><\/p>\n\n\n\n<p>Automaattinen nosto eli automaattinen nosto on toiminto, jonka avulla k\u00e4ytt\u00e4j\u00e4n voitot kotiutetaan automaattisesti onnistuneen py\u00f6r\u00e4ytyksen j\u00e4lkeen. Pelaajan ei tarvitse tehd\u00e4 mit\u00e4\u00e4n lis\u00e4toimintoja.<\/p>\n\n\n\n<p><strong>Miksi kaksi vetoa tehd\u00e4\u00e4n kerralla?<\/strong><\/p>\n\n\n\n<p>Kaksi vetoa lis\u00e4\u00e4 voittomahdollisuuksiasi. Pelaajat turvautuvat usein t\u00e4h\u00e4n vaihtoehtoon k\u00e4ytt\u00e4ess\u00e4\u00e4n erilaisia strategioita.<\/p>\n\n\n\n<p><strong>Onko mahdollista pelata Gonzo&#039;s questi\u00e4 ilmaiseksi?<\/strong><\/p>\n\n\n\n<p>Kyll\u00e4, kolikkopeliss\u00e4 on demotila, jonka avulla voit pelata ilmaiseksi. On syyt\u00e4 huomata, ett\u00e4 Gonzon teht\u00e4v\u00e4n demoversio on saatavilla kaikilla suosituilla kasinoilla.<\/p>\n\n\n\n<p><strong>Pit\u00e4\u00e4k\u00f6 minun ladata peli pelataksesi PC:ll\u00e4?<\/strong><\/p>\n\n\n\n<p>Ei, sinun ei tarvitse ladata peli\u00e4. Voit k\u00e4ynnist\u00e4\u00e4 kolikkopelin mist\u00e4 tahansa selaimesta siirtym\u00e4ll\u00e4 online-kasinon viralliselle verkkosivustolle.<\/p>\n\n\n\n<p><strong>Kuinka voittaa suurin gonzo-quest-j\u00e4ttipotti?<\/strong><\/p>\n\n\n\n<p>Voittaakseen suurimman summan Gonzon teht\u00e4v\u00e4ss\u00e4 aktiivisen linjan on ker\u00e4tt\u00e4v\u00e4 enint\u00e4\u00e4n 5 identtist\u00e4 kuvaa. T\u00e4ss\u00e4 tapauksessa panoksen tulee olla suurin.<\/p>\n\n\n\n<p><strong>Mik\u00e4 on v\u00e4himm\u00e4issumma pelaamisen aloittamiseen?<\/strong><\/p>\n\n\n\n<p>Pienin panos Gonzon teht\u00e4v\u00e4ss\u00e4 on 20 sentti\u00e4. Arvo voi kuitenkin vaihdella eri kasinoissa.<\/p>\n\n\n\n<p><strong>Kuinka nostaa rahaa ilman provisiota?<\/strong><\/p>\n\n\n\n<p>Kotiuttaminen ilman provisiota on mahdollista saman j\u00e4rjestelm\u00e4n kautta, jota pelaaja k\u00e4ytti tilin t\u00e4ydent\u00e4miseen. Ennen hakemuksen j\u00e4tt\u00e4mist\u00e4 sinun tulee kuitenkin tutustua kasinon k\u00e4yt\u00e4nt\u00f6ihin.<\/p>\n\n\n\n<p><strong>Kuinka voittaa Gonzo&#039;s quest -kasinolla?<\/strong><\/p>\n\n\n\n<p>Gonzon quest-videokolikkopeli toimii satunnaislukugeneraattorin periaatteella, joten voitot riippuvat onnesta ja k\u00e4ytt\u00e4j\u00e4n k\u00e4ytt\u00e4m\u00e4st\u00e4 strategiasta. Ennen kuin aloitat pelaamisen oikealla rahalla, on suositeltavaa kokeilla demoversiota.<\/p>\n\n\n<h2 class=\"wp-block-heading\" id=\"%25d0%25ba%25d0%25b0%25d0%25ba%25d0%25be%25d0%25b5-%25d0%25ba%25d0%25b0%25d0%25b7%25d0%25b8%25d0%25bd%25d0%25be-%25d0%25bb%25d1%2583%25d1%2587%25d1%2588%25d0%25b5-%25d0%25b2%25d1%2581%25d0%25b5%25d0%25b3%25d0%25be-%25d0%25bf%25d0%25be%25d0%25b4%25d1%2585%25d0%25be%25d0%25b4%25d0%25b8%25d1%2582-%25d0%25b4%25d0%25bb%25d1%258f\">Mik\u00e4 kasino on paras Gonzo&#039;s Questin pelaamiseen?<\/h2>\n\n\n<p>Suosituimmat kasinot Gonzon teht\u00e4v\u00e4n pelaamiseen ovat Pin Up, 1 win ja Vavada. Kaikki alustat toimivat virallisella lisenssill\u00e4 ja niill\u00e4 on paljon positiivisia arvosteluja verkossa.<\/p>\n\n\n\n<p>Pin Up Casino tarjoaa k\u00e4ytt\u00e4jille laajan valikoiman bonuksia ja peliautomaatteja, joista monet sis\u00e4lt\u00e4v\u00e4t ilmaisen version. Pienin talletussumma on 100 ruplaa. <\/p>\n\n\n\n<p>1win sopii sek\u00e4 aloittelijoille ett\u00e4 kokeneille pelaajille. Virallisilla verkkosivuilla on yli 3 500 kolikkopeli\u00e4 ja muuta uhkapeliviihdett\u00e4; kierr\u00e4tysbonusten ehtoja pidet\u00e4\u00e4n yhten\u00e4 uskollisimmista. Vavada on kasino, jossa on runsas kokoelma pelej\u00e4, houkuttelevia lahjoja ja kanta-asiakasohjelma.<\/p>","protected":false},"excerpt":{"rendered":"<p>\u041a\u0430\u043a\u043e\u0435 \u043a\u0430\u0437\u0438\u043d\u043e \u043f\u043e\u0434\u0445\u043e\u0434\u0438\u0442 \u0434\u043b\u044f \u0438\u0433\u0440\u044b Gonzo&#8217;s quest \u041e\u0434\u0438\u043d \u0438\u0437 \u0432\u0430\u0436\u043d\u044b\u0445 \u043f\u0443\u043d\u043a\u0442\u043e\u0432, \u043a\u043e\u0442\u043e\u0440\u044b\u0439 \u043d\u0443\u0436\u043d\u043e \u043f\u0440\u043e\u0439\u0442\u0438 \u043f\u0435\u0440\u0435\u0434 \u0437\u0430\u043f\u0443\u0441\u043a\u043e\u043c \u0438\u0433\u0440\u043e\u0432\u043e\u0433\u043e \u0430\u0432\u0442\u043e\u043c\u0430\u0442\u0430 Gonzo&#8217;s quest, &#8212; \u043d\u0430\u0439\u0442\u0438 \u043d\u0430\u0434\u0435\u0436\u043d\u043e\u0435 \u043e\u043d\u043b\u0430\u0439\u043d-\u043a\u0430\u0437\u0438\u043d\u043e. \u041f\u0440\u0438 \u0432\u044b\u0431\u043e\u0440\u0435 \u043f\u043b\u0430\u0442\u0444\u043e\u0440\u043c\u044b \u0440\u0435\u043a\u043e\u043c\u0435\u043d\u0434\u0443\u0435\u0442\u0441\u044f \u0443\u0447\u0438\u0442\u044b\u0432\u0430\u0442\u044c \u043d\u0435 \u0442\u043e\u043b\u044c\u043a\u043e \u0441\u043e\u0431\u0441\u0442\u0432\u0435\u043d\u043d\u044b\u0435 \u0432\u043a\u0443\u0441\u044b \u0438\u043b\u0438 \u043e\u0436\u0438\u0434\u0430\u043d\u0438\u044f, \u043d\u043e \u0442\u0430\u043a\u0436\u0435 \u043f\u0440\u043e\u0432\u0435\u0440\u0438\u0442\u044c: \u041e\u0441\u043e\u0431\u043e\u0435 \u0432\u043d\u0438\u043c\u0430\u043d\u0438\u0435 \u0441\u0442\u043e\u0438\u0442 \u0443\u0434\u0435\u043b\u0438\u0442\u044c \u043b\u0438\u0446\u0435\u043d\u0437\u0438\u0438. \u042d\u0442\u043e \u0441\u043f\u0435\u0446\u0438\u0430\u043b\u044c\u043d\u044b\u0439 \u0434\u043e\u043a\u0443\u043c\u0435\u043d\u0442, \u043a\u043e\u0442\u043e\u0440\u044b\u0439 \u0433\u0430\u0440\u0430\u043d\u0442\u0438\u0440\u0443\u0435\u0442 \u043b\u0435\u0433\u0430\u043b\u044c\u043d\u0443\u044e \u0434\u0435\u044f\u0442\u0435\u043b\u044c\u043d\u043e\u0441\u0442\u044c \u043e\u043d\u043b\u0430\u0439\u043d-\u043a\u0430\u0437\u0438\u043d\u043e. \u0414\u0440\u0443\u0433\u0438\u043c\u0438 \u0441\u043b\u043e\u0432\u0430\u043c\u0438, \u043b\u0438\u0446\u0435\u043d\u0437\u0438\u044f \u043e\u0437\u043d\u0430\u0447\u0430\u0435\u0442,&#8230;<\/p>","protected":false},"author":1,"featured_media":0,"parent":0,"menu_order":0,"comment_status":"closed","ping_status":"closed","template":"","meta":{"_kad_post_transparent":"","_kad_post_title":"","_kad_post_layout":"","_kad_post_sidebar_id":"","_kad_post_content_style":"","_kad_post_vertical_padding":"","_kad_post_feature":"","_kad_post_feature_position":"","_kad_post_header":false,"_kad_post_footer":false,"footnotes":""},"class_list":["post-343","page","type-page","status-publish","hentry"],"aioseo_notices":[],"_links":{"self":[{"href":"https:\/\/gonzo-quest.info\/fi\/wp-json\/wp\/v2\/pages\/343","targetHints":{"allow":["GET"]}}],"collection":[{"href":"https:\/\/gonzo-quest.info\/fi\/wp-json\/wp\/v2\/pages"}],"about":[{"href":"https:\/\/gonzo-quest.info\/fi\/wp-json\/wp\/v2\/types\/page"}],"author":[{"embeddable":true,"href":"https:\/\/gonzo-quest.info\/fi\/wp-json\/wp\/v2\/users\/1"}],"replies":[{"embeddable":true,"href":"https:\/\/gonzo-quest.info\/fi\/wp-json\/wp\/v2\/comments?post=343"}],"version-history":[{"count":5,"href":"https:\/\/gonzo-quest.info\/fi\/wp-json\/wp\/v2\/pages\/343\/revisions"}],"predecessor-version":[{"id":421,"href":"https:\/\/gonzo-quest.info\/fi\/wp-json\/wp\/v2\/pages\/343\/revisions\/421"}],"wp:attachment":[{"href":"https:\/\/gonzo-quest.info\/fi\/wp-json\/wp\/v2\/media?parent=343"}],"curies":[{"name":"wp","href":"https:\/\/api.w.org\/{rel}","templated":true}]}}