{"id":338,"date":"2023-12-03T19:34:42","date_gmt":"2023-12-03T16:34:42","guid":{"rendered":"https:\/\/gonzo-quest.info\/?page_id=338"},"modified":"2023-12-03T19:34:42","modified_gmt":"2023-12-03T16:34:42","slug":"demo","status":"publish","type":"page","link":"https:\/\/gonzo-quest.info\/fi\/demo\/","title":{"rendered":"Pelaa Gonzo&#039;s Quest -demoa"},"content":{"rendered":"<p>Monet lisensoidut online-kasinot tarjoavat mahdollisuuden pelata Gonzo&#039;s Questi\u00e4 ilmaisella demolla. Se toteutetaan demotilan kautta, jonka avulla voit uppoutua peliin ilman riskej\u00e4. K\u00e4ytt\u00e4j\u00e4n ei tarvitse edes rekister\u00f6ity\u00e4 j\u00e4rjestelm\u00e4\u00e4n aloittaakseen koneen py\u00f6ritt\u00e4misen.<\/p>\n\n\n<div class=\"wp-block-image\">\n<figure class=\"aligncenter size-large is-resized\"><img loading=\"lazy\" decoding=\"async\" width=\"1024\" height=\"581\" src=\"https:\/\/gonzo-quest.info\/wp-content\/uploads\/2023\/12\/gonzo-quest-demo-min-1024x581.jpg\" alt=\"Gonzo&#039;s Quest -demo\" class=\"wp-image-388\" style=\"width:800px;height:auto\" srcset=\"https:\/\/gonzo-quest.info\/wp-content\/uploads\/2023\/12\/gonzo-quest-demo-min-1024x581.jpg 1024w, https:\/\/gonzo-quest.info\/wp-content\/uploads\/2023\/12\/gonzo-quest-demo-min-300x170.jpg 300w, https:\/\/gonzo-quest.info\/wp-content\/uploads\/2023\/12\/gonzo-quest-demo-min-768x436.jpg 768w, https:\/\/gonzo-quest.info\/wp-content\/uploads\/2023\/12\/gonzo-quest-demo-min-18x10.jpg 18w, https:\/\/gonzo-quest.info\/wp-content\/uploads\/2023\/12\/gonzo-quest-demo-min.jpg 1312w\" sizes=\"auto, (max-width: 1024px) 100vw, 1024px\" \/><\/figure>\n<\/div>\n\n<h2 class=\"wp-block-heading\" id=\"gonzos-quest-%25d0%25b4%25d0%25b5%25d0%25bc%25d0%25be-%25d0%25b8%25d0%25b3%25d1%2580%25d0%25b0\">Gonzo&#039;s Quest -demopeli<\/h2>\n\n\n<p>On suositeltavaa pelata Gonzo Questin demoversiota vain luotettavilla sivustoilla. Siksi on suositeltavaa valita useita suosittuja alustoja etuk\u00e4teen, lukea arvosteluja ja suosituksia niist\u00e4 sek\u00e4 tutkia ominaisuuksia. Vain t\u00e4ss\u00e4 tapauksessa voit nauttia pelist\u00e4 ja palvelusta. T\u00e4m\u00e4 p\u00e4tee erityisesti, jos pelaaja aikoo my\u00f6hemmin rekister\u00f6ity\u00e4 kasinon verkkosivustolle ja t\u00e4ydent\u00e4\u00e4 tili\u00e4\u00e4n pelatakseen oikealla rahalla.<\/p>\n\n\n\n<p>Nyt lis\u00e4\u00e4 tilasta. Gonzo Questin demoversio on peliautomaatin ilmainen muunnelma, jonka kautta voit:<\/p>\n\n\n\n<ul class=\"wp-block-list\">\n<li>tutkia slotin toimintoja;<\/li>\n\n\n\n<li>tutustu bonuksiin ilman talletusta;<\/li>\n\n\n\n<li>kehitt\u00e4\u00e4 erilaisia strategioita voittojen saamiseksi.<\/li>\n<\/ul>\n\n\n\n<p>Kun se k\u00e4ynnistet\u00e4\u00e4n, demosaldo aktivoituu - kasinon tai kehitt\u00e4j\u00e4n virtuaalinen valuutta. T\u00e4m\u00e4 ratkaisu helpottaa slottiin tutustumista. Demoversio sopii niille, jotka ovat vasta alkaneet tutustua uhkapeliviihteen maailmaan.<\/p>\n\n\n\n<div class=\"wp-block-aioseo-table-of-contents\"><ul><li><a href=\"#aioseo-gonzos-quest\">Kuinka pelata Gonzo&#039;s quest -demoa<\/a><\/li><li><a href=\"#aioseo-gonzos-quest\">Yksityiskohtainen katsaus Gonzo&#039;s Questin demoversiosta<\/a><\/li><li><a href=\"#aioseo-\">Gonzo&#039;s Quest -demon ominaisuustaulukko<\/a><\/li><li><a href=\"#aioseo-\">Demotila auttaa harjoittelemaan pelaamisen aikana<\/a><\/li><li><a href=\"#aioseo-gonzos-quest\">Kuinka demopeli toimii Gonzo&#039;s Questissa<\/a><\/li><li><a href=\"#aioseo-gonzos-quest\">Kuinka osallistua Gonzo&#039;s quest -demopeliin<\/a><\/li><li><a href=\"#aioseo-gonzos-quest\">Gonzo&#039;s Quest -demo verkossa tai offline-tilassa<\/a><\/li><li><a href=\"#aioseo-faq-gonzos-quest\">FAQ: Usein kysyttyj\u00e4 kysymyksi\u00e4 Gonzon teht\u00e4v\u00e4demosta<\/a><\/li><li><a href=\"#aioseo-\">Johtop\u00e4\u00e4t\u00f6s<\/a><\/li><\/ul><\/div>\n\n\n<h2 class=\"wp-block-heading\" id=\"aioseo-gonzos-quest\">Kuinka pelata Gonzo&#039;s quest -demoa<\/h2>\n\n\n<p>Gonzo&#039;s Questin demoversio on mahdollisuus &quot;kokeilla&quot; kaikkia kolikkopelin ominaisuuksia s\u00e4ilytt\u00e4en samalla oman tasapainosi. Jos haluat, sinun ei tarvitse edes rekister\u00f6id\u00e4 profiilia. Voit k\u00e4ynnist\u00e4\u00e4 paikan mist\u00e4 tahansa selaimesta; sinun ei tarvitse ladata mit\u00e4\u00e4n sovellusta. Pelaaja tekee vetoja k\u00e4ytt\u00e4m\u00e4ll\u00e4 demo-saldoa. On huomattava heti, ett\u00e4 sit\u00e4 ei voi nostaa, jos voitat.<\/p>\n\n\n\n<p>Mutta miten pelaat Gonzo&#039;s Quest -demoa? K\u00e4ytt\u00e4j\u00e4 tarvitsee:<\/p>\n\n\n\n<ol class=\"wp-block-list\">\n<li>K\u00e4ynnist\u00e4 demotila.<\/li>\n\n\n\n<li>Valitse panoksen koko.<\/li>\n\n\n\n<li>Napsauta painiketta aloittaaksesi py\u00f6r\u00e4ytykset.<\/li>\n<\/ol>\n\n\n\n<p>Sitten ei j\u00e4\u00e4 muuta kuin katsoa, kuinka kivet lent\u00e4v\u00e4t yl\u00f6s ja putoavat pelipaneelille. P\u00e4\u00e4tavoitteena on ker\u00e4t\u00e4 mahdollisimman monta identtist\u00e4 symbolia aktiiviselle riville. T\u00e4ss\u00e4 prosessissa pelaaja voi aktivoida miellytt\u00e4vi\u00e4 bonuksia ja muita peliautomaattivaihtoehtoja.<\/p>\n\n\n<h2 class=\"wp-block-heading\" id=\"aioseo-gonzos-quest\">Yksityiskohtainen katsaus Gonzo&#039;s Questin demoversiosta<\/h2>\n\n\n<p>Gonzo Questin demoversio on erinomainen tilaisuus tutustua kaikkiin kolikkopelin ominaisuuksiin ilmaiseksi ja arvioida sit\u00e4. Demotilan kautta k\u00e4ytt\u00e4j\u00e4 &quot;kokeilee&quot; py\u00f6rivien kivien mekaniikkaa ja voi aktivoida ilmaispy\u00f6r\u00e4ytyksi\u00e4 ja erilaisia kertoimia voittojen kasvattamiseksi.<\/p>\n\n\n\n<p>Avalanche on yksi kolikkopelin ominaisuuksista, joka eroaa tavallisista py\u00f6rityksist\u00e4. N\u00e4yt\u00f6n symbolit putoavat ylh\u00e4\u00e4lt\u00e4 alas muodostaen siten yhdistelmi\u00e4. Jos onnistut, identtiset kuvat katoavat ja uudet kuvat putoavat niiden tilalle, jolloin voit ker\u00e4t\u00e4 toisen yhdistelm\u00e4n.<\/p>\n\n\n<h2 class=\"wp-block-heading\" id=\"aioseo-\">Gonzo&#039;s Quest -demon ominaisuustaulukko<\/h2>\n\n\n<figure class=\"wp-block-table\"><table><thead><tr><td><strong>Demoversion edut<\/strong><\/td><td><strong>Demoversion haitat<\/strong><\/td><\/tr><\/thead><tbody><tr><td>Ilmainen peli, joka ei vaadi tilisi t\u00e4ydent\u00e4mist\u00e4 tai edes rekister\u00f6inti\u00e4<\/td><td>Peli\u00e4 pelataan virtuaalisilla krediiteill\u00e4, voittoja ei kotiuteta<\/td><\/tr><tr><td>Upea tilaisuus kokeilla kaikkia pelin ominaisuuksia<\/td><td>Ei anna sinun tuntea j\u00e4nnityst\u00e4, koska peli\u00e4 pelataan v\u00e4\u00e4rennetyll\u00e4 rahalla<\/td><\/tr><tr><td>Demon pelaamiseksi sinun ei tarvitse ladata kolikkopeli\u00e4<\/td><td>Pieni osa demoversion toiminnoista ei ole viel\u00e4k\u00e4\u00e4n k\u00e4ytett\u00e4viss\u00e4<\/td><\/tr><tr><td>K\u00e4ytt\u00e4j\u00e4ll\u00e4 on p\u00e4\u00e4sy erityiselle demotilille, jonka h\u00e4n voi k\u00e4ytt\u00e4\u00e4 vetoihin<\/td><td>Et voi osallistua kampanjoihin, jotka sis\u00e4lt\u00e4v\u00e4t t\u00e4yden pelitilan.<\/td><\/tr><tr><td>Pelaaja voi oppia ja kokeilla uutta strategiaa, ymm\u00e4rt\u00e4\u00e4 s\u00e4\u00e4nn\u00f6t ja mekaniikkaa kuluttamatta sentti\u00e4k\u00e4\u00e4n<\/td><td>Demoversiossa ei ole chattia<\/td><\/tr><\/tbody><\/table><figcaption class=\"wp-element-caption\">Gonzo Quest-paikkaominaisuudet<\/figcaption><\/figure>\n\n\n\n<p>Luetellut tekij\u00e4t vahvistavat Gonzo&#039;s Questin demoversion tehokkuuden. Sen avulla pelaaja voi perehty\u00e4 perusteellisesti mekaniikkaan, kokeilla erilaisia voittoj\u00e4rjestelmi\u00e4 tai luoda omia.<\/p>\n\n\n<h2 class=\"wp-block-heading\" id=\"aioseo-\">Demotila auttaa harjoittelemaan pelaamisen aikana<\/h2>\n\n\n<p>Gonzo&#039;s Questin ilmaisen demotilan k\u00e4ynnist\u00e4v\u00e4t usein aloittelijat, jotka haluavat tutustua kolikkopeliin paremmin ja samalla s\u00e4ilytt\u00e4\u00e4 tasapainonsa. Kokeneille pelaajille Gonzo Questin demoversio on my\u00f6s hy\u00f6dyllinen. T\u00e4m\u00e4n tilan k\u00e4ynnist\u00e4minen antaa sinun tutkia kolikkopelin kaikkia ominaisuuksia, erityisesti bonusvaihtoehtoja.<\/p>\n\n\n<h2 class=\"wp-block-heading\" id=\"aioseo-gonzos-quest\">Kuinka demopeli toimii Gonzo&#039;s Questissa<\/h2>\n\n\n<p>Kun k\u00e4ynnist\u00e4t demoversion, virtuaalinen saldosi aktivoituu. Pelaaja saa krediittej\u00e4 kasinolta tai kehitt\u00e4j\u00e4lt\u00e4. Kun pelisaldo loppuu, k\u00e4ytt\u00e4j\u00e4 voi k\u00e4ynnist\u00e4\u00e4 kolikkopelin uudelleen tai t\u00e4ydent\u00e4\u00e4 tili\u00e4 aloittaakseen oikean pelin.<\/p>\n\n\n\n<p>Gonzo&#039;s Questin demotilan erikoisuus on, ett\u00e4 se kopioi suurimman osan tavallisen kolikkopelin vaihtoehdoista. Ainoat erot ovat kyvytt\u00f6myys muuntaa bonuskrediittej\u00e4 oikeaksi rahaksi, chatin ja tarjousten puuttuminen. Yleens\u00e4 esittelytilaa k\u00e4ytet\u00e4\u00e4n koulutustarkoituksiin.<\/p>\n\n\n\n<p><strong>Demopeli gonzo quest ilman rekister\u00f6inti\u00e4<\/strong><\/p>\n\n\n\n<p>Voit aloittaa demotilan jopa ilman rekister\u00f6itymist\u00e4 - joko NetEntin verkkosivuilla tai online-kasinoportaalissa. Sinun tarvitsee vain k\u00e4ynnist\u00e4\u00e4 kolikkopeli ja valita demopelitila. On huomattava heti, ett\u00e4 pelaaja ei vaadi kolikkopeli\u00e4 k\u00e4ynnistett\u00e4ess\u00e4:<\/p>\n\n\n\n<ul class=\"wp-block-list\">\n<li>henkil\u00f6kohtaiset tiedot;<\/li>\n\n\n\n<li>maksuj\u00e4rjestelmien tiedot.<\/li>\n<\/ul>\n\n\n\n<p>Peliprosessi on t\u00e4ysin turvallinen ja yksinkertainen. Jos sinua pyydet\u00e4\u00e4n sy\u00f6tt\u00e4m\u00e4\u00e4n yll\u00e4 luetellut tiedot kolikkopelin k\u00e4ynnist\u00e4misen j\u00e4lkeen, on suuri todenn\u00e4k\u00f6isyys, ett\u00e4 pelaaja on p\u00e4\u00e4tynyt huijaussivustolle.<\/p>\n\n\n\n<p><strong>Pit\u00e4\u00e4k\u00f6 minun ladata Gonzon quest -demoversio?<\/strong><\/p>\n\n\n\n<p>Voit k\u00e4ynnist\u00e4\u00e4 Gonzo Questin demoversion NetEnt-alustalla tai lisensoidun kasinon virallisella verkkosivustolla, jos kone on luettelossa. Ohjelmistoa ei tarvitse ladata. T\u00e4m\u00e4 tulos saavutettiin k\u00e4ytt\u00e4m\u00e4ll\u00e4 HTML5-tekniikkaa. H\u00e4n on vastuussa keskeytym\u00e4tt\u00f6m\u00e4n pelaamisen j\u00e4rjest\u00e4misest\u00e4 mill\u00e4 tahansa selaimella valitusta laitteesta riippumatta: PC, tabletti tai \u00e4lypuhelin.<\/p>\n\n\n\n<p><strong>Onko mahdollista pelata Gonzo Quest -kolikkopeli\u00e4 ilmaiseksi?<\/strong><\/p>\n\n\n\n<p>Gonzo Quest -kolikkopelin ilmainen pelimuoto on suosittu sek\u00e4 kehitt\u00e4j\u00e4n verkkosivustolla ett\u00e4 kasinosivustoilla. Monet ihmiset k\u00e4ynnist\u00e4v\u00e4t demoversion ymm\u00e4rt\u00e4\u00e4kseen kolikkopelin asetukset, kokeillakseen k\u00e4ytt\u00f6liittym\u00e4\u00e4 ja vasta sen j\u00e4lkeen aloittavat tavallisen pelin talletuksella ja maksuilla.<\/p>\n\n\n<h2 class=\"wp-block-heading\" id=\"aioseo-gonzos-quest\">Kuinka osallistua Gonzo&#039;s quest -demopeliin<\/h2>\n\n\n<p>Demoversio on pakollinen askel aloittelijoille, jotka ovat hiljattain aloittaneet tutustumisen rahapeleihin. T\u00e4m\u00e4n vaiheen l\u00e4pi k\u00e4ym\u00e4ll\u00e4 pystyt ymm\u00e4rt\u00e4m\u00e4\u00e4n pelin mekaniikkaa ja arvioimaan erikoissymbolien ominaisuuksia. Demoversion suorittamiseksi k\u00e4ytt\u00e4j\u00e4 tarvitsee:<\/p>\n\n\n\n<ol class=\"wp-block-list\">\n<li>Avaa kehitt\u00e4j\u00e4n virallinen verkkosivusto.<\/li>\n\n\n\n<li>Siirry julkaistujen pelien demoversioiden osioon.<\/li>\n\n\n\n<li>K\u00e4ynnist\u00e4 paikka.<\/li>\n<\/ol>\n\n\n\n<p>Voit my\u00f6s k\u00e4ynnist\u00e4\u00e4 kolikkopelin demotilan kasinon virallisella verkkosivustolla lisenssill\u00e4.<\/p>\n\n\n<h2 class=\"wp-block-heading\" id=\"aioseo-gonzos-quest\">Gonzo&#039;s Quest -demo verkossa tai offline-tilassa<\/h2>\n\n\n<p>Demoversio on online-pelimuoto. T\u00e4t\u00e4 tilaa ei voi k\u00e4ynnist\u00e4\u00e4 offline-tilassa. Mutta toisinaan k\u00e4ytt\u00e4j\u00e4t onnistuvat l\u00f6yt\u00e4m\u00e4\u00e4n alustoja, joiden avulla he voivat asentaa peliautomaattiasiakkaan ja pelata demopeli\u00e4 ilman verkkoyhteytt\u00e4.<\/p>\n\n\n<h2 class=\"wp-block-heading\" id=\"aioseo-faq-gonzos-quest\">FAQ: Usein kysyttyj\u00e4 kysymyksi\u00e4 Gonzon teht\u00e4v\u00e4demosta<\/h2>\n\n\n<p><strong>Onko mahdollista pelata Gonzo&#039;s Quest -kolikkopeli\u00e4 ilmaiseksi ja ilman rahaa?<\/strong>&nbsp;Kyll\u00e4, t\u00e4t\u00e4 varten on demotila. K\u00e4ytt\u00e4j\u00e4n ei tarvitse t\u00e4ydent\u00e4\u00e4 tili\u00e4\u00e4n tai edes rekister\u00f6ity\u00e4 j\u00e4rjestelm\u00e4\u00e4n kokeillakseen k\u00e4tt\u00e4\u00e4n kolikkopeliss\u00e4.<\/p>\n\n\n\n<p><strong>Mik\u00e4 on paras tapa aloittaa: pelaamalla gonzo-teht\u00e4v\u00e4n demoa vai pelaamalla heti oikealla rahalla?<\/strong>&nbsp;Aloittelijan on parempi kokeilla kolikkopelin demoversiota ensin ymm\u00e4rt\u00e4\u00e4kseen, miten se toimii ja mit\u00e4 tunteita peli her\u00e4tt\u00e4\u00e4. Kokeneille k\u00e4ytt\u00e4jille demotila on hy\u00f6dyllinen tilaisuutena kokeilla erilaisia voittostrategioita.<\/p>\n\n\n\n<p><strong>Kuinka nostaa demotilassa voitetut rahat?<\/strong>&nbsp;Rahaa ei voi nostaa. Demoversiossa my\u00f6nnet\u00e4\u00e4n erikoislainoja, jotka eiv\u00e4t vaikuta todelliseen tiliin mill\u00e4\u00e4n tavalla. Siksi tili\u00e4 ei tarvitse luoda j\u00e4rjestelm\u00e4\u00e4n.<\/p>\n\n\n<h2 class=\"wp-block-heading\" id=\"aioseo-\">Johtop\u00e4\u00e4t\u00f6s<\/h2>\n\n\n<p>Gonzo&#039;s Questin demoversio on hauska tapa kokeilla kolikkopeli\u00e4 s\u00e4ilytt\u00e4en pelikassasi. Voit pelata verkossa palveluntarjoajan tai kasinon verkkosivustolta tai k\u00e4ynnist\u00e4\u00e4 demotilan mobiilisovelluksesta.<\/p>","protected":false},"excerpt":{"rendered":"<p>Monet lisensoidut nettikasinot tarjoavat mahdollisuuden pelata Gonzo&#039;s Quest -demoa ilmaiseksi. Se toteutetaan demotilan kautta, jonka avulla voit uppoutua peliin ilman riskej\u00e4. K\u00e4ytt\u00e4j\u00e4n ei tarvitse edes rekister\u00f6ity\u00e4 j\u00e4rjestelm\u00e4\u00e4n aloittaakseen pelin py\u00f6r\u00e4ytykset. Gonzo&#039;s Quest -demopeli Gonzo Questin demoversiota on suositeltavaa pelata vain luotettavilla sivustoilla. Siksi on suositeltavaa valita useita suosittuja\u2026<\/p>","protected":false},"author":1,"featured_media":0,"parent":0,"menu_order":0,"comment_status":"closed","ping_status":"closed","template":"","meta":{"_kad_post_transparent":"","_kad_post_title":"","_kad_post_layout":"","_kad_post_sidebar_id":"","_kad_post_content_style":"","_kad_post_vertical_padding":"","_kad_post_feature":"","_kad_post_feature_position":"","_kad_post_header":false,"_kad_post_footer":false,"footnotes":""},"class_list":["post-338","page","type-page","status-publish","hentry"],"aioseo_notices":[],"_links":{"self":[{"href":"https:\/\/gonzo-quest.info\/fi\/wp-json\/wp\/v2\/pages\/338","targetHints":{"allow":["GET"]}}],"collection":[{"href":"https:\/\/gonzo-quest.info\/fi\/wp-json\/wp\/v2\/pages"}],"about":[{"href":"https:\/\/gonzo-quest.info\/fi\/wp-json\/wp\/v2\/types\/page"}],"author":[{"embeddable":true,"href":"https:\/\/gonzo-quest.info\/fi\/wp-json\/wp\/v2\/users\/1"}],"replies":[{"embeddable":true,"href":"https:\/\/gonzo-quest.info\/fi\/wp-json\/wp\/v2\/comments?post=338"}],"version-history":[{"count":14,"href":"https:\/\/gonzo-quest.info\/fi\/wp-json\/wp\/v2\/pages\/338\/revisions"}],"predecessor-version":[{"id":399,"href":"https:\/\/gonzo-quest.info\/fi\/wp-json\/wp\/v2\/pages\/338\/revisions\/399"}],"wp:attachment":[{"href":"https:\/\/gonzo-quest.info\/fi\/wp-json\/wp\/v2\/media?parent=338"}],"curies":[{"name":"wp","href":"https:\/\/api.w.org\/{rel}","templated":true}]}}