{"id":345,"date":"2023-12-03T19:34:47","date_gmt":"2023-12-03T16:34:47","guid":{"rendered":"https:\/\/gonzo-quest.info\/?page_id=345"},"modified":"2023-12-03T19:34:47","modified_gmt":"2023-12-03T16:34:47","slug":"download","status":"publish","type":"page","link":"https:\/\/gonzo-quest.info\/de\/download\/","title":{"rendered":"Laden Sie Gonzo&#039;s Quest herunter"},"content":{"rendered":"<p>Sie k\u00f6nnen Gonzo&#039;s Quest in einer mobilen Anwendung herunterladen und spielen, die speziell f\u00fcr Android-Ger\u00e4te entwickelt wurde. Zum Herunterladen der Software ben\u00f6tigen Sie:<\/p>\n\n\n\n<ol class=\"wp-block-list\">\n<li>Gehen Sie zum Spieledienst des Betriebssystems \u2013 Google Play Market.<\/li>\n\n\n\n<li>Geben Sie den Namen des Slots in die Suchleiste ein.<\/li>\n\n\n\n<li>Laden Sie die Anwendung herunter.<\/li>\n<\/ol>\n\n\n\n<p>Dann bleibt nur noch die Installation des Programms. Der Vorgang dauert maximal zwei Minuten, kann jedoch bei schlechter Verbindungsqualit\u00e4t l\u00e4nger dauern. Der letzte Schritt, den der Benutzer unternehmen muss, besteht darin, das Programm zu starten und das Spiel zu starten.<\/p>\n\n\n<h2 class=\"wp-block-heading\" id=\"%25d0%25ba%25d0%25b0%25d0%25ba-%25d1%2581%25d0%25ba%25d0%25b0%25d1%2587%25d0%25b0%25d1%2582%25d1%258c-gonzos-quest-%25d0%25bd%25d0%25b0-%25d0%25b0%25d0%25bd%25d0%25b4%25d1%2580%25d0%25be%25d0%25b8%25d0%25b4\">So laden Sie Gonzo&#039;s Quest auf Android herunter<\/h2>\n\n\n<p>Wenn Sie den Slot im Play Market nicht finden k\u00f6nnen, k\u00f6nnen Sie eine andere Download-Methode verwenden. Dazu ben\u00f6tigen Sie:<\/p>\n\n\n\n<ol class=\"wp-block-list\">\n<li>Gehen Sie zu einer vertrauensw\u00fcrdigen Quellwebsite, auf der die APK-Datei verf\u00fcgbar ist.<\/li>\n\n\n\n<li>Datei hochladen.<\/li>\n\n\n\n<li>App installieren.<\/li>\n<\/ol>\n\n\n\n<p>Bevor Sie den dritten Schritt durchf\u00fchren, wird empfohlen, die Sicherheitseinstellungen zu deaktivieren. Andernfalls l\u00e4sst das System die Installation von Software, die von einer Drittanbieterquelle heruntergeladen wurde, nicht zu. Dies kann in den Hauptger\u00e4teeinstellungen erfolgen.<\/p>\n\n\n<h2 class=\"wp-block-heading\" id=\"%25d0%25ba%25d0%25b0%25d0%25ba-%25d1%2581%25d0%25ba%25d0%25b0%25d1%2587%25d0%25b0%25d1%2582%25d1%258c-gonzos-quest-%25d0%25bd%25d0%25b0-ios\">So laden Sie Gonzo&#039;s Quest auf iOS herunter<\/h2>\n\n\n<p>Auch das Herunterladen der Gonzo&#039;s Quest-Mobilanwendung auf Apple-Ger\u00e4te bereitet keine Probleme. Sie k\u00f6nnen die Software aus dem AppStore oder einer anderen vertrauensw\u00fcrdigen Quelle herunterladen, die Installationspakete f\u00fcr die Video-Slot-Anwendung bereith\u00e4lt. Hierbei ist lediglich zu beachten, dass die Gr\u00f6\u00dfe des Programms und seine Downloadzeit je nach Eigenschaften des Ger\u00e4ts und der Verbindungsgeschwindigkeit variieren k\u00f6nnen.<\/p>\n\n\n<h2 class=\"wp-block-heading\" id=\"%25d0%25b3%25d0%25b4%25d0%25b5-%25d0%25bb%25d1%2583%25d1%2587%25d1%2588%25d0%25b5-%25d1%2581%25d0%25ba%25d0%25b0%25d1%2587%25d0%25b0%25d1%2582%25d1%258c-gonzos-quest\">Wo kann man Gonzo&#039;s Quest am besten herunterladen?<\/h2>\n\n\n<p>Die besten Quellen zum Herunterladen der mobilen Anwendung \u201eGonzo&#039;s Quest\u201c sind Spieledienste oder Betriebssysteme. F\u00fcr Android ist dies Google Play Market, f\u00fcr iPhone - AppStore. Beide Optionen gelten als die zuverl\u00e4ssigsten, da sie hochwertige und sichere Software implementieren.<\/p>\n\n\n\n<p>Nat\u00fcrlich gibt es auch andere Quellen, wo Sie die Anwendung herunterladen k\u00f6nnen. Genauer gesagt eine Installationsdatei mit der Erweiterung APK. Vor dem Herunterladen m\u00fcssen Sie das Betriebssystem ausw\u00e4hlen und die Sicherheitseinstellungen auf dem Ger\u00e4t \u00fcberpr\u00fcfen, damit Sie die Anwendung sp\u00e4ter installieren k\u00f6nnen.<\/p>\n\n\n\n<figure class=\"wp-block-table\"><table><thead><tr><td>Quelle<\/td><td>Vorteile<\/td><td>M\u00e4ngel<\/td><\/tr><\/thead><tbody><tr><td>Google Play Market<\/td><td>Service mit bew\u00e4hrter Software, eliminiert das Herunterladen von Malware<\/td><td>Der Gonzo&#039;s Quest-Video-Slot ist in einigen Regionen, in denen die Aktivit\u00e4ten von Gl\u00fccksspielclubs verboten sind, m\u00f6glicherweise nicht im Spieledienst sichtbar<\/td><\/tr><tr><td>Appstore<\/td><td>Ein Dienst mit zuverl\u00e4ssigen und sicheren Anwendungen, die dem Betriebssystem keinen Schaden zuf\u00fcgen<\/td><td>Der Gonzo&#039;s Quest-Video-Slot ist in einigen Regionen, in denen die Aktivit\u00e4ten von Gl\u00fccksspielclubs verboten sind, m\u00f6glicherweise nicht im Spieledienst sichtbar<\/td><\/tr><tr><td>Websites Dritter<\/td><td>Sie bieten eine gro\u00dfe Auswahl an Versionen des beliebten Spiels<\/td><td>Es besteht eine hohe Wahrscheinlichkeit, Schadsoftware herunterzuladen<\/td><\/tr><\/tbody><\/table><\/figure>\n\n\n\n<p>Unabh\u00e4ngig von der gew\u00e4hlten Download-Methode kann der Benutzer nach der Installation und dem Start der Anwendung das Gameplay in seiner ganzen Pracht erleben und mit dem Spielen um echtes Geld beginnen.<\/p>\n\n\n\n<p><strong>So installieren Sie Gonzo&#039;s Quest auf Ihrem Telefon<\/strong><\/p>\n\n\n\n<p>Das Herunterladen der mobilen Anwendung \u201eGonzo&#039;s Quest\u201c vom Entwickler NetEnt erfolgt \u00fcber Spieledienste oder durch die Nutzung von Ressourcen Dritter. Casino-Kunden k\u00f6nnen auch die Gl\u00fccksspielclub-Software herunterladen, die auch Zugriff auf den gew\u00fcnschten Video-Slot bietet.<\/p>\n\n\n\n<p>Bevor Sie die Anwendung herunterladen, wird empfohlen, die Eigenschaften des Betriebssystems zu \u00fcberpr\u00fcfen, um sicherzustellen, dass die Software installiert werden kann. Es wird au\u00dferdem empfohlen, sicherzustellen, dass Ihr Telefon oder anderes Ger\u00e4t \u00fcber gen\u00fcgend Speicher f\u00fcr die Installation des Programms verf\u00fcgt.<\/p>\n\n\n\n<p><strong>So installieren Sie Gonzo&#039;s Quest auf dem iPhone<\/strong><\/p>\n\n\n\n<p>Die Installation von Gonzo&#039;s Quest auf iOS-Ger\u00e4ten umfasst mehrere Schritte:<\/p>\n\n\n\n<ol class=\"wp-block-list\">\n<li>Der Benutzer l\u00e4dt die Anwendung von einem Spieledienst oder einer Drittanbieterquelle herunter.<\/li>\n\n\n\n<li>Startet die Installationsdatei.<\/li>\n\n\n\n<li>Warten auf die Installation des Programms.<\/li>\n\n\n\n<li>Startet das Spiel, dessen Symbol auf dem Desktop angezeigt wird.<\/li>\n<\/ol>\n\n\n\n<p>Danach muss er nur noch sein Konto aufladen oder die Demoversion des Slots starten.<\/p>\n\n\n\n<p><strong>So installieren Sie Gonzo&#039;s Quest unter Windows<\/strong><\/p>\n\n\n\n<p>Sie k\u00f6nnen die Gonzo&#039;s Quest-Anwendung auch auf einem Computer oder einem anderen Ger\u00e4t mit Windows-Betriebssystem installieren. Dazu m\u00fcssen Sie beim Booten das entsprechende Betriebssystem ausw\u00e4hlen. Anschlie\u00dfend m\u00fcssen Sie nur noch das Programm installieren und ausf\u00fchren. Au\u00dferdem k\u00f6nnen Kunden des Casinos oder NetEnt-Anbieters Gonzo Quest von jedem Browser aus spielen. In diesem Fall m\u00fcssen Sie nichts zus\u00e4tzliches herunterladen.<\/p>\n\n\n\n<p><strong>Der beste Weg, Gonzo Quest zu spielen \u2013 \u00fcber eine Anwendung auf einem Smartphone oder einem Desktop-Computer<\/strong><\/p>\n\n\n\n<p>Die Wahl zwischen den Ger\u00e4ten zum Spielen von Gonzo&#039;s Quest h\u00e4ngt von mehreren Faktoren ab. Der wichtigste Faktor sind die pers\u00f6nlichen Vorlieben des Benutzers. Erw\u00e4hnenswert sind nur einige Vorteile von PCs und Mobilger\u00e4ten. Zu den Vorteilen des Spielens auf Telefonen und Tablets geh\u00f6ren:<\/p>\n\n\n\n<ul class=\"wp-block-list\">\n<li>Mobilit\u00e4t;<\/li>\n\n\n\n<li>Flexibilit\u00e4t;<\/li>\n\n\n\n<li>Benutzerfreundlichkeit.<\/li>\n<\/ul>\n\n\n\n<p>Mit anderen Worten: Vom Telefon aus kann der Benutzer den Slot jederzeit und \u00fcberall starten, solange er Zugang zum Netzwerk hat.<\/p>\n\n\n\n<p>Die Vorteile des Spielens von einem Computer aus sind ein breiter Bildschirm, komfortable Bedingungen und ein schnelles Laden des Video-Slots. Wenn Sie irgendwohin gehen oder gehen m\u00fcssen, k\u00f6nnen Sie den Steckplatz von Ihrem Laptop aus starten.<\/p>\n\n\n\n<p>Beide Optionen zeichnen sich durch ein hervorragendes Gameplay-Grafikniveau aus. Daher wird empfohlen, bei der Auswahl einer Art, Gonzo&#039;s Quest zu spielen, zun\u00e4chst Ihr eigenes Wohlbefinden und Ihre eigenen Gef\u00fchle zu ber\u00fccksichtigen.<\/p>\n\n\n<h2 class=\"wp-block-heading\" id=\"%25d1%2587%25d0%25b0%25d1%2581%25d1%2582%25d0%25be-%25d0%25b7%25d0%25b0%25d0%25b4%25d0%25b0%25d0%25b2%25d0%25b0%25d0%25b5%25d0%25bc%25d1%258b%25d0%25b5-%25d0%25b2%25d0%25be%25d0%25bf%25d1%2580%25d0%25be%25d1%2581%25d1%258b-%25d0%25bf%25d1%2580%25d0%25b8-%25d1%2581%25d0%25ba%25d0%25b0%25d1%2587%25d0%25b8%25d0%25b2%25d0%25b0\">H\u00e4ufig gestellte Fragen beim Herunterladen des Spiels<\/h2>\n\n\n<p><strong>Muss ich das Spiel herunterladen, um es auf dem PC spielen zu k\u00f6nnen?<\/strong><\/p>\n\n\n\n<p>Ja, Sie m\u00fcssen das Spiel herunterladen, um Gonzo&#039;s Quest spielen zu k\u00f6nnen. Sie k\u00f6nnen die Software von der offiziellen Website des NetEnt-Entwicklers oder \u00fcber jede zuverl\u00e4ssige Plattform herunterladen, sofern Sie Zugriff auf eine solche haben. Vor dem Herunterladen empfiehlt es sich, die Version von Windows oder einem anderen Betriebssystem Ihres Mobilger\u00e4ts zu \u00fcberpr\u00fcfen, da nicht jeder den Slot unterst\u00fctzt.<\/p>\n\n\n\n<p><strong>Was ist der Mindestbetrag, um das Spiel zu starten?<\/strong><\/p>\n\n\n\n<p>Der Mindesteinsatz bei Gonzo&#039;s Quest betr\u00e4gt 20 Cent. Einige Casinos \u00e4ndern jedoch den Mindesteinsatz und setzen ihn beispielsweise von $10 pro Wette ab.<\/p>\n\n\n\n<p><strong>Wie werden die Gonzo&#039;s Quest-Gewinne berechnet?<\/strong><\/p>\n\n\n\n<p>Der Gewinnbetrag wird anhand der Symbole ermittelt, die auf der aktiven Linie erscheinen. Je mehr identische Bilder und je seltener die Kombination, desto gr\u00f6\u00dfer ist die Menge. Manchmal k\u00f6nnen die Gewinne erh\u00f6ht werden, wenn zus\u00e4tzliche Multiplikatoren auf dem Bildschirm erscheinen.<\/p>\n\n\n\n<p><strong>Wer ist der Spieleentwickler?<\/strong><\/p>\n\n\n\n<p>Der Gonzo&#039;s Quest-Slot wurde von NetEnt entwickelt. Dies ist einer der f\u00fchrenden Anbieter von Gl\u00fccksspielsoftware f\u00fcr Online-Casinos.<\/p>\n\n\n\n<p><strong>So installieren Sie die Gonzo Quest-App auf Ihrem iPhone oder iPad<\/strong><\/p>\n\n\n\n<p>Der Spielautomat kann auf einem iPhone oder iPad installiert werden. Dazu m\u00fcssen Sie zum AppStrore-Anwendungsdienst gehen, die gew\u00fcnschte Anwendung herunterladen und starten.<\/p>\n\n\n\n<p><strong>Ist es bequem, von einem Telefon aus zu spielen?<\/strong><\/p>\n\n\n\n<p>Der Entwickler hat die Anwendung f\u00fcr mobile Ger\u00e4te optimiert, was das Spielen von Smartphones, Tablets und anderen Ger\u00e4ten mit Android und iOS erm\u00f6glicht. Spieler k\u00f6nnen ihre Lieblingsabenteuer jederzeit genie\u00dfen, solange sie Zugang zum Internet haben. Sie k\u00f6nnen die Software von der offiziellen Website oder dem Spieledienst des Betriebssystems herunterladen: Android oder iOS. Das Spiel ist in zwei Modi verf\u00fcgbar: kostenpflichtig und kostenlos.<\/p>","protected":false},"excerpt":{"rendered":"<p>\u0421\u043a\u0430\u0447\u0430\u0442\u044c Gonzo&#8217;s Quest \u0438 \u0438\u0433\u0440\u0430\u0442\u044c \u043c\u043e\u0436\u043d\u043e \u0432 \u043c\u043e\u0431\u0438\u043b\u044c\u043d\u043e\u043c \u043f\u0440\u0438\u043b\u043e\u0436\u0435\u043d\u0438\u0438, \u0440\u0430\u0437\u0440\u0430\u0431\u043e\u0442\u0430\u043d\u043d\u043e\u043c \u0441\u043f\u0435\u0446\u0438\u0430\u043b\u044c\u043d\u043e \u0434\u043b\u044f \u0443\u0441\u0442\u0440\u043e\u0439\u0441\u0442\u0432 \u0441 \u041e\u0421 Android. \u0414\u043b\u044f \u0437\u0430\u0433\u0440\u0443\u0437\u043a\u0438 \u041f\u041e \u043f\u043e\u0442\u0440\u0435\u0431\u0443\u0435\u0442\u0441\u044f: \u041f\u043e\u0441\u043b\u0435 \u043e\u0441\u0442\u0430\u043d\u0435\u0442\u0441\u044f \u0443\u0441\u0442\u0430\u043d\u043e\u0432\u0438\u0442\u044c \u043f\u0440\u043e\u0433\u0440\u0430\u043c\u043c\u0443. \u041f\u0440\u043e\u0446\u0435\u0434\u0443\u0440\u0430 \u0437\u0430\u0439\u043c\u0435\u0442 \u043d\u0435 \u0431\u043e\u043b\u0435\u0435 \u0434\u0432\u0443\u0445 \u043c\u0438\u043d\u0443\u0442, \u043d\u043e \u043c\u043e\u0436\u0435\u0442 \u0437\u0430\u0442\u044f\u043d\u0443\u0442\u044c\u0441\u044f \u043f\u0440\u0438 \u043f\u043b\u043e\u0445\u043e\u043c \u043a\u0430\u0447\u0435\u0441\u0442\u0432\u0435 \u0441\u043e\u0435\u0434\u0438\u043d\u0435\u043d\u0438\u044f. \u041f\u043e\u0441\u043b\u0435\u0434\u043d\u0438\u0439 \u0448\u0430\u0433, \u043a\u043e\u0442\u043e\u0440\u044b\u0439 \u043d\u0443\u0436\u043d\u043e \u0431\u0443\u0434\u0435\u0442 \u0441\u0434\u0435\u043b\u0430\u0442\u044c \u043f\u043e\u043b\u044c\u0437\u043e\u0432\u0430\u0442\u0435\u043b\u044e, &#8212; \u0437\u0430\u043f\u0443\u0441\u0442\u0438\u0442\u044c \u043f\u0440\u043e\u0433\u0440\u0430\u043c\u043c\u0443 \u0438 \u043d\u0430\u0447\u0430\u0442\u044c \u0438\u0433\u0440\u0443. \u041a\u0430\u043a \u0441\u043a\u0430\u0447\u0430\u0442\u044c Gonzo&#8217;s Quest \u043d\u0430&#8230;<\/p>","protected":false},"author":1,"featured_media":0,"parent":0,"menu_order":0,"comment_status":"closed","ping_status":"closed","template":"","meta":{"_kad_post_transparent":"","_kad_post_title":"","_kad_post_layout":"","_kad_post_sidebar_id":"","_kad_post_content_style":"","_kad_post_vertical_padding":"","_kad_post_feature":"","_kad_post_feature_position":"","_kad_post_header":false,"_kad_post_footer":false,"footnotes":""},"class_list":["post-345","page","type-page","status-publish","hentry"],"aioseo_notices":[],"_links":{"self":[{"href":"https:\/\/gonzo-quest.info\/de\/wp-json\/wp\/v2\/pages\/345","targetHints":{"allow":["GET"]}}],"collection":[{"href":"https:\/\/gonzo-quest.info\/de\/wp-json\/wp\/v2\/pages"}],"about":[{"href":"https:\/\/gonzo-quest.info\/de\/wp-json\/wp\/v2\/types\/page"}],"author":[{"embeddable":true,"href":"https:\/\/gonzo-quest.info\/de\/wp-json\/wp\/v2\/users\/1"}],"replies":[{"embeddable":true,"href":"https:\/\/gonzo-quest.info\/de\/wp-json\/wp\/v2\/comments?post=345"}],"version-history":[{"count":3,"href":"https:\/\/gonzo-quest.info\/de\/wp-json\/wp\/v2\/pages\/345\/revisions"}],"predecessor-version":[{"id":396,"href":"https:\/\/gonzo-quest.info\/de\/wp-json\/wp\/v2\/pages\/345\/revisions\/396"}],"wp:attachment":[{"href":"https:\/\/gonzo-quest.info\/de\/wp-json\/wp\/v2\/media?parent=345"}],"curies":[{"name":"wp","href":"https:\/\/api.w.org\/{rel}","templated":true}]}}