{"id":343,"date":"2023-12-03T19:22:35","date_gmt":"2023-12-03T16:22:35","guid":{"rendered":"https:\/\/gonzo-quest.info\/?page_id=343"},"modified":"2023-12-03T19:34:37","modified_gmt":"2023-12-03T16:34:37","slug":"casino","status":"publish","type":"page","link":"https:\/\/gonzo-quest.info\/de\/casino\/","title":{"rendered":"Wo kann man Gonzo&#039;s Quest spielen?"},"content":{"rendered":"<h2 class=\"wp-block-heading\" id=\"%25d0%25ba%25d0%25b0%25d0%25ba%25d0%25be%25d0%25b5-%25d0%25ba%25d0%25b0%25d0%25b7%25d0%25b8%25d0%25bd%25d0%25be-%25d0%25bf%25d0%25be%25d0%25b4%25d1%2585%25d0%25be%25d0%25b4%25d0%25b8%25d1%2582-%25d0%25b4%25d0%25bb%25d1%258f-%25d0%25b8%25d0%25b3%25d1%2580%25d1%258b-gonzos-quest\">Welches Casino eignet sich zum Spielen von Gonzo\u2019s Quest?<\/h2>\n\n\n<p>Einer der wichtigen Punkte, die Sie durchgehen m\u00fcssen, bevor Sie den Spielautomaten starten <a href=\"\/de\/\" title=\"\">Gonzos Suche<\/a>, \u2013 Finden Sie ein zuverl\u00e4ssiges Online-Casino. Bei der Auswahl einer Plattform empfiehlt es sich, nicht nur Ihren eigenen Geschmack oder Ihre Erwartungen zu ber\u00fccksichtigen, sondern auch Folgendes zu pr\u00fcfen:<\/p>\n\n\n\n<ul class=\"wp-block-list\">\n<li>Verf\u00fcgbarkeit einer Lizenz;<\/li>\n\n\n\n<li>Rezensionen;<\/li>\n\n\n\n<li>Rezensionen;<\/li>\n\n\n\n<li>verf\u00fcgbare Zahlungssysteme;<\/li>\n\n\n\n<li>Beschr\u00e4nkungen f\u00fcr die Auff\u00fcllung und Abhebung von Geldern;<\/li>\n\n\n\n<li>Boni.<\/li>\n<\/ul>\n\n\n\n<p>Besonderes Augenmerk sollte auf die Lizenz gelegt werden. Hierbei handelt es sich um ein spezielles Dokument, das den legalen Betrieb eines Online-Casinos garantiert. Mit anderen Worten bedeutet die Lizenz, dass alle Rechte des registrierten Benutzers gesch\u00fctzt sind und die Website selbst in \u00dcbereinstimmung mit dem Gesetz funktioniert.<\/p>\n\n\n<h2 class=\"wp-block-heading\" id=\"%25d0%25b3%25d0%25b4%25d0%25b5-%25d0%25b8%25d0%25b3%25d1%2580%25d0%25b0%25d1%2582%25d1%258c-%25d0%25b2-gonzos-quest\">Wo kann man Gonzos Quest spielen?<\/h2>\n\n\n<p>Es gibt viele bekannte Orte, an denen es vorkommt <a href=\"\/de\/\" title=\"\">Gonzo&#039;s Quest-Spielautomat<\/a>. Zu den beliebtesten und zuverl\u00e4ssigsten geh\u00f6ren:<\/p>\n\n\n\n<ol class=\"wp-block-list\">\n<li>Aufstecken. Ein Online-Casino mit g\u00fcltiger Lizenz und einem gro\u00dfen Angebot an Spielautomaten. Unter den Vorteilen heben Nutzer au\u00dferdem ein gro\u00dfz\u00fcgiges Bonusprogramm mit einfachen Bedingungen f\u00fcr den Gewinn von Geschenken, bequemer Registrierung und hochwertigem Service hervor.<\/li>\n\n\n\n<li>1gewinn. Ein Casino, das unter einer Lizenz betrieben wird und seinen Benutzern Spielautomaten f\u00fchrender Anbieter anbietet. Einschlie\u00dflich Gonzos Quest von NetEnt. Zu den Vorteilen der offiziellen Website geh\u00f6ren eine einfache und intuitive Benutzeroberfl\u00e4che, eine F\u00fclle von Zahlungssystemen f\u00fcr Geldtransaktionen und schnelle Auszahlungen.<\/li>\n<\/ol>\n\n\n\n<p>Dies sind vielleicht die besten Casinos, die den Gonzo&#039;s Quest-Spielautomaten haben.<\/p>\n\n\n<h2 class=\"wp-block-heading\" id=\"%25d1%2582%25d0%25b0%25d0%25b1%25d0%25bb%25d0%25b8%25d1%2586%25d0%25b0-%25d1%2585%25d0%25b0%25d1%2580%25d0%25b0%25d0%25ba%25d1%2582%25d0%25b5%25d1%2580%25d0%25b8%25d1%2581%25d1%2582%25d0%25b8%25d0%25ba-%25d0%25b8%25d0%25b3%25d1%2580%25d1%258b-gonzos-quest\">Tabelle der Eigenschaften des Spiels Gonzo&#039;s Quest<\/h2>\n\n\n<p>Gonzo&#039;s Quest ist ein Abenteuer-Slot mit hellem Design und einer \u00fcbersichtlichen Benutzeroberfl\u00e4che. Spieleigenschaften:<\/p>\n\n\n\n<ul class=\"wp-block-list\">\n<li>Anbieter \u2013 NetEnt;<\/li>\n\n\n\n<li>Anzahl der Reihen \u2013 3;<\/li>\n\n\n\n<li>M\u00f6glichkeiten \u2013 Freispiele;<\/li>\n\n\n\n<li>Anzahl der aktiven Leitungen \u2013 20;<\/li>\n\n\n\n<li>Thema - Geschichte, Sch\u00e4tze;<\/li>\n\n\n\n<li>RTP \u2013 96%.<\/li>\n<\/ul>\n\n\n\n<p>Der Mindesteinsatz betr\u00e4gt 20 Cent, der maximale Multiplikator liegt bei 2500. Sie k\u00f6nnen den Slot um echtes Geld und v\u00f6llig kostenlos spielen, wenn Sie die Demoversion nutzen.<\/p>\n\n\n<h2 class=\"wp-block-heading\" id=\"%25d0%25ba%25d0%25b0%25d0%25ba-%25d0%25b2%25d1%258b%25d0%25b1%25d1%2580%25d0%25b0%25d1%2582%25d1%258c-%25d0%25bd%25d0%25b0%25d0%25b4%25d0%25b5%25d0%25b6%25d0%25bd%25d0%25be%25d0%25b5-%25d0%25ba%25d0%25b0%25d0%25b7%25d0%25b8%25d0%25bd%25d0%25be-%25d0%25b4%25d0%25bb%25d1%258f-%25d0%25b8%25d0%25b3%25d1%2580%25d1%258b-%25d0%25b2\">So w\u00e4hlen Sie ein zuverl\u00e4ssiges Casino aus, um Gonzo Quest zu spielen<\/h2>\n\n\n<p>Bevor Sie anfangen, Gonzo Quest um echtes Geld zu spielen, sollten Sie ein Casino sorgf\u00e4ltig ausw\u00e4hlen. Um keinen Fehler zu machen, lohnt es sich, mehrere Faktoren zu ber\u00fccksichtigen, darunter, wie bereits erw\u00e4hnt, die Lizenz. Sie ist die Garantin f\u00fcr sicheres und vor allem faires Spiel. Dar\u00fcber hinaus sollten Benutzer Folgendes beachten:<\/p>\n\n\n\n<ol class=\"wp-block-list\">\n<li>Spielbedingungen. Hierzu z\u00e4hlen unter anderem Limits und Bedingungen des Bonusprogramms.<\/li>\n\n\n\n<li>Ruf des Casinos. Sie k\u00f6nnen es aus Bewertungen oder Rezensionen anderer Benutzer erfahren. Informationen gibt es im Internet.<\/li>\n\n\n\n<li>Reichweite. Zuverl\u00e4ssige Casinos verf\u00fcgen \u00fcber Slots von bekannten Anbietern. Dadurch wird sichergestellt, dass die Verwaltung des Gl\u00fccksspielclubs keinen Zugriff auf die Einstellungen der Spielautomaten hat.<\/li>\n<\/ol>\n\n\n\n<p>Am Beispiel von drei beliebten Casinos k\u00f6nnen wir deren Zuverl\u00e4ssigkeit analysieren.<\/p>\n\n\n\n<figure class=\"wp-block-table\"><table><thead><tr><td>Casinoname<\/td><td>Haben Sie eine Lizenz?<\/td><td>Mindesteinzahlungsbetrag: $<\/td><td>Mindestauszahlungsbetrag: $<\/td><td>Boni<\/td><td>Nachschubmethoden<\/td><td>Support-Kontakte<\/td><\/tr><\/thead><tbody><tr><td>Aufstecken<\/td><td>Ja<\/td><td>10<\/td><td>10<\/td><td>Ja<\/td><td>Kredit- und Debitkarten von Banken; Elektronische Geldb\u00f6rsen; Elektronische Zahlungssysteme<\/td><td>Online-Chat, E-Mail, Mobiltelefon<\/td><\/tr><tr><td>1gewinn<\/td><td>Ja<\/td><td>10<\/td><td>10<\/td><td>Ja<\/td><td>Kredit- und Debitkarten von Banken; Elektronische Geldb\u00f6rsen; Elektronische Zahlungssysteme<\/td><td>Online-Chat, E-Mail, Mobiltelefon<\/td><\/tr><tr><td>Vavada<\/td><td>Ja<\/td><td>10<\/td><td>10<\/td><td>Ja<\/td><td>Kredit- und Debitkarten von Banken; Elektronische Geldb\u00f6rsen; Elektronische Zahlungssysteme<\/td><td>Online-Chat, E-Mail, Mobiltelefon<\/td><\/tr><\/tbody><\/table><\/figure>\n\n\n\n<p>Wenn Sie den Empfehlungen folgen und vorab die notwendigen Informationen \u00fcber die Plattform finden, die Ihnen gef\u00e4llt, k\u00f6nnen Sie schnell entscheiden, ob Sie sich registrieren oder nicht.<\/p>\n\n\n<h2 class=\"wp-block-heading\" id=\"%25d0%25b2%25d0%25be%25d0%25bf%25d1%2580%25d0%25be%25d1%2581%25d1%258b-%25d0%25b8-%25d0%25be%25d1%2582%25d0%25b2%25d0%25b5%25d1%2582%25d1%258b-%25d0%25bf%25d1%2580%25d0%25be-%25d0%25ba%25d0%25b0%25d0%25b7%25d0%25b8%25d0%25bd%25d0%25be\">Fragen und Antworten zu Casinos<\/h2>\n\n\n<p><strong>Nach welchen Parametern sollten Sie ein Casino ausw\u00e4hlen?<\/strong><\/p>\n\n\n\n<p>Bei der Suche nach einem Casino, das Gonzo&#039;s Quest anbietet, m\u00fcssen Sie mehrere Faktoren ber\u00fccksichtigen: von der Lizenz \u00fcber das Angebot an Spielautomaten bis hin zu Boni und Wettbedingungen.<\/p>\n\n\n\n<p><strong>Was ist der maximale Multiplikator?<\/strong><\/p>\n\n\n\n<p>Der maximale Multiplikator in Gonzos Quest erreicht 2500.<\/p>\n\n\n\n<p><strong>Was ist \u201eautomatische Sammlung\u201c oder \u201eautomatische Entfernung\u201c?<\/strong><\/p>\n\n\n\n<p>Bei der automatischen Sammlung oder automatischen Auszahlung handelt es sich um eine Funktion, mit der die Gewinne des Benutzers nach einem erfolgreichen Spin automatisch ausgezahlt werden. Der Spieler muss keine weiteren Aktionen ausf\u00fchren.<\/p>\n\n\n\n<p><strong>Warum werden zwei Wetten gleichzeitig abgeschlossen?<\/strong><\/p>\n\n\n\n<p>Zwei Wetten erh\u00f6hen Ihre Gewinnchancen. Spieler greifen h\u00e4ufig auf diese Option zur\u00fcck, wenn sie verschiedene Strategien anwenden.<\/p>\n\n\n\n<p><strong>Ist es m\u00f6glich, Gonzo&#039;s Quest kostenlos zu spielen?<\/strong><\/p>\n\n\n\n<p>Ja, der Spielautomat verf\u00fcgt \u00fcber einen Demomodus, in dem Sie kostenlos spielen k\u00f6nnen. Es ist erw\u00e4hnenswert, dass in allen g\u00e4ngigen Casinos eine Demoversion von Gonzo&#039;s Quest verf\u00fcgbar ist.<\/p>\n\n\n\n<p><strong>Muss ich das Spiel herunterladen, um es auf dem PC spielen zu k\u00f6nnen?<\/strong><\/p>\n\n\n\n<p>Nein, Sie m\u00fcssen das Spiel nicht herunterladen. Sie k\u00f6nnen den Slot von jedem Browser aus starten, indem Sie die offizielle Website des Online-Casinos aufrufen.<\/p>\n\n\n\n<p><strong>Wie gewinne ich den maximalen Gonzo-Quest-Jackpot?<\/strong><\/p>\n\n\n\n<p>Um bei Gonzos Quest den H\u00f6chstbetrag zu gewinnen, muss die aktive Linie bis zu 5 identische Bilder sammeln. In diesem Fall sollte der Einsatz maximal sein.<\/p>\n\n\n\n<p><strong>Was ist der Mindestbetrag, um mit dem Spielen zu beginnen?<\/strong><\/p>\n\n\n\n<p>Der Mindesteinsatz bei Gonzo&#039;s Quest betr\u00e4gt 20 Cent. Der Wert kann jedoch in verschiedenen Casinos variieren.<\/p>\n\n\n\n<p><strong>Wie kann ich ohne Provision Geld abheben?<\/strong><\/p>\n\n\n\n<p>Eine Auszahlung ohne Provision ist \u00fcber dasselbe System m\u00f6glich, das der Spieler zum Auff\u00fcllen des Kontos verwendet hat. Bevor Sie jedoch einen Antrag stellen, sollten Sie sich mit den Casino-Richtlinien vertraut machen.<\/p>\n\n\n\n<p><strong>Wie gewinnt man im Gonzo&#039;s Quest Casino?<\/strong><\/p>\n\n\n\n<p>Der Video-Slot Gonzo&#039;s Quest funktioniert nach dem Prinzip eines Zufallszahlengenerators, sodass Gewinne vom Gl\u00fcck und der vom Benutzer verwendeten Strategie abh\u00e4ngen. Bevor Sie mit dem Spielen um echtes Geld beginnen, empfiehlt es sich, die Demoversion auszuprobieren.<\/p>\n\n\n<h2 class=\"wp-block-heading\" id=\"%25d0%25ba%25d0%25b0%25d0%25ba%25d0%25be%25d0%25b5-%25d0%25ba%25d0%25b0%25d0%25b7%25d0%25b8%25d0%25bd%25d0%25be-%25d0%25bb%25d1%2583%25d1%2587%25d1%2588%25d0%25b5-%25d0%25b2%25d1%2581%25d0%25b5%25d0%25b3%25d0%25be-%25d0%25bf%25d0%25be%25d0%25b4%25d1%2585%25d0%25be%25d0%25b4%25d0%25b8%25d1%2582-%25d0%25b4%25d0%25bb%25d1%258f\">Welches Casino eignet sich am besten zum Spielen von Gonzo&#039;s Quest?<\/h2>\n\n\n<p>Die beliebtesten Casinos zum Spielen von Gonzo&#039;s Quest sind Pin Up, 1 Win und Vavada. Alle Plattformen laufen unter einer offiziellen Lizenz und haben online viele positive Bewertungen.<\/p>\n\n\n\n<p>Pin Up Casino bietet seinen Nutzern eine gro\u00dfe Auswahl an Boni und Spielautomaten, viele davon auch in einer kostenlosen Version. Der Mindesteinzahlungsbetrag betr\u00e4gt 100 Rubel. <\/p>\n\n\n\n<p>1win ist sowohl f\u00fcr Anf\u00e4nger als auch f\u00fcr erfahrene Spieler geeignet. Die offizielle Website enth\u00e4lt \u00fcber 3.500 Spielautomaten und andere Gl\u00fccksspielunterhaltung; die Bedingungen f\u00fcr die Wettboni gelten als eine der loyalsten. Vavada ist ein Casino mit einer umfangreichen Spielesammlung, attraktiven Geschenken und einem Treueprogramm.<\/p>","protected":false},"excerpt":{"rendered":"<p>\u041a\u0430\u043a\u043e\u0435 \u043a\u0430\u0437\u0438\u043d\u043e \u043f\u043e\u0434\u0445\u043e\u0434\u0438\u0442 \u0434\u043b\u044f \u0438\u0433\u0440\u044b Gonzo&#8217;s quest \u041e\u0434\u0438\u043d \u0438\u0437 \u0432\u0430\u0436\u043d\u044b\u0445 \u043f\u0443\u043d\u043a\u0442\u043e\u0432, \u043a\u043e\u0442\u043e\u0440\u044b\u0439 \u043d\u0443\u0436\u043d\u043e \u043f\u0440\u043e\u0439\u0442\u0438 \u043f\u0435\u0440\u0435\u0434 \u0437\u0430\u043f\u0443\u0441\u043a\u043e\u043c \u0438\u0433\u0440\u043e\u0432\u043e\u0433\u043e \u0430\u0432\u0442\u043e\u043c\u0430\u0442\u0430 Gonzo&#8217;s quest, &#8212; \u043d\u0430\u0439\u0442\u0438 \u043d\u0430\u0434\u0435\u0436\u043d\u043e\u0435 \u043e\u043d\u043b\u0430\u0439\u043d-\u043a\u0430\u0437\u0438\u043d\u043e. \u041f\u0440\u0438 \u0432\u044b\u0431\u043e\u0440\u0435 \u043f\u043b\u0430\u0442\u0444\u043e\u0440\u043c\u044b \u0440\u0435\u043a\u043e\u043c\u0435\u043d\u0434\u0443\u0435\u0442\u0441\u044f \u0443\u0447\u0438\u0442\u044b\u0432\u0430\u0442\u044c \u043d\u0435 \u0442\u043e\u043b\u044c\u043a\u043e \u0441\u043e\u0431\u0441\u0442\u0432\u0435\u043d\u043d\u044b\u0435 \u0432\u043a\u0443\u0441\u044b \u0438\u043b\u0438 \u043e\u0436\u0438\u0434\u0430\u043d\u0438\u044f, \u043d\u043e \u0442\u0430\u043a\u0436\u0435 \u043f\u0440\u043e\u0432\u0435\u0440\u0438\u0442\u044c: \u041e\u0441\u043e\u0431\u043e\u0435 \u0432\u043d\u0438\u043c\u0430\u043d\u0438\u0435 \u0441\u0442\u043e\u0438\u0442 \u0443\u0434\u0435\u043b\u0438\u0442\u044c \u043b\u0438\u0446\u0435\u043d\u0437\u0438\u0438. \u042d\u0442\u043e \u0441\u043f\u0435\u0446\u0438\u0430\u043b\u044c\u043d\u044b\u0439 \u0434\u043e\u043a\u0443\u043c\u0435\u043d\u0442, \u043a\u043e\u0442\u043e\u0440\u044b\u0439 \u0433\u0430\u0440\u0430\u043d\u0442\u0438\u0440\u0443\u0435\u0442 \u043b\u0435\u0433\u0430\u043b\u044c\u043d\u0443\u044e \u0434\u0435\u044f\u0442\u0435\u043b\u044c\u043d\u043e\u0441\u0442\u044c \u043e\u043d\u043b\u0430\u0439\u043d-\u043a\u0430\u0437\u0438\u043d\u043e. \u0414\u0440\u0443\u0433\u0438\u043c\u0438 \u0441\u043b\u043e\u0432\u0430\u043c\u0438, \u043b\u0438\u0446\u0435\u043d\u0437\u0438\u044f \u043e\u0437\u043d\u0430\u0447\u0430\u0435\u0442,&#8230;<\/p>","protected":false},"author":1,"featured_media":0,"parent":0,"menu_order":0,"comment_status":"closed","ping_status":"closed","template":"","meta":{"_kad_post_transparent":"","_kad_post_title":"","_kad_post_layout":"","_kad_post_sidebar_id":"","_kad_post_content_style":"","_kad_post_vertical_padding":"","_kad_post_feature":"","_kad_post_feature_position":"","_kad_post_header":false,"_kad_post_footer":false,"footnotes":""},"class_list":["post-343","page","type-page","status-publish","hentry"],"aioseo_notices":[],"_links":{"self":[{"href":"https:\/\/gonzo-quest.info\/de\/wp-json\/wp\/v2\/pages\/343","targetHints":{"allow":["GET"]}}],"collection":[{"href":"https:\/\/gonzo-quest.info\/de\/wp-json\/wp\/v2\/pages"}],"about":[{"href":"https:\/\/gonzo-quest.info\/de\/wp-json\/wp\/v2\/types\/page"}],"author":[{"embeddable":true,"href":"https:\/\/gonzo-quest.info\/de\/wp-json\/wp\/v2\/users\/1"}],"replies":[{"embeddable":true,"href":"https:\/\/gonzo-quest.info\/de\/wp-json\/wp\/v2\/comments?post=343"}],"version-history":[{"count":5,"href":"https:\/\/gonzo-quest.info\/de\/wp-json\/wp\/v2\/pages\/343\/revisions"}],"predecessor-version":[{"id":421,"href":"https:\/\/gonzo-quest.info\/de\/wp-json\/wp\/v2\/pages\/343\/revisions\/421"}],"wp:attachment":[{"href":"https:\/\/gonzo-quest.info\/de\/wp-json\/wp\/v2\/media?parent=343"}],"curies":[{"name":"wp","href":"https:\/\/api.w.org\/{rel}","templated":true}]}}