{"id":338,"date":"2023-12-03T19:34:42","date_gmt":"2023-12-03T16:34:42","guid":{"rendered":"https:\/\/gonzo-quest.info\/?page_id=338"},"modified":"2023-12-03T19:34:42","modified_gmt":"2023-12-03T16:34:42","slug":"demo","status":"publish","type":"page","link":"https:\/\/gonzo-quest.info\/de\/demo\/","title":{"rendered":"Spielen Sie die Gonzo&#039;s Quest-Demo"},"content":{"rendered":"<p>Viele lizenzierte Online-Casinos bieten die M\u00f6glichkeit, Gonzo&#039;s Quest kostenlos als Demo zu spielen. Die Implementierung erfolgt \u00fcber einen Demomodus, der es Ihnen erm\u00f6glicht, ohne Risiko in das Spiel einzutauchen. Der Benutzer muss sich nicht einmal im System registrieren, um die Maschine in Betrieb zu nehmen.<\/p>\n\n\n<div class=\"wp-block-image\">\n<figure class=\"aligncenter size-large is-resized\"><img loading=\"lazy\" decoding=\"async\" width=\"1024\" height=\"581\" src=\"https:\/\/gonzo-quest.info\/wp-content\/uploads\/2023\/12\/gonzo-quest-demo-min-1024x581.jpg\" alt=\"Gonzo&#039;s Quest-Demo\" class=\"wp-image-388\" style=\"width:800px;height:auto\" srcset=\"https:\/\/gonzo-quest.info\/wp-content\/uploads\/2023\/12\/gonzo-quest-demo-min-1024x581.jpg 1024w, https:\/\/gonzo-quest.info\/wp-content\/uploads\/2023\/12\/gonzo-quest-demo-min-300x170.jpg 300w, https:\/\/gonzo-quest.info\/wp-content\/uploads\/2023\/12\/gonzo-quest-demo-min-768x436.jpg 768w, https:\/\/gonzo-quest.info\/wp-content\/uploads\/2023\/12\/gonzo-quest-demo-min-18x10.jpg 18w, https:\/\/gonzo-quest.info\/wp-content\/uploads\/2023\/12\/gonzo-quest-demo-min.jpg 1312w\" sizes=\"auto, (max-width: 1024px) 100vw, 1024px\" \/><\/figure>\n<\/div>\n\n<h2 class=\"wp-block-heading\" id=\"gonzos-quest-%25d0%25b4%25d0%25b5%25d0%25bc%25d0%25be-%25d0%25b8%25d0%25b3%25d1%2580%25d0%25b0\">Gonzo&#039;s Quest Demospiel<\/h2>\n\n\n<p>Es wird empfohlen, die Demoversion von Gonzo Quest nur auf zuverl\u00e4ssigen Websites zu spielen. Daher empfiehlt es sich, im Vorfeld mehrere beliebte Plattformen auszuw\u00e4hlen, Rezensionen und Erfahrungsberichte dazu zu lesen und sich mit den Eigenschaften zu befassen. Nur in diesem Fall k\u00f6nnen Sie das Spiel und den Service genie\u00dfen. Dies gilt insbesondere dann, wenn der Spieler plant, sich anschlie\u00dfend auf der Casino-Website zu registrieren und sein Konto aufzuladen, um um echtes Geld zu spielen.<\/p>\n\n\n\n<p>Nun mehr zum Modus. Die Demoversion von Gonzo Quest ist eine kostenlose Variante des Spielautomaten, mit der Sie:<\/p>\n\n\n\n<ul class=\"wp-block-list\">\n<li>Entdecken Sie die Funktionen des Slots.<\/li>\n\n\n\n<li>Machen Sie sich mit Boni vertraut, ohne eine Einzahlung zu t\u00e4tigen;<\/li>\n\n\n\n<li>Erarbeiten Sie verschiedene Strategien, um Gewinne zu erzielen.<\/li>\n<\/ul>\n\n\n\n<p>Beim Start wird ein Demo-Guthaben aktiviert \u2013 die virtuelle W\u00e4hrung des Casinos oder Entwicklers. Diese L\u00f6sung erleichtert das Kennenlernen des Slots. Die Demoversion eignet sich f\u00fcr diejenigen, die gerade erst begonnen haben, sich mit der Welt der Gl\u00fccksspielunterhaltung vertraut zu machen.<\/p>\n\n\n\n<div class=\"wp-block-aioseo-table-of-contents\"><ul><li><a href=\"#aioseo-gonzos-quest\">So spielen Sie Gonzos Quest-Demo<\/a><\/li><li><a href=\"#aioseo-gonzos-quest\">Ausf\u00fchrliche Rezension der Demoversion von Gonzo&#039;s Quest<\/a><\/li><li><a href=\"#aioseo-\">Funktionstabelle der Gonzo&#039;s Quest-Demo<\/a><\/li><li><a href=\"#aioseo-\">Der Demomodus hilft Ihnen beim \u00dcben w\u00e4hrend des Spielens<\/a><\/li><li><a href=\"#aioseo-gonzos-quest\">So funktioniert das Demospiel in Gonzo&#039;s Quest<\/a><\/li><li><a href=\"#aioseo-gonzos-quest\">So betreten Sie das Gonzo&#039;s Quest-Demospiel<\/a><\/li><li><a href=\"#aioseo-gonzos-quest\">Gonzo&#039;s Quest-Demo online oder offline<\/a><\/li><li><a href=\"#aioseo-faq-gonzos-quest\">FAQ: H\u00e4ufig gestellte Fragen zur Gonzo-Quest-Demo<\/a><\/li><li><a href=\"#aioseo-\">Abschluss<\/a><\/li><\/ul><\/div>\n\n\n<h2 class=\"wp-block-heading\" id=\"aioseo-gonzos-quest\">So spielen Sie Gonzos Quest-Demo<\/h2>\n\n\n<p>Die Demoversion von Gonzo&#039;s Quest bietet die M\u00f6glichkeit, alle M\u00f6glichkeiten des Spielautomaten auszuprobieren und dabei das eigene Gleichgewicht zu wahren. Wenn Sie m\u00f6chten, m\u00fcssen Sie nicht einmal ein Profil registrieren. Sie k\u00f6nnen den Slot von jedem Browser aus starten; Sie m\u00fcssen keine Anwendung herunterladen. Der Spieler macht Wetten mit einem Demo-Guthaben. Es sei gleich darauf hingewiesen, dass eine Auszahlung im Gewinnfall nicht m\u00f6glich ist.<\/p>\n\n\n\n<p>Aber wie spielt man die Gonzo&#039;s Quest-Demo? Der Benutzer ben\u00f6tigt:<\/p>\n\n\n\n<ol class=\"wp-block-list\">\n<li>Demomodus starten.<\/li>\n\n\n\n<li>W\u00e4hlen Sie die Einsatzgr\u00f6\u00dfe.<\/li>\n\n\n\n<li>Klicken Sie auf die Schaltfl\u00e4che, um Drehungen zu starten.<\/li>\n<\/ol>\n\n\n\n<p>Dann m\u00fcssen Sie nur noch zusehen, wie die Steine auf dem Spielfeld hochfliegen und fallen. Das Hauptziel besteht darin, m\u00f6glichst viele identische Symbole auf der aktiven Linie zu sammeln. Dabei kann der Spieler angenehme Boni und andere Spielautomatenoptionen aktivieren.<\/p>\n\n\n<h2 class=\"wp-block-heading\" id=\"aioseo-gonzos-quest\">Ausf\u00fchrliche Rezension der Demoversion von Gonzo&#039;s Quest<\/h2>\n\n\n<p>Die Demoversion von Gonzo Quest ist eine hervorragende Gelegenheit, alle Funktionen des Slots kostenlos zu erkunden und zu testen. Im Demo-Modus \u201eprobiert\u201c der Benutzer die Mechanik rotierender Steine aus und kann Freispiele und verschiedene Multiplikatoren aktivieren, um die Gewinne zu erh\u00f6hen.<\/p>\n\n\n\n<p>Avalanche ist eines der Features des Slots, das sich von Standard-Spins unterscheidet. Die Symbole auf dem Bildschirm fallen von oben nach unten und bilden so Kombinationen. Bei Erfolg verschwinden identische Bilder und an ihre Stelle treten neue Bilder, sodass Sie eine andere Kombination sammeln k\u00f6nnen.<\/p>\n\n\n<h2 class=\"wp-block-heading\" id=\"aioseo-\">Funktionstabelle der Gonzo&#039;s Quest-Demo<\/h2>\n\n\n<figure class=\"wp-block-table\"><table><thead><tr><td><strong>Vorteile der Demoversion<\/strong><\/td><td><strong>Nachteile der Demoversion<\/strong><\/td><\/tr><\/thead><tbody><tr><td>Ein kostenloses Spiel, f\u00fcr das weder eine Auff\u00fcllung Ihres Kontos noch eine Registrierung erforderlich ist<\/td><td>Das Spiel wird mit virtuellem Guthaben gespielt, Gewinne werden nicht ausgezahlt<\/td><\/tr><tr><td>Eine gro\u00dfartige Gelegenheit, alle Funktionen des Spiels auszuprobieren<\/td><td>L\u00e4sst Sie die Aufregung nicht sp\u00fcren, da das Spiel mit Falschgeld gespielt wird<\/td><\/tr><tr><td>Um die Demo zu spielen, m\u00fcssen Sie den Slot nicht herunterladen<\/td><td>Ein kleiner Teil der Funktionen der Demoversion steht noch nicht zur Verf\u00fcgung<\/td><\/tr><tr><td>Der Benutzer hat Zugriff auf ein spezielles Demokonto, das er f\u00fcr Wetten ausgeben kann<\/td><td>Sie k\u00f6nnen nicht an Werbeaktionen teilnehmen, die einen vollst\u00e4ndigen Spielmodus beinhalten.<\/td><\/tr><tr><td>Der Spieler kann eine neue Strategie erlernen und ausprobieren, die Regeln und Mechanismen verstehen, ohne einen Cent auszugeben<\/td><td>In der Demoversion gibt es keinen Chat<\/td><\/tr><\/tbody><\/table><figcaption class=\"wp-element-caption\">Gonzo Quest-Steckplatzfunktionen<\/figcaption><\/figure>\n\n\n\n<p>Die aufgef\u00fchrten Faktoren best\u00e4tigen die Wirksamkeit der Demoversion von Gonzo&#039;s Quest. Mit seiner Hilfe kann der Spieler die Mechanik gr\u00fcndlich studieren, verschiedene Gewinnschemata ausprobieren oder sein eigenes erstellen.<\/p>\n\n\n<h2 class=\"wp-block-heading\" id=\"aioseo-\">Der Demomodus hilft Ihnen beim \u00dcben w\u00e4hrend des Spielens<\/h2>\n\n\n<p>Der kostenlose Demomodus von Gonzo\u2019s Quest wird oft von Einsteigern gestartet, die den Slot besser kennenlernen und gleichzeitig ihr Gleichgewicht bewahren m\u00f6chten. F\u00fcr erfahrene Spieler wird auch die Demoversion von Gonzo Quest n\u00fctzlich sein. Wenn Sie diesen Modus starten, k\u00f6nnen Sie alle Funktionen des Spielautomaten erkunden, insbesondere die Bonusoptionen.<\/p>\n\n\n<h2 class=\"wp-block-heading\" id=\"aioseo-gonzos-quest\">So funktioniert das Demospiel in Gonzo&#039;s Quest<\/h2>\n\n\n<p>Wenn Sie die Demoversion starten, wird Ihr virtuelles Guthaben aktiviert. Der Spieler erh\u00e4lt Credits vom Casino oder Entwickler. Wenn das Spielguthaben aufgebraucht ist, kann der Benutzer den Slot neu starten oder das Konto aufladen, um das echte Spiel zu starten.<\/p>\n\n\n\n<p>Die Besonderheit des Demomodus in Gonzo&#039;s Quest besteht darin, dass er die meisten Optionen eines regul\u00e4ren Slots kopiert. Die einzigen Unterschiede sind die fehlende M\u00f6glichkeit, Bonusguthaben in echtes Geld umzuwandeln, sowie der fehlende Zugang zu Chat und Werbeaktionen. Typischerweise wird der Demomodus f\u00fcr Bildungszwecke verwendet.<\/p>\n\n\n\n<p><strong>Demospiel Gonzo Quest ohne Registrierung<\/strong><\/p>\n\n\n\n<p>Sie k\u00f6nnen den Demomodus auch ohne Registrierung starten \u2013 entweder auf der NetEnt-Website oder auf dem Online-Casino-Portal. Der Benutzer muss lediglich den Spielautomaten starten und den Demo-Spielmodus ausw\u00e4hlen. Es sollte sofort beachtet werden, dass der Spieler beim Starten des Slots nicht verpflichtet ist:<\/p>\n\n\n\n<ul class=\"wp-block-list\">\n<li>Pers\u00f6nliche Daten;<\/li>\n\n\n\n<li>Einzelheiten zu Zahlungssystemen.<\/li>\n<\/ul>\n\n\n\n<p>Der Spielablauf ist absolut sicher und einfach. Wenn Sie nach dem Start des Slots aufgefordert werden, die oben aufgef\u00fchrten Daten einzugeben, ist die Wahrscheinlichkeit hoch, dass der Spieler auf einer Betrugsseite gelandet ist.<\/p>\n\n\n\n<p><strong>Muss ich die Demoversion von Gonzos Quest herunterladen?<\/strong><\/p>\n\n\n\n<p>Sie k\u00f6nnen die Demoversion von Gonzo Quest auf der NetEnt-Plattform oder auf der offiziellen Website eines lizenzierten Casinos starten, wenn der Automat im Katalog enthalten ist. Es ist nicht erforderlich, die Software herunterzuladen. Dieses Ergebnis wurde durch den Einsatz der HTML5-Technologie erreicht. Sie ist daf\u00fcr verantwortlich, unterbrechungsfreies Spielen in jedem Browser zu organisieren, unabh\u00e4ngig vom gew\u00e4hlten Ger\u00e4t: PC, Tablet oder Smartphone.<\/p>\n\n\n\n<p><strong>Ist es m\u00f6glich, den Gonzo Quest-Slot kostenlos zu spielen?<\/strong><\/p>\n\n\n\n<p>Das kostenlose Format zum Spielen des Gonzo Quest-Slots ist sowohl auf der Website des Entwicklers als auch auf Casinoseiten beliebt. Viele Leute starten die Demoversion, um die Einstellungen des Spielautomaten zu verstehen, die Benutzeroberfl\u00e4che auszuprobieren und erst danach das Standardspiel mit Ein- und Auszahlungen zu starten.<\/p>\n\n\n<h2 class=\"wp-block-heading\" id=\"aioseo-gonzos-quest\">So betreten Sie das Gonzo&#039;s Quest-Demospiel<\/h2>\n\n\n<p>Die Demoversion ist ein obligatorischer Schritt f\u00fcr Anf\u00e4nger, die sich erst seit Kurzem mit dem Gl\u00fccksspiel vertraut machen. Wenn Sie diese Phase durchlaufen, werden Sie in der Lage sein, die Spielmechanik zu verstehen und die F\u00e4higkeiten spezieller Symbole einzusch\u00e4tzen. Um die Demoversion auszuf\u00fchren, ben\u00f6tigt der Benutzer:<\/p>\n\n\n\n<ol class=\"wp-block-list\">\n<li>\u00d6ffnen Sie die offizielle Website des Entwicklers.<\/li>\n\n\n\n<li>Gehen Sie zum Abschnitt f\u00fcr Demoversionen ver\u00f6ffentlichter Spiele.<\/li>\n\n\n\n<li>Startplatz.<\/li>\n<\/ol>\n\n\n\n<p>Sie k\u00f6nnen den Demomodus des Slots auch auf der offiziellen Website des Casinos mit einer Lizenz starten.<\/p>\n\n\n<h2 class=\"wp-block-heading\" id=\"aioseo-gonzos-quest\">Gonzo&#039;s Quest-Demo online oder offline<\/h2>\n\n\n<p>Die Demoversion ist ein Online-Spielformat. Dieser Modus kann nicht offline gestartet werden. Aber gelegentlich finden Benutzer Plattformen, die es ihnen erm\u00f6glichen, einen Spielautomaten-Client zu installieren und ein Demospiel auszuf\u00fchren, ohne eine Verbindung zum Netzwerk herzustellen.<\/p>\n\n\n<h2 class=\"wp-block-heading\" id=\"aioseo-faq-gonzos-quest\">FAQ: H\u00e4ufig gestellte Fragen zur Gonzo-Quest-Demo<\/h2>\n\n\n<p><strong>Ist es m\u00f6glich, den Gonzo&#039;s Quest-Slot kostenlos und ohne Geld zu spielen?<\/strong>&nbsp;Ja, daf\u00fcr gibt es einen Demomodus. Der Benutzer muss weder sein Konto aufladen noch sich im System registrieren, um sich an dem Slot zu versuchen.<\/p>\n\n\n\n<p><strong>Wie f\u00e4ngt man am besten an: eine Demoversion eines Gonzo-Quests spielen oder gleich um echtes Geld spielen?<\/strong>&nbsp;F\u00fcr Anf\u00e4nger ist es besser, zuerst die Demoversion des Slots auszuprobieren, um zu verstehen, wie es funktioniert und welche Emotionen das Spiel hervorruft. F\u00fcr erfahrene Benutzer ist der Demomodus eine n\u00fctzliche Gelegenheit, verschiedene Gewinnstrategien auszuprobieren.<\/p>\n\n\n\n<p><strong>Wie kann ich im Demomodus gewonnenes Geld abheben?<\/strong>&nbsp;Es ist nicht m\u00f6glich, Geld abzuheben. In der Demoversion werden Sonderkredite vergeben, die keinerlei Auswirkungen auf das Echtkonto haben. Daher ist es nicht erforderlich, ein Konto im System zu erstellen.<\/p>\n\n\n<h2 class=\"wp-block-heading\" id=\"aioseo-\">Abschluss<\/h2>\n\n\n<p>Die Demoversion von Gonzo&#039;s Quest ist eine unterhaltsame M\u00f6glichkeit, den Spielautomaten auszuprobieren und gleichzeitig Ihr Guthaben zu behalten. Sie k\u00f6nnen online auf der Website des Anbieters oder Casinos spielen oder den Demomodus \u00fcber die mobile Anwendung starten.<\/p>","protected":false},"excerpt":{"rendered":"<p>Viele lizenzierte Online-Casinos bieten die M\u00f6glichkeit, die Demoversion von Gonzo&#039;s Quest kostenlos zu spielen. Dies geschieht \u00fcber einen Demo-Modus, der es Ihnen erm\u00f6glicht, das Spiel risikofrei kennenzulernen. Sie m\u00fcssen sich nicht einmal registrieren, um den Slot zu spielen. Gonzo&#039;s Quest Demo: Es wird empfohlen, die Gonzo&#039;s Quest Demo nur auf seri\u00f6sen Plattformen zu spielen. Daher empfiehlt es sich, einige beliebte Anbieter auszuw\u00e4hlen\u2026<\/p>","protected":false},"author":1,"featured_media":0,"parent":0,"menu_order":0,"comment_status":"closed","ping_status":"closed","template":"","meta":{"_kad_post_transparent":"","_kad_post_title":"","_kad_post_layout":"","_kad_post_sidebar_id":"","_kad_post_content_style":"","_kad_post_vertical_padding":"","_kad_post_feature":"","_kad_post_feature_position":"","_kad_post_header":false,"_kad_post_footer":false,"footnotes":""},"class_list":["post-338","page","type-page","status-publish","hentry"],"aioseo_notices":[],"_links":{"self":[{"href":"https:\/\/gonzo-quest.info\/de\/wp-json\/wp\/v2\/pages\/338","targetHints":{"allow":["GET"]}}],"collection":[{"href":"https:\/\/gonzo-quest.info\/de\/wp-json\/wp\/v2\/pages"}],"about":[{"href":"https:\/\/gonzo-quest.info\/de\/wp-json\/wp\/v2\/types\/page"}],"author":[{"embeddable":true,"href":"https:\/\/gonzo-quest.info\/de\/wp-json\/wp\/v2\/users\/1"}],"replies":[{"embeddable":true,"href":"https:\/\/gonzo-quest.info\/de\/wp-json\/wp\/v2\/comments?post=338"}],"version-history":[{"count":14,"href":"https:\/\/gonzo-quest.info\/de\/wp-json\/wp\/v2\/pages\/338\/revisions"}],"predecessor-version":[{"id":399,"href":"https:\/\/gonzo-quest.info\/de\/wp-json\/wp\/v2\/pages\/338\/revisions\/399"}],"wp:attachment":[{"href":"https:\/\/gonzo-quest.info\/de\/wp-json\/wp\/v2\/media?parent=338"}],"curies":[{"name":"wp","href":"https:\/\/api.w.org\/{rel}","templated":true}]}}